{"id":67375,"date":"2025-09-17T11:08:46","date_gmt":"2025-09-17T09:08:46","guid":{"rendered":"https:\/\/mexpo.eu\/?page_id=67375"},"modified":"2025-10-19T11:19:27","modified_gmt":"2025-10-19T09:19:27","slug":"informacion-sobre-la-perdida-del-deposito-por-el-equipo-probado","status":"publish","type":"page","link":"https:\/\/mexpo.eu\/es\/informacion-sobre-la-perdida-del-deposito-por-el-equipo-probado\/","title":{"rendered":"Informaci\u00f3n sobre la p\u00e9rdida del dep\u00f3sito por el equipo probado"},"content":{"rendered":"<p>\u00a1Estamos muy contentos de que quiera probar nuestro equipo! Esperamos que el sistema cumpla sus expectativas y funcione perfectamente, pero \u2014como en la vida\u2014 hay algunas reglas que conviene seguir para que el dep\u00f3sito regrese felizmente a su cuenta.<\/p>\n<p>Estos son los casos en los que podr\u00edamos no devolver, o devolver solo parcialmente, el dep\u00f3sito:<\/p>\n<ol>\n<li><strong>Da\u00f1os mec\u00e1nicos<\/strong> Si el equipo regresa como si hubiera \u201cluchado contra un tanque\u201d, tenemos un problema. Las abolladuras, grietas, ara\u00f1azos profundos u otros \u201crecuerdos del viaje\u201d pueden significar la p\u00e9rdida del dep\u00f3sito.<\/li>\n<li><strong>Da\u00f1os por l\u00edquidos<\/strong> A nuestro equipo le gusta el agua tanto como a los gatos \u2014 es decir, nada (a menos que se trate de un modelo dise\u00f1ado para uso acu\u00e1tico ;)). Si regresa como despu\u00e9s de un curso intensivo de buceo, el dep\u00f3sito podr\u00eda destinarse a cubrir los \u201ccostes de secado\u201d.<\/li>\n<li><strong>Prolongaci\u00f3n del tiempo de prueba<\/strong> A veces el tiempo pasa volando y el equipo pierde su \u201ctren de regreso\u201d \u2014 lo entendemos. Pero si se retrasa demasiado, podr\u00edamos deducir parte del dep\u00f3sito para cubrir los \u201ccostes vacacionales\u201d adicionales.<\/li>\n<li><strong>Falta de componentes<\/strong> Durante las pruebas, algo puede extraviarse, como un calcet\u00edn en la lavadora. Pero si el conjunto regresa sin transmisores, receptores, micr\u00f3fonos, auriculares reutilizables, auriculares de diadema o la maleta de transporte, podr\u00edamos retener parte del dep\u00f3sito para cubrir el coste de los elementos faltantes.<\/li>\n<li><strong>Embalaje para el env\u00edo<\/strong> Recuerde que nuestra maleta forma parte del conjunto, \u00a1no es el embalaje de env\u00edo! No queremos que regrese con \u201ctatuajes\u201d en forma de etiquetas de mensajer\u00eda. Por favor, emb\u00e1lela en una caja adecuada o envu\u00e9lvala varias veces con pl\u00e1stico de burbujas para que nos llegue en el mismo estado en que se la enviamos, sin pegatinas ni marcas de viaje.<\/li>\n<\/ol>\n","protected":false},"excerpt":{"rendered":"<p>\u00a1Estamos muy contentos de que quiera probar nuestro equipo! Esperamos que el sistema cumpla sus expectativas y funcione perfectamente, pero \u2014como en la vida\u2014 hay algunas reglas que conviene seguir<\/p>\n","protected":false},"author":1,"featured_media":0,"parent":0,"menu_order":0,"comment_status":"closed","ping_status":"closed","template":"","meta":{"_acf_changed":false,"footnotes":""},"class_list":["post-67375","page","type-page","status-publish","hentry"],"acf":[],"_links":{"self":[{"href":"https:\/\/mexpo.eu\/es\/wp-json\/wp\/v2\/pages\/67375","targetHints":{"allow":["GET"]}}],"collection":[{"href":"https:\/\/mexpo.eu\/es\/wp-json\/wp\/v2\/pages"}],"about":[{"href":"https:\/\/mexpo.eu\/es\/wp-json\/wp\/v2\/types\/page"}],"author":[{"embeddable":true,"href":"https:\/\/mexpo.eu\/es\/wp-json\/wp\/v2\/users\/1"}],"replies":[{"embeddable":true,"href":"https:\/\/mexpo.eu\/es\/wp-json\/wp\/v2\/comments?post=67375"}],"version-history":[{"count":1,"href":"https:\/\/mexpo.eu\/es\/wp-json\/wp\/v2\/pages\/67375\/revisions"}],"predecessor-version":[{"id":67376,"href":"https:\/\/mexpo.eu\/es\/wp-json\/wp\/v2\/pages\/67375\/revisions\/67376"}],"wp:attachment":[{"href":"https:\/\/mexpo.eu\/es\/wp-json\/wp\/v2\/media?parent=67375"}],"curies":[{"name":"wp","href":"https:\/\/api.w.org\/{rel}","templated":true}]}}