{"id":67354,"date":"2025-09-16T13:02:49","date_gmt":"2025-09-16T11:02:49","guid":{"rendered":"https:\/\/mexpo.eu\/formulario-de-pedido-de-equipos-de-prueba\/"},"modified":"2025-10-20T19:27:09","modified_gmt":"2025-10-20T17:27:09","slug":"formulario-pruebas","status":"publish","type":"page","link":"https:\/\/mexpo.eu\/es\/formulario-pruebas\/","title":{"rendered":"Formulario de pedido de equipos de prueba"},"content":{"rendered":"<div class=\"wpb-content-wrapper\"><p>[vc_row][vc_column]\n<div class=\"wpcf7 no-js\" id=\"wpcf7-f67344-o1\" lang=\"es-ES\" dir=\"ltr\" data-wpcf7-id=\"67344\">\n<div class=\"screen-reader-response\"><p role=\"status\" aria-live=\"polite\" aria-atomic=\"true\"><\/p> <ul><\/ul><\/div>\n<form action=\"\/es\/wp-json\/wp\/v2\/pages\/67354#wpcf7-f67344-o1\" method=\"post\" class=\"wpcf7-form init\" aria-label=\"Formulario de contacto\" novalidate=\"novalidate\" data-status=\"init\">\n<fieldset class=\"hidden-fields-container\"><input type=\"hidden\" name=\"_wpcf7\" value=\"67344\" \/><input type=\"hidden\" name=\"_wpcf7_version\" value=\"6.1.5\" \/><input type=\"hidden\" name=\"_wpcf7_locale\" value=\"es_ES\" \/><input type=\"hidden\" name=\"_wpcf7_unit_tag\" value=\"wpcf7-f67344-o1\" \/><input type=\"hidden\" name=\"_wpcf7_container_post\" value=\"0\" \/><input type=\"hidden\" name=\"_wpcf7_posted_data_hash\" value=\"\" \/><input type=\"hidden\" name=\"_uacf7_hidden_conditional_fields\" value=\"\" \/>\n<\/fieldset>\n<div class=\"uacf7-form-wrapper-container uacf7-form-67344  \">\t\t<span class=\"wpcf7-form-control-wrap uacf7_submission_id-41\"\n\t\t\tdata-name=\"uacf7_submission_id-41\">\n\n\t\t\t<input hidden id=\"uacf7_uacf7_submission_id-41\" class=\"wpcf7-form-control wpcf7-uacf7_submission_id\" aria-invalid=\"false\" name=\"uacf7_submission_id-41\" size=\"40\" value=\"102\">\n\t\t\t<span><\/span>\n\t\t<\/span>\n\n\t\t\n\n<h5>1. SOLICITANTE (CLIENTE)<\/h5>\n<span class=\"wpcf7-form-control-wrap\" data-name=\"nazwafirmy\"><input size=\"40\" maxlength=\"400\" class=\"wpcf7-form-control wpcf7-text wpcf7-validates-as-required\" aria-required=\"true\" aria-invalid=\"false\" placeholder=\"Nombre de la empresa*\" value=\"\" type=\"text\" name=\"nazwafirmy\" \/><\/span>\n<span class=\"wpcf7-form-control-wrap\" data-name=\"adresfirmy\"><input size=\"40\" maxlength=\"400\" class=\"wpcf7-form-control wpcf7-text wpcf7-validates-as-required\" aria-required=\"true\" aria-invalid=\"false\" placeholder=\"Direcci\u00f3n de la empresa*\" value=\"\" type=\"text\" name=\"adresfirmy\" \/><\/span>\n<span class=\"wpcf7-form-control-wrap\" data-name=\"nip\"><input size=\"40\" maxlength=\"400\" class=\"wpcf7-form-control wpcf7-text wpcf7-validates-as-required\" aria-required=\"true\" aria-invalid=\"false\" placeholder=\"NIF \/ CIF (IVA)\" value=\"\" type=\"text\" name=\"nip\" \/><\/span>\n&nbsp;\n<h5>2. DIRECCI\u00d3N DE ENV\u00cdO Y DATOS DE CONTACTO<\/h5>\n<span class=\"wpcf7-form-control-wrap\" data-name=\"adresdostawy\"><input size=\"40\" maxlength=\"400\" class=\"wpcf7-form-control wpcf7-text\" aria-invalid=\"false\" placeholder=\"Calle y n\u00famero de casa\/apartamento*\" value=\"\" type=\"text\" name=\"adresdostawy\" \/><\/span>\n<span class=\"wpcf7-form-control-wrap\" data-name=\"kodpocztowy\"><input size=\"40\" maxlength=\"400\" class=\"wpcf7-form-control wpcf7-text wpcf7-validates-as-required\" aria-required=\"true\" aria-invalid=\"false\" placeholder=\"C\u00f3digo postal*\" value=\"\" type=\"text\" name=\"kodpocztowy\" \/><\/span>\n<span class=\"wpcf7-form-control-wrap\" data-name=\"miasto\"><input size=\"40\" maxlength=\"400\" class=\"wpcf7-form-control wpcf7-text wpcf7-validates-as-required\" aria-required=\"true\" aria-invalid=\"false\" placeholder=\"Ciudad*\" value=\"\" type=\"text\" name=\"miasto\" \/><\/span>\n<span class=\"wpcf7-form-control-wrap\" data-name=\"osobakontaktowa\"><input size=\"40\" maxlength=\"400\" class=\"wpcf7-form-control wpcf7-text wpcf7-validates-as-required\" aria-required=\"true\" aria-invalid=\"false\" placeholder=\"Persona de contacto (nombre y cargo)\" value=\"\" type=\"text\" name=\"osobakontaktowa\" \/><\/span>\n<span class=\"wpcf7-form-control-wrap\" data-name=\"telefon\"><input size=\"40\" maxlength=\"400\" class=\"wpcf7-form-control wpcf7-tel wpcf7-text wpcf7-validates-as-tel\" aria-invalid=\"false\" placeholder=\"Tel\u00e9fono de la persona de contacto*\" value=\"\" type=\"tel\" name=\"telefon\" \/><\/span>\n<span class=\"wpcf7-form-control-wrap\" data-name=\"email\"><input size=\"40\" maxlength=\"400\" class=\"wpcf7-form-control wpcf7-email wpcf7-validates-as-required wpcf7-text wpcf7-validates-as-email\" aria-required=\"true\" aria-invalid=\"false\" placeholder=\"E-mail de la persona de contacto*\" value=\"\" type=\"email\" name=\"email\" \/><\/span>\n&nbsp;\n<h5>3. FECHA DE ENTREGA PREFERIDA DEL EQUIPO PARA LA PRUEBA<\/h5>\n&nbsp;\nFecha de entrega del equipo preferida (no antes del siguiente d\u00eda h\u00e1bil tras el ingreso de la fianza)\n\n<span class=\"wpcf7-form-control-wrap\" data-name=\"data\"><input class=\"wpcf7-form-control wpcf7-date wpcf7-validates-as-required wpcf7-validates-as-date\" aria-required=\"true\" aria-invalid=\"false\" value=\"\" type=\"date\" name=\"data\" \/><\/span>\n\n<h5>4. MODELO\/MODELOS<\/h5>\n\n\u00bfQu\u00e9 modelo de sistema desea alquilar?*\n<br \/>\n<span class=\"wpcf7-form-control-wrap\" data-name=\"wybor-modelu\"><span class=\"wpcf7-form-control wpcf7-checkbox wpcf7-validates-as-required\"><span class=\"wpcf7-list-item first\"><label><input type=\"checkbox\" name=\"wybor-modelu[]\" value=\"Axiwi AT-320\" \/><span class=\"wpcf7-list-item-label\">Axiwi AT-320<\/span><\/label><\/span><span class=\"wpcf7-list-item\"><label><input type=\"checkbox\" name=\"wybor-modelu[]\" value=\"Axiwi AT-350\" \/><span class=\"wpcf7-list-item-label\">Axiwi AT-350<\/span><\/label><\/span><span class=\"wpcf7-list-item\"><label><input type=\"checkbox\" name=\"wybor-modelu[]\" value=\"Linkx TG-201\" \/><span class=\"wpcf7-list-item-label\">Linkx TG-201<\/span><\/label><\/span><span class=\"wpcf7-list-item\"><label><input type=\"checkbox\" name=\"wybor-modelu[]\" value=\"Maytel Grand Multicom 2.4G\" \/><span class=\"wpcf7-list-item-label\">Maytel Grand Multicom 2.4G<\/span><\/label><\/span><span class=\"wpcf7-list-item\"><label><input type=\"checkbox\" name=\"wybor-modelu[]\" value=\"mGuide Aqua\" \/><span class=\"wpcf7-list-item-label\">mGuide Aqua<\/span><\/label><\/span><span class=\"wpcf7-list-item\"><label><input type=\"checkbox\" name=\"wybor-modelu[]\" value=\"mGuide DLR-01\" \/><span class=\"wpcf7-list-item-label\">mGuide DLR-01<\/span><\/label><\/span><span class=\"wpcf7-list-item\"><label><input type=\"checkbox\" name=\"wybor-modelu[]\" value=\"mGuide DLR-02\" \/><span class=\"wpcf7-list-item-label\">mGuide DLR-02<\/span><\/label><\/span><span class=\"wpcf7-list-item\"><label><input type=\"checkbox\" name=\"wybor-modelu[]\" value=\"mGuide GST\" \/><span class=\"wpcf7-list-item-label\">mGuide GST<\/span><\/label><\/span><span class=\"wpcf7-list-item\"><label><input type=\"checkbox\" name=\"wybor-modelu[]\" value=\"mGuide Pellegrino Easy\" \/><span class=\"wpcf7-list-item-label\">mGuide Pellegrino Easy<\/span><\/label><\/span><span class=\"wpcf7-list-item\"><label><input type=\"checkbox\" name=\"wybor-modelu[]\" value=\"Okayo C200\" \/><span class=\"wpcf7-list-item-label\">Okayo C200<\/span><\/label><\/span><span class=\"wpcf7-list-item\"><label><input type=\"checkbox\" name=\"wybor-modelu[]\" value=\"Okayo CON-9\" \/><span class=\"wpcf7-list-item-label\">Okayo CON-9<\/span><\/label><\/span><span class=\"wpcf7-list-item\"><label><input type=\"checkbox\" name=\"wybor-modelu[]\" value=\"Okayo EarME FIT\" \/><span class=\"wpcf7-list-item-label\">Okayo EarME FIT<\/span><\/label><\/span><span class=\"wpcf7-list-item\"><label><input type=\"checkbox\" name=\"wybor-modelu[]\" value=\"Okayo EarME FIT + Player\" \/><span class=\"wpcf7-list-item-label\">Okayo EarME FIT + Player<\/span><\/label><\/span><span class=\"wpcf7-list-item\"><label><input type=\"checkbox\" name=\"wybor-modelu[]\" value=\"Okayo EarME GO\" \/><span class=\"wpcf7-list-item-label\">Okayo EarME GO<\/span><\/label><\/span><span class=\"wpcf7-list-item\"><label><input type=\"checkbox\" name=\"wybor-modelu[]\" value=\"Okayo EZTour\" \/><span class=\"wpcf7-list-item-label\">Okayo EZTour<\/span><\/label><\/span><span class=\"wpcf7-list-item\"><label><input type=\"checkbox\" name=\"wybor-modelu[]\" value=\"Okayo FreeCom\" \/><span class=\"wpcf7-list-item-label\">Okayo FreeCom<\/span><\/label><\/span><span class=\"wpcf7-list-item\"><label><input type=\"checkbox\" name=\"wybor-modelu[]\" value=\"Okayo OTG-102\" \/><span class=\"wpcf7-list-item-label\">Okayo OTG-102<\/span><\/label><\/span><span class=\"wpcf7-list-item\"><label><input type=\"checkbox\" name=\"wybor-modelu[]\" value=\"Okayo OTG-200\" \/><span class=\"wpcf7-list-item-label\">Okayo OTG-200<\/span><\/label><\/span><span class=\"wpcf7-list-item\"><label><input type=\"checkbox\" name=\"wybor-modelu[]\" value=\"Okayo WaveTalk\" \/><span class=\"wpcf7-list-item-label\">Okayo WaveTalk<\/span><\/label><\/span><span class=\"wpcf7-list-item\"><label><input type=\"checkbox\" name=\"wybor-modelu[]\" value=\"Okayo WT-300D\" \/><span class=\"wpcf7-list-item-label\">Okayo WT-300D<\/span><\/label><\/span><span class=\"wpcf7-list-item last\"><label><input type=\"checkbox\" name=\"wybor-modelu[]\" value=\"Okayo WT-350D\" \/><span class=\"wpcf7-list-item-label\">Okayo WT-350D<\/span><\/label><\/span><\/span><\/span>\n\n<br \/>El contrato entra en vigor en el momento del pago de la fianza y de los gastos de env\u00edo (si procede).<br \/>\nMEXPO enviar\u00e1 al CLIENTE una nota y\/o factura proforma para realizar el pago tras recibir el pedido.\n<br \/><br \/>\n<span><span class=\"wpcf7-form-control-wrap\" data-name=\"zgodanaOW\"><span class=\"wpcf7-form-control wpcf7-acceptance\"><span class=\"wpcf7-list-item\"><input type=\"checkbox\" name=\"zgodanaOW\" value=\"1\" aria-invalid=\"false\" \/><\/span><\/span><\/span> Acepto las <b><a href=\"https:\/\/mexpo.eu\/es\/wp-content\/uploads\/2025\/09\/OWU-testy-2022.pdf\" target=\"_blank\">condiciones generales de alquiler de equipos de Mexpo para pruebas<\/a><\/b><\/span><br \/>\n<span><span class=\"wpcf7-form-control-wrap\" data-name=\"akceptacjacen\"><span class=\"wpcf7-form-control wpcf7-acceptance\"><span class=\"wpcf7-list-item\"><input type=\"checkbox\" name=\"akceptacjacen\" value=\"1\" aria-invalid=\"false\" \/><\/span><\/span><\/span> Conozco los precios unitarios de los equipos que recibir\u00e9 para las pruebas. Conozco el importe de la fianza requerida, los gastos de env\u00edo y el plazo de devoluci\u00f3n del equipo.<\/span><br \/>\n<span><span class=\"wpcf7-form-control-wrap\" data-name=\"kaucja\"><span class=\"wpcf7-form-control wpcf7-acceptance\"><span class=\"wpcf7-list-item\"><input type=\"checkbox\" name=\"kaucja\" value=\"1\" aria-invalid=\"false\" \/><\/span><\/span><\/span> He le\u00eddo la <b><a href=\"https:\/\/mexpo.eu\/es\/informacion-sobre-la-perdida-del-deposito-por-el-equipo-probado\/\" target=\"_blank\" class=\"info-link\">informaci\u00f3n sobre la p\u00e9rdida de la fianza<\/a><\/b> y acepto sus condiciones. <strong style=\"color: red;\">Para marcar esta casilla, primero debe hacer clic en el enlace y leer la informaci\u00f3n all\u00ed contenida.<\/strong><\/span><br \/>\n\n<input class=\"wpcf7-form-control wpcf7-submit has-spinner\" type=\"submit\" value=\"SOLICITAR\" \/><\/div><div class=\"wpcf7-response-output\" aria-hidden=\"true\"><\/div>\n<\/form>\n<\/div>\n[\/vc_column][\/vc_row]<\/p>\n<\/div>","protected":false},"excerpt":{"rendered":"<p>[vc_row][vc_column][\/vc_column][\/vc_row]<\/p>\n","protected":false},"author":1,"featured_media":0,"parent":0,"menu_order":0,"comment_status":"closed","ping_status":"closed","template":"","meta":{"_acf_changed":false,"footnotes":""},"class_list":["post-67354","page","type-page","status-publish","hentry"],"acf":[],"_links":{"self":[{"href":"https:\/\/mexpo.eu\/es\/wp-json\/wp\/v2\/pages\/67354","targetHints":{"allow":["GET"]}}],"collection":[{"href":"https:\/\/mexpo.eu\/es\/wp-json\/wp\/v2\/pages"}],"about":[{"href":"https:\/\/mexpo.eu\/es\/wp-json\/wp\/v2\/types\/page"}],"author":[{"embeddable":true,"href":"https:\/\/mexpo.eu\/es\/wp-json\/wp\/v2\/users\/1"}],"replies":[{"embeddable":true,"href":"https:\/\/mexpo.eu\/es\/wp-json\/wp\/v2\/comments?post=67354"}],"version-history":[{"count":2,"href":"https:\/\/mexpo.eu\/es\/wp-json\/wp\/v2\/pages\/67354\/revisions"}],"predecessor-version":[{"id":67361,"href":"https:\/\/mexpo.eu\/es\/wp-json\/wp\/v2\/pages\/67354\/revisions\/67361"}],"wp:attachment":[{"href":"https:\/\/mexpo.eu\/es\/wp-json\/wp\/v2\/media?parent=67354"}],"curies":[{"name":"wp","href":"https:\/\/api.w.org\/{rel}","templated":true}]}}