{"id":53888,"date":"2025-06-24T12:44:16","date_gmt":"2025-06-24T10:44:16","guid":{"rendered":"https:\/\/mguide.eu\/empresa-polaca\/"},"modified":"2025-06-24T12:44:16","modified_gmt":"2025-06-24T10:44:16","slug":"empresa-polaca","status":"publish","type":"page","link":"https:\/\/mexpo.eu\/es\/empresa-polaca\/","title":{"rendered":"Apuesta por una empresa polaca \u2013 \u00a1una elecci\u00f3n que vale la pena!"},"content":{"rendered":"<div class=\"wpb-content-wrapper\"><p>[vc_row][vc_column][vc_column_text css=&#8221;&#8221;]El mercado global y Internet te ofrecen innumerables opciones para elegir tu proveedor y el producto que buscas, a veces desde el otro lado del mundo. Algunas de esas opciones pueden parecer muy competitivas. Sin embargo, a veces esta competitividad es solo aparente.<\/p>\n<p>En Mexpo creemos en el <strong>valor del negocio local<\/strong> y queremos que te sientas seguro al realizar tu compra con nosotros.<\/p>\n<p><span style=\"font-size: medium;\"<strong>\u00bfPor qu\u00e9 merece la pena elegir una empresa polaca como la nuestra en lugar de plataformas de venta extranjeras?<\/strong><\/span>[\/vc_column_text][\/vc_column][\/vc_row][vc_row equal_height=&#8221;yes&#8221; content_placement=&#8221;middle&#8221; css=&#8221;.vc_custom_1750762887303{margin-top: 50px !important;}&#8221;][vc_column width=&#8221;1\/6&#8243;][vc_single_image image=&#8221;53828&#8243; img_size=&#8221;&#8221; alignment=&#8221;right&#8221; css=&#8221;&#8221;][\/vc_column][vc_column width=&#8221;5\/6&#8243;][vc_custom_heading text=&#8221;Seguridad y confianza en tus compras&#8221; font_container=&#8221;tag:h2|font_size:18|text_align:left&#8221; google_fonts=&#8221;font_family:Open%20Sans%3A300%2C300italic%2Cregular%2Citalic%2C600%2C600italic%2C700%2C700italic%2C800%2C800italic|font_style:700%20bold%20regular%3A700%3Anormal&#8221; css=&#8221;&#8221;][vc_column_text css=&#8221;&#8221;]Somos una empresa polaca registrada que opera de acuerdo con la legislaci\u00f3n polaca. Esto significa que tus <strong>derechos como consumidor est\u00e1n plenamente protegidos<\/strong>, el contacto con nosotros es f\u00e1cil y las condiciones de devoluci\u00f3n y reclamaci\u00f3n son transparentes. No tienes que preocuparte por procedimientos complicados con intermediarios extranjeros.[\/vc_column_text][\/vc_column][\/vc_row][vc_row equal_height=&#8221;yes&#8221; content_placement=&#8221;middle&#8221; css=&#8221;.vc_custom_1750762892369{margin-top: 30px !important;}&#8221;][vc_column width=&#8221;1\/6&#8243;][vc_single_image image=&#8221;53843&#8243; img_size=&#8221;&#8221; alignment=&#8221;right&#8221; css=&#8221;&#8221;][\/vc_column][vc_column width=&#8221;5\/6&#8243;][vc_custom_heading text=&#8221;Almac\u00e9n en Polonia = entrega r\u00e1pida&#8221; font_container=&#8221;tag:h2|font_size:18|text_align:left&#8221; google_fonts=&#8221;font_family:Open%20Sans%3A300%2C300italic%2Cregular%2Citalic%2C600%2C600italic%2C700%2C700italic%2C800%2C800italic|font_style:700%20bold%20regular%3A700%3Anormal&#8221; css=&#8221;&#8221;][vc_column_text css=&#8221;&#8221;]Todos los productos disponibles en nuestra tienda est\u00e1n <strong>almacenados en nuestro almac\u00e9n en Polonia<\/strong>. \u00a1Olv\u00eddate de las largas esperas por env\u00edos desde pa\u00edses lejanos! Los productos que nos compres llegar\u00e1n de forma r\u00e1pida y sin problemas, sin gastos de aduana ocultos ni sorpresas desagradables.[\/vc_column_text][\/vc_column][\/vc_row][vc_row equal_height=&#8221;yes&#8221; content_placement=&#8221;middle&#8221; css=&#8221;.vc_custom_1750762898110{margin-top: 30px !important;}&#8221;][vc_column width=&#8221;1\/6&#8243;][vc_single_image image=&#8221;53837&#8243; img_size=&#8221;&#8221; alignment=&#8221;right&#8221; css=&#8221;&#8221;][\/vc_column][vc_column width=&#8221;5\/6&#8243;][vc_custom_heading text=&#8221;Servicio profesional y asistencia t\u00e9cnica en Polonia&#8221; font_container=&#8221;tag:h2|font_size:18|text_align:left&#8221; google_fonts=&#8221;font_family:Open%20Sans%3A300%2C300italic%2Cregular%2Citalic%2C600%2C600italic%2C700%2C700italic%2C800%2C800italic|font_style:700%20bold%20regular%3A700%3Anormal&#8221; css=&#8221;&#8221;][vc_column_text css=&#8221;&#8221;]Si un producto requiere servicio o tienes alguna pregunta, <strong>nuestro equipo de servicio t\u00e9cnico est\u00e1 in situ en Polonia.<\/strong> Esto garantiza una asistencia r\u00e1pida y eficaz, sin tener que enviar el equipo al extranjero ni enfrentarte a barreras idiom\u00e1ticas o culturales. Puedes hablar con nosotros en polaco o en ingl\u00e9s y tienes la certeza de que tu solicitud ser\u00e1 tratada con prioridad.[\/vc_column_text][\/vc_column][\/vc_row][vc_row equal_height=&#8221;yes&#8221; content_placement=&#8221;middle&#8221; css=&#8221;.vc_custom_1750762904378{margin-top: 30px !important;}&#8221;][vc_column width=&#8221;1\/6&#8243;][vc_single_image image=&#8221;53849&#8243; img_size=&#8221;&#8221; alignment=&#8221;right&#8221; css=&#8221;&#8221;][\/vc_column][vc_column width=&#8221;5\/6&#8243;][vc_custom_heading text=&#8221;Apoya la econom\u00eda polaca&#8221; font_container=&#8221;tag:h2|font_size:18|text_align:left&#8221; google_fonts=&#8221;font_family:Open%20Sans%3A300%2C300italic%2Cregular%2Citalic%2C600%2C600italic%2C700%2C700italic%2C800%2C800italic|font_style:700%20bold%20regular%3A700%3Anormal&#8221; css=&#8221;&#8221;][vc_column_text css=&#8221;&#8221;]Cada compra que realizas con nosotros es un <strong>apoyo al mercado laboral nacional, a proveedores locales y al presupuesto del Estado.<\/strong> Es una contribuci\u00f3n real al desarrollo del esp\u00edritu empresarial y la fortaleza econ\u00f3mica del pa\u00eds.[\/vc_column_text][\/vc_column][\/vc_row][vc_row equal_height=&#8221;yes&#8221; content_placement=&#8221;middle&#8221; css=&#8221;.vc_custom_1750762916650{margin-top: 30px !important;}&#8221;][vc_column width=&#8221;1\/6&#8243;][vc_single_image image=&#8221;53855&#8243; img_size=&#8221;&#8221; alignment=&#8221;right&#8221; css=&#8221;&#8221;][\/vc_column][vc_column width=&#8221;5\/6&#8243;][vc_custom_heading text=&#8221;Responsabilidad y confianza&#8221; font_container=&#8221;tag:h2|font_size:18|text_align:left&#8221; google_fonts=&#8221;font_family:Open%20Sans%3A300%2C300italic%2Cregular%2Citalic%2C600%2C600italic%2C700%2C700italic%2C800%2C800italic|font_style:700%20bold%20regular%3A700%3Anormal&#8221; css=&#8221;&#8221;][vc_column_text css=&#8221;&#8221;]Como empresa polaca, construimos nuestra reputaci\u00f3n en <strong>la confianza y la responsabilidad<\/strong>. Estamos comprometidos con las relaciones a largo plazo con nuestros clientes, por eso llevamos 25 a\u00f1os apostando por la calidad del servicio y de los productos.[\/vc_column_text][\/vc_column][\/vc_row][vc_row css=&#8221;.vc_custom_1750758492750{margin-top: 50px !important;}&#8221;][vc_column][vc_column_text css=&#8221;&#8221;]<span style=\"font-size: medium;\"><strong>Al elegir Mexpo y nuestra marca mGuide, est\u00e1s eligiendo la seguridad, la comodidad y apoyas lo que es polaco. \u00a1Gracias por tu confianza!<\/strong><\/span>[\/vc_column_text][\/vc_column][\/vc_row]<\/p>\n<\/div>","protected":false},"excerpt":{"rendered":"<p>[vc_row][vc_column][vc_column_text css=&#8221;&#8221;]El mercado global y Internet te ofrecen innumerables opciones para elegir tu proveedor y el producto que buscas, a veces desde el otro lado del mundo. Algunas de esas<\/p>\n","protected":false},"author":338,"featured_media":0,"parent":0,"menu_order":0,"comment_status":"closed","ping_status":"closed","template":"","meta":{"_acf_changed":false,"footnotes":""},"class_list":["post-53888","page","type-page","status-publish","hentry"],"acf":[],"_links":{"self":[{"href":"https:\/\/mexpo.eu\/es\/wp-json\/wp\/v2\/pages\/53888","targetHints":{"allow":["GET"]}}],"collection":[{"href":"https:\/\/mexpo.eu\/es\/wp-json\/wp\/v2\/pages"}],"about":[{"href":"https:\/\/mexpo.eu\/es\/wp-json\/wp\/v2\/types\/page"}],"author":[{"embeddable":true,"href":"https:\/\/mexpo.eu\/es\/wp-json\/wp\/v2\/users\/338"}],"replies":[{"embeddable":true,"href":"https:\/\/mexpo.eu\/es\/wp-json\/wp\/v2\/comments?post=53888"}],"version-history":[{"count":0,"href":"https:\/\/mexpo.eu\/es\/wp-json\/wp\/v2\/pages\/53888\/revisions"}],"wp:attachment":[{"href":"https:\/\/mexpo.eu\/es\/wp-json\/wp\/v2\/media?parent=53888"}],"curies":[{"name":"wp","href":"https:\/\/api.w.org\/{rel}","templated":true}]}}