{"id":15515,"date":"2018-08-30T17:01:05","date_gmt":"2018-08-30T17:01:05","guid":{"rendered":"https:\/\/mguide.eu\/?page_id=15515"},"modified":"2025-02-15T10:59:22","modified_gmt":"2025-02-15T10:59:22","slug":"comunicado-sobre-la-implementacion-del-rgpd","status":"publish","type":"page","link":"https:\/\/mexpo.eu\/es\/comunicado-sobre-la-implementacion-del-rgpd\/","title":{"rendered":"Comunicado sobre la implementaci\u00f3n del RGPD"},"content":{"rendered":"<div class=\"wpb-content-wrapper\"><p>[vc_row][vc_column][vc_column_text css=&#8221;&#8221;]Para cumplir con las disposiciones de RGPD, hemos creado los <a href=\"https:\/\/es.mguide.eu\/reglamento\/\">T\u00e9rminos y Condiciones<\/a> y la respectiva <a href=\"https:\/\/es.mguide.eu\/politica-de-privacidad\/\">Pol\u00edtica de Privacidad<\/a>. La Pol\u00edtica de Privacidad ha sido introducida para brindarte la informaci\u00f3n y la comodidad a la hora de navegar por la tienda online mguide.eu. Para proporcionarte la informaci\u00f3n sobre c\u00f3mo procesamos tus datos personales de manera clara y comprensible, hemos dividido la Pol\u00edtica de Privacidad en varias secciones. En cada secci\u00f3n describimos detalladamente qu\u00e9 tipo de tus datos podemos poseer y c\u00f3mo podemos utilizarlos. All\u00ed tambi\u00e9n encontrar\u00e1s la informaci\u00f3n sobre tus derechos, por ejemplo c\u00f3mo puedes acceder a tus datos y solicitar que dejemos de tratarlos.<\/p>\n<p>Antes de que visites la tienda online, te aconsejamos que te familiarices con la siguiente informaci\u00f3n y con los <a href=\"https:\/\/es.mguide.eu\/reglamento\/\">T\u00e9rminos y Condiciones<\/a> y <a href=\"https:\/\/es.mguide.eu\/politica-de-privacidad\/\">Pol\u00edtica de Privacidad<\/a>, donde se describe c\u00f3mo coleccionamos, tratamos y compartimos los datos personales de los usuarios de la tienda online. Al hacer click en &#8220;Estoy de acuerdo&#8221;, confirmas que est\u00e1s de acuerdo con las siguientes disposiciones y que asumes que cuando navegas por la tienda online mguide.eu, en tu dispositivo se guardan cookies. Asimismo, das el consentimiento para que los datos personales que compartes durante la navegaci\u00f3n por la tienda online mguide.eu y los dem\u00e1s par\u00e1metros guardados en las cookies (ej. la direcci\u00f3n IP de nuestros dispositivos) sean tratados para cumplir con la misi\u00f3n educativa y para fines comerciales, y que el Administrador, es decir MExpo sp. z o.o. y sus Terceros de Confianza, agreguen los datos para la perfilaci\u00f3n y fines anal\u00edticos.<\/p>\n<p>Si navegas por la tienda online mguide.eu y no configuras los ajustes de cookies en tu navegador (ej. si no los bloqueas), las cookies se guardar\u00e1n autom\u00e1ticamente en la memoria del dispositivo mediante el cual navegas por nuestro sitio web. Haz click para saber m\u00e1s sobre c\u00f3mo puedes gestionar las cookies y c\u00f3mo bloquearlas si no quieres que tus datos personales almacenados en las cookies sean tratados por nosotros o por nuestros Terceros de Confianza.<\/p>\n<p>Si tienes dudas o preguntas, cont\u00e1ctate con nuestro Delegado de Protecci\u00f3n de Datos.<\/p>\n<p><strong>\u00bfQui\u00e9n es el Administrador de tus datos?<\/strong><\/p>\n<p>El Administrador de tus datos personales es el Vendedor, es decir Mexpo Sp. z o.o., ul. Pu\u0142askiego 8, 81-368 Gda\u0144sk, NIP: 5862383378, REGON: 522801670, KRS: 0000984479. Para el profesional procesamiento, protecci\u00f3n y eficiencia de la Tienda Online mguide.eu, aprovechamos los servicios de nuestros Terceros de Confianza. Todos tus datos son protegidos y almacenados en los servidores de Mserwis, nuestro Tercero de Confianza.<br \/>\nDelegado de Protecci\u00f3n de Datos.<\/p>\n<p>Para garantizar la seguridad de tratamiento de tus datos personales de manera transparente y l\u00edcita, hemos nombrado a un Delegado de Protecci\u00f3n de Datos. Puedes contactarte con el Delegado de Protecci\u00f3n de Datos para consultar todas las cuestiones relacionadas con el tratamiento de los datos personales y el ejercicio de los derechos vinculados al mismo. Si te quieres contactar con \u00e9l, utiliza los siguientes m\u00e9todos:<br \/>\nE-mail: ido@mguide.eu<br \/>\nDirecci\u00f3n postal: Mexpo Sp. z o.o., ul. Pu\u0142askiego 8, 81-368 Gdynia.<\/p>\n<p><strong>\u00bfQu\u00e9 tipo de informaci\u00f3n (datos personales) tratamos?<\/strong><\/p>\n<p>Tratamos los datos que nos dejas al navegar por tienda online mguide.eu, entre ellos los datos guardados en las cookies que son instaladas en las p\u00e1ginas de nuestra tienda online mguide.eu.<\/p>\n<p>Estos datos son, sobre todo, los datos indispensables para que te facilitemos el uso de todas las posibilidades que te brinda la tienda online mguide.eu, incluidos los datos necesarios para la celebraci\u00f3n de un contrato de venta o de prestaci\u00f3n de servicios y para la ejecuci\u00f3n de los pedidos realizados en la tienda online mguide.eu: nombre y apellidos, pa\u00eds de origen, direcci\u00f3n de entrega, datos de facturaci\u00f3n, correo electr\u00f3nico, n\u00famero de tel\u00e9fono, direccion IP. Son datos proporcionados en los formularios y ventanas disponibles en nuestra tienda online al hacer un pedido de compra o contratar un servicio, y tambi\u00e9n los datos proporcionados a trav\u00e9s de cookies durante la navegaci\u00f3n por la tienda online, ej. tu direcci\u00f3n IP, informaci\u00f3n sobre la frecuencia con la que entraste a la tienda online mguide.eu, los datos sobre el tipo de contenidos que te interesaron en la tienda online mguide.eu y sobre cu\u00e1ndo los buscaste.<\/p>\n<p><strong>Fundamentos y objetivos de tratamiento de tus datos personales<\/strong><\/p>\n<p>Para que podamos tratar tus datos personales, necesitamos indicar los fundamentos jur\u00eddicos aplicables. El RGPD prev\u00e9 varios tipos de fundamentos jur\u00eddicos para el tratamiento de datos. Para el uso de la Tienda Online mguide.eu, incluida la celebraci\u00f3n de un acuerdo de ventas y el uso de nuestros servicios, se identifican en general tres tipos de estos fundamentos.<\/p>\n<p>Primero, tratamos tus datos personales para cumplir con los contratos de venta celebrados contigo y brindarte nuestros servicios; por ejemplo, para que puedas aprovechar nuestra oferta y nuestros servicios y para que podamos prest\u00e1rtelos de acuerdo con el contrato celebrado. El fundamento jur\u00eddico para este tipo de tratamiento de datos personales es el art. 6 apdo. 1 letra b) del RGPD, seg\u00fan el cual el tratamiento es necesario para cumplir con un contrato cuya parte contractual es el Cliente\/Destinatario de Servicios, es decir t\u00fa. El tratamiento basado en este fundamento jur\u00eddico est\u00e1 relacionado con el cumplimiento con los acuerdos de venta y de prestaci\u00f3n de servicios que celebras con la tienda online mguide.eu, y con el uso de los contenidos presentados en la tienda online mguide.eu que no requieren algunos de tus datos. Son los datos personales que no llevan a celebraci\u00f3n de un contrato (el hecho de comprar en la tienda online lleva a la celebraci\u00f3n de un contrato especificado en los T\u00e9rminos y Condiciones) sino, por ejemplo, a la tramitaci\u00f3n de las reclamaciones, la adaptaci\u00f3n de los servicios y productos ofrecidos a tus necesidades, el an\u00e1lisis y perfeccionamiento de nuestros productos y la protecci\u00f3n de la posibilidad de celebraci\u00f3n de un contrato con nuestra tienda online y la prestaci\u00f3n de servicios por nuestra parte.<\/p>\n<p>Segundo, tratamos tus datos personales para recopilar y procesar los datos agregados para los fines estad\u00edsticos que nos servir\u00e1n para mejorar la calidad y el contenido que ofrecemos en la tienda online mguide.eu (tambi\u00e9n para realizar el an\u00e1lisis y perfilaci\u00f3n de datos para los fines de investigaci\u00f3n y comercializaci\u00f3n). El fundamento jur\u00eddico para este tipo de tratamiento de datos personales es el art. 6 apdo. 1 letra f) de RGPD, es decir la necesidad de tratarlos para el fin de salvaguardar un inter\u00e9s leg\u00edtimo del Administrador (Vendedor), es decir de nosotros. Este inter\u00e9s leg\u00edtimo consiste en la obligaci\u00f3n de adaptar el contenido de la tienda online a las preferencias de los Clientes\/Destinatarios de Servicios y de optimizar la utilizaci\u00f3n de las p\u00e1ginas web, adem\u00e1s de la necesidad de crear estad\u00edsticas que nos servir\u00e1n para analizar c\u00f3mo t\u00fa y los dem\u00e1s Clientes\/Destinatarios de Servicios naveg\u00e1is por tienda online para que luego podamos, entre otras cosas, preparar los contenidos de tal forma y calidad que satisfagan los intereses y las necesidades de nuestros clientes.<\/p>\n<p>Tercero, tratamos tus datos personales al agregarlos para cumplir con la misi\u00f3n educativa a trav\u00e9s de las formas de comercializaci\u00f3n de los productos y servicios ofrecidos, tanto los nuestros como los de los Tercero de Confianza (el an\u00e1lisis y perfilaci\u00f3n de datos de los usuarios para cumplir con la misi\u00f3n educativa y comercial, entre otros). El fundamento jur\u00eddico para tal tratamiento de datos personales es el art. 6 apdo. 1 letra a) de RGPD, es decir tu consentimiento voluntario y expl\u00edcito para este tipo de tratamiento.<\/p>\n<p><strong>Per\u00edodo de tratamiento de datos<\/strong><\/p>\n<p>Tus datos personales se almacenar\u00e1n a lo largo de la duraci\u00f3n del contrato de venta o de prestaci\u00f3n de servicios y tras su vencimiento para que las partes puedan cumplir con las prestaciones y las obligaciones derivadas del mismo hasta la fecha de prescripci\u00f3n de las posibles acciones de reparaci\u00f3n relacionadas con el contrato, tanto por parte del Vendedor (Administrador de datos), como del Cliente\/Destinatario de Servicios. En cuanto a las liquidaciones tributarias, este per\u00edodo es igual al plazo de prescripci\u00f3n de las liquidaciones tributarias indicado por las regulaciones en vigor (actualmente el plazo de prescripci\u00f3n de las liquidaciones tributarias es de 5 a\u00f1os a partir del fin del ejercicio fiscal durante el cual surgi\u00f3 la necesidad de pagar un impuesto sobre las ventas o servicios prestados).<\/p>\n<p>Los datos tratados por nuestro inter\u00e9s leg\u00edtimo se tratar\u00e1n hasta que nos comuniques tu oposici\u00f3n.<\/p>\n<p>Los datos tratados de conformidad con tu consentimiento se tratar\u00e1n \u00fanicamente hasta que revoques dicho consentimiento o el contrato venza.<\/p>\n<p>Tambi\u00e9n si aprovechas el derecho de ser olvidado, tus datos se eliminar\u00e1n a instancia expresa.<\/p>\n<p><strong>\u00bfQui\u00e9n tiene acceso a tus datos?<\/strong><\/p>\n<p>Nunca vamos a traspasar tus datos a terceros, no vamos a venderlos ni intercambiarlos para ningunos fines, incluidos los comerciales. Tus datos se traspasar\u00e1n \u00fanicamente a nuestros Terceros de Confianza, es decir las empresas externas que subcontratamos, ej. vendedores intermediarios o proveedores de servicios de inform\u00e1tica. Los datos traspasados a las empresas externas (&#8220;Terceros de Confianza&#8221;) se utilizar\u00e1n \u00fanicamente para la ejecuci\u00f3n de un contrato de ventas que celebres con nosotros y para prestarte los servicios contratados o cumplir con el contrato (ej. para recoger los equipos o procesar los pagos). Es importante mencionar que los Terceros de Confianza tratan los datos con arreglo al contrato celebrado con nosotros y \u00fanicamente de acuerdo con nuestras instrucciones, nuestra Pol\u00edtica de Privacidad y los est\u00e1ndares de la seguridad de informaci\u00f3n.<\/p>\n<p>Adem\u00e1s, podemos traspasar tus datos a las entidades autorizadas de acuerdo con las disposiciones vigentes, las oficinas estatales y las entidades facultadas para el tratamiento de datos de acuerdo con las normas legislativas espec\u00edficas, por ejemplo a las autoridades policiales a su petici\u00f3n basada en un fundamento jur\u00eddico aplicable.<\/p>\n<p><strong>\u00bfCu\u00e1les son tus derechos en cuanto a tus datos?<\/strong><\/p>\n<p>Tienes derecho a solicitar el acceso a tus datos, a su rectificaci\u00f3n, supresi\u00f3n (el derecho a ser olvidado), a la limitaci\u00f3n del tratamiento y la transferencia de datos. Tambi\u00e9n puedes oponerte al tratamiento de tus datos y revocar el consentimiento al tratamiento de datos. Asimismo, puedes presentar reclamaci\u00f3n ante una autoridad de control (Presidente de la Agencia de Protecci\u00f3n de Datos Personales), si crees que tratamos tus datos personales de manera incorrecta. En la <a href=\"https:\/\/es.mguide.eu\/politica-de-privacidad\/\">Pol\u00edtica de Privacidad<\/a> describimos c\u00f3mo puedes aprovechar tus derechos.[\/vc_column_text][\/vc_column][\/vc_row]<\/p>\n<\/div>","protected":false},"excerpt":{"rendered":"<p>[vc_row][vc_column][vc_column_text css=&#8221;&#8221;]Para cumplir con las disposiciones de RGPD, hemos creado los T\u00e9rminos y Condiciones y la respectiva Pol\u00edtica de Privacidad. La Pol\u00edtica de Privacidad ha sido introducida para brindarte la<\/p>\n","protected":false},"author":1,"featured_media":0,"parent":0,"menu_order":0,"comment_status":"closed","ping_status":"closed","template":"","meta":{"_acf_changed":false,"footnotes":""},"class_list":["post-15515","page","type-page","status-publish","hentry"],"acf":[],"_links":{"self":[{"href":"https:\/\/mexpo.eu\/es\/wp-json\/wp\/v2\/pages\/15515","targetHints":{"allow":["GET"]}}],"collection":[{"href":"https:\/\/mexpo.eu\/es\/wp-json\/wp\/v2\/pages"}],"about":[{"href":"https:\/\/mexpo.eu\/es\/wp-json\/wp\/v2\/types\/page"}],"author":[{"embeddable":true,"href":"https:\/\/mexpo.eu\/es\/wp-json\/wp\/v2\/users\/1"}],"replies":[{"embeddable":true,"href":"https:\/\/mexpo.eu\/es\/wp-json\/wp\/v2\/comments?post=15515"}],"version-history":[{"count":1,"href":"https:\/\/mexpo.eu\/es\/wp-json\/wp\/v2\/pages\/15515\/revisions"}],"predecessor-version":[{"id":47702,"href":"https:\/\/mexpo.eu\/es\/wp-json\/wp\/v2\/pages\/15515\/revisions\/47702"}],"wp:attachment":[{"href":"https:\/\/mexpo.eu\/es\/wp-json\/wp\/v2\/media?parent=15515"}],"curies":[{"name":"wp","href":"https:\/\/api.w.org\/{rel}","templated":true}]}}