{"id":14862,"date":"2018-08-30T17:00:17","date_gmt":"2018-08-30T17:00:17","guid":{"rendered":"https:\/\/mguide.eu\/?page_id=14862"},"modified":"2025-02-15T10:59:24","modified_gmt":"2025-02-15T10:59:24","slug":"politica-de-cookies","status":"publish","type":"page","link":"https:\/\/mexpo.eu\/es\/politica-de-cookies\/","title":{"rendered":"Pol\u00edtica de cookies"},"content":{"rendered":"<div class=\"wpb-content-wrapper\"><p>[vc_row][vc_column][vc_column_text css=&#8221;&#8221;]<\/p>\n<ol>\n<li style=\"list-style-type: none;\">\n<ol>\n<li>La Pol\u00edtica de Cookies cumple con las disposiciones de la Ley derivadas de los art\u00edculos 173, 174 y 209 de Ley de 16 de julio sobre el Derecho de Telecomunicaciones (Bolet\u00edn Oficial 2017, \u00edtem 1907 con cambios posteriores) y del Reglamento (UE) 2016\/679 del Parlamento Europeo y del Consejo, de 27 de abril de 2016, relativo a la protecci\u00f3n de las personas f\u00edsicas en lo que respecta al tratamiento de los datos personales y a la libre circulaci\u00f3n de estos datos y por el que se deroga la Directiva 95\/46\/CE (Diario Oficial de la UE, L 119, de 4 de mayo de 2016, p.1) (RGPD) y la Ley de 10 de mayo de 2018 sobre la protecci\u00f3n de datos personales , por la que se implementa el RGPD (Bolet\u00edn Oficial 2018, \u00edtem 1000 con cambios posteriores).<\/li>\n<li>Los t\u00e9rminos utilizados en la Pol\u00edtica de Cookies se definen de la siguiente manera:\n<ol>\n<li>Administrador \u2013 Mexpo Sp. z o.o., ul. Pu\u0142askiego 8, 81-368 Gda\u0144sk, NIP: 5862383378, REGON: 522801670, KRS: 0000984479,<\/li>\n<li>Usuario \u2013 cualquier persona (internauta) que visita la p\u00e1gina web (y todas sus p\u00e1ginas auxiliares) bajo la cual funciona la tienda online, incluido el Cliente\/Destinatario de Servicios<\/li>\n<li>Pol\u00edtica de Cookies \u2013 el presente documento<\/li>\n<li>Tienda Online \u2013 sitio web disponible bajo la direcci\u00f3n mguide.eu,<\/li>\n<li>Cookies \u2013 datos inform\u00e1ticos, especialmente los archivos de texto, que se almacenan en el dispositivo final del usuario de la tienda online y que se utilizan para navegar por las p\u00e1ginas de la tienda online; las cookies normalmente almacenan el nombre de la p\u00e1gina web, el tiempo de almacenamiento en el dispositivo final y un n\u00famero \u00fanico<\/li>\n<li>En lo dem\u00e1s, se aplican las definiciones de los t\u00e9rminos incluidas en los T\u00e9rminos y Condiciones y Pol\u00edtica de Privacidad de la tienda online<\/li>\n<\/ol>\n<\/li>\n<li>El Administrador declara que la tienda online no recoge autom\u00e1ticamente ning\u00fan tipo de datos relativos a los usuarios, excepto los datos almacenados en las cookies. En particular, el Administrador declara que la tienda online no utiliza las denominadas &#8220;tracking cookies&#8221;, es decir los archivos que facilitan el espionaje de Usuarios.<\/li>\n<li>El Administrador de la tienda online declara que las cookies se utilizan para los siguientes fines:\n<ol>\n<li>Adaptaci\u00f3n de los contenidos de la tienda online a las preferencias del usuario y la optimizaci\u00f3n de navegaci\u00f3n por los sitios web. Sobre todo, estos archivos ayudan a reconocer el dispositivo del usuario y presentar el contenido del sitio web adapt\u00e1ndolo a las necesidades individuales del mismo.<\/li>\n<li>Mantenimiento de la sesi\u00f3n de usuario (si la ha iniciado) en cada subp\u00e1gina de la tienda online.<\/li>\n<li>Elaboraci\u00f3n de las estad\u00edsticas sobre las que est\u00e1n basados los an\u00e1lisis de las formas de navegaci\u00f3n por la tienda online.<\/li>\n<\/ol>\n<\/li>\n<li>El Administrador declara que en la tienda online se utilizan los siguientes tipos de cookies:\n<ol>\n<li>session cookies &#8211; archivos temporales que se guardan en el dispositivo final del usuario solo hasta el cierre de la sesi\u00f3n o hasta que este salga del sitio web o apague el navegador;<\/li>\n<li>persistent cookies &#8211; archivos que se guardan en el dispositivo final del usuario durante un tiempo especificado en los par\u00e1metros de las cookies o hasta que este los borre;<\/li>\n<li>archivos que facilitan el uso de los servicios disponibles en la tienda online, por ejemplo las cookies de autenticaci\u00f3n, utilizadas para los servicios que requieren dicha autenticaci\u00f3n en la tienda online;<\/li>\n<li>archivos de seguridad, por ejemplo aquellos utilizados para detectar las irregularidades de autenticaci\u00f3n en la tienda online;<\/li>\n<li>archivos que facilitan la recopilaci\u00f3n de datos sobre las formas de navegaci\u00f3n por las p\u00e1ginas de la tienda online;<\/li>\n<li>archivos que facilitan la memorizaci\u00f3n de los ajustes y personalizaciones de interfaz de Usuario, por ejemplo sus preferencias ling\u00fc\u00edsticas;<\/li>\n<li>archivos que facilitan la presentaci\u00f3n de contenidos personalizados a los usuarios;<\/li>\n<\/ol>\n<\/li>\n<li>Las cookies que se guardan en el dispositivo final del usuario pueden ser utilizadas por los Terceros de Confianza que colaboran con el Administrador.<\/li>\n<li>Generalmente, el software para navegar por los sitios web (navegador) disponible en el mercado acepta por defecto el almacenamiento de cookies en los dispositivos finales de los usuarios. Todos los usuarios pueden en cualquier momento determinar las condiciones de uso de cookies en sus dispositivos finales a trav\u00e9s de los ajustes de su navegador.<\/li>\n<li>El usuario puede cambiar por su propia cuenta los ajustes de cookies, por ejemplo, restringir temporalmente o bloquear de manera temporal la posibilidad de guardarlas. La restricci\u00f3n de cookies puede influir en algunas funcionalidades de la tienda online. El administrador advierte que la eliminaci\u00f3n de cookies indispensables para la autenticaci\u00f3n y seguridad puede significar que el uso de la p\u00e1gina mguide.eu se dificulte y, en casos extremos, que no se pueda navegar por el sitio web de mguide.eu.<\/li>\n<li>Los ajustes de cookies en un navegador o dispositivo son importantes desde el punto de vista del consentimiento para el uso de los archivos cookie por el sitio web mguide.eu \u2013 este consentimiento puede darse tambi\u00e9n a trav\u00e9s de los ajustes de navegador o dispositivo. Falta de bloqueo de cookies significa el consentimiento a tratamiento de datos recopilados a trav\u00e9s de cookies por el Administrador o sus Terceros de Confianza.<\/li>\n<li>Si el Usuario no quiere que el Administrador o sus Terceros de Confianza traten los datos recopilados a trav\u00e9s de las cookies, debe cambiar la configuraci\u00f3n de cookies en el navegador del dispositivo final.<\/li>\n<li>La navegaci\u00f3n por la tienda online mguide.eu sin el bloqueo de cookies en el navegador es equivalente al consentimiento al tratamiento de datos personales del Usuario recopilados a trav\u00e9s de las cookies por el Administrador o sus Terceros de Confianza para los fines especificados en el apdo. 4.<\/li>\n<li>Las instrucciones y avisos m\u00e1s detallados sobre las formas de gesti\u00f3n de cookies, tambi\u00e9n sobre el ajuste de la configuraci\u00f3n de cookies, su bloqueo y eliminaci\u00f3n individual se encuentran en la secci\u00f3n de Ayuda del navegador y en las siguientes p\u00e1ginas (hay que hacer click en un enlace correspondiente):\n<ul>\n<li><a href=\"http:\/\/support.microsoft.com\/kb\/196955\" target=\"_blank\" rel=\"noopener noreferrer\">Internet Explorer<\/a><\/li>\n<li><a href=\"https:\/\/support.google.com\/chrome\/answer\/95647?hl=pl\" target=\"_blank\" rel=\"noopener noreferrer\">Chrome<\/a><\/li>\n<li><a href=\"http:\/\/support.apple.com\/kb\/PH5042\" target=\"_blank\" rel=\"noopener noreferrer\">Safari<\/a><\/li>\n<li><a href=\"https:\/\/support.mozilla.org\/pl\/kb\/W%C5%82%C4%85czanie%20i%20wy%C5%82%C4%85czanie%20obs%C5%82ugi%20ciasteczek\" target=\"_blank\" rel=\"noopener noreferrer\">Firefox<\/a><\/li>\n<li><a href=\"http:\/\/help.opera.com\/Windows\/12.10\/pl\/cookies.html\" target=\"_blank\" rel=\"noopener noreferrer\">Opera<\/a><\/li>\n<\/ul>\n<p>Dispositivos m\u00f3viles:<\/p>\n<ul>\n<li><a href=\"https:\/\/support.google.com\/chrome\/answer\/95647?hl=pl\" target=\"_blank\" rel=\"noopener noreferrer\">Android<\/a><\/li>\n<li><a href=\"http:\/\/support.apple.com\/kb\/HT1677?viewlocale=pl_PL\" target=\"_blank\" rel=\"noopener noreferrer\">Safari<\/a><\/li>\n<li><a href=\"http:\/\/www.windowsphone.com\/pl-pl\/how-to\/wp7\/web\/changing-privacy-and-other-browser-settings\" target=\"_blank\" rel=\"noopener noreferrer\">Windows Phone<\/a><\/li>\n<\/ul>\n<\/li>\n<\/ol>\n<\/li>\n<\/ol>\n<p>[\/vc_column_text][\/vc_column][\/vc_row]<\/p>\n<\/div>","protected":false},"excerpt":{"rendered":"<p>[vc_row][vc_column][vc_column_text css=&#8221;&#8221;] La Pol\u00edtica de Cookies cumple con las disposiciones de la Ley derivadas de los art\u00edculos 173, 174 y 209 de Ley de 16 de julio sobre el Derecho<\/p>\n","protected":false},"author":1,"featured_media":0,"parent":0,"menu_order":0,"comment_status":"closed","ping_status":"closed","template":"","meta":{"_acf_changed":false,"footnotes":""},"class_list":["post-14862","page","type-page","status-publish","hentry"],"acf":[],"_links":{"self":[{"href":"https:\/\/mexpo.eu\/es\/wp-json\/wp\/v2\/pages\/14862","targetHints":{"allow":["GET"]}}],"collection":[{"href":"https:\/\/mexpo.eu\/es\/wp-json\/wp\/v2\/pages"}],"about":[{"href":"https:\/\/mexpo.eu\/es\/wp-json\/wp\/v2\/types\/page"}],"author":[{"embeddable":true,"href":"https:\/\/mexpo.eu\/es\/wp-json\/wp\/v2\/users\/1"}],"replies":[{"embeddable":true,"href":"https:\/\/mexpo.eu\/es\/wp-json\/wp\/v2\/comments?post=14862"}],"version-history":[{"count":1,"href":"https:\/\/mexpo.eu\/es\/wp-json\/wp\/v2\/pages\/14862\/revisions"}],"predecessor-version":[{"id":47697,"href":"https:\/\/mexpo.eu\/es\/wp-json\/wp\/v2\/pages\/14862\/revisions\/47697"}],"wp:attachment":[{"href":"https:\/\/mexpo.eu\/es\/wp-json\/wp\/v2\/media?parent=14862"}],"curies":[{"name":"wp","href":"https:\/\/api.w.org\/{rel}","templated":true}]}}