{"id":14032,"date":"2018-08-30T16:58:15","date_gmt":"2018-08-30T16:58:15","guid":{"rendered":"https:\/\/mguide.eu\/?page_id=14032"},"modified":"2025-02-15T10:59:20","modified_gmt":"2025-02-15T10:59:20","slug":"terminos-y-condiciones","status":"publish","type":"page","link":"https:\/\/mexpo.eu\/es\/terminos-y-condiciones\/","title":{"rendered":"T\u00e9rminos y Condiciones"},"content":{"rendered":"<div class=\"wpb-content-wrapper\"><p>[vc_row][vc_column][vc_column_text css=&#8221;&#8221;]<strong>\u00a7 1 Disposiciones iniciales<\/strong><\/p>\n<ol>\n<li>La tienda en l\u00ednea MGUIDE.eu, disponible en la direcci\u00f3n de Internet mguide.eu, es administrada por Mexpo Sp. z o.o., ul. Pu\u0142askiego 8, 81-368 Gdynia. Es una persona f\u00edsica, propietaria de la actividad econ\u00f3mica MEXPO Przemys\u0142aw Diering, inscrita en el Registro Central e Informaci\u00f3n sobre Actividades Econ\u00f3micas en Polonia (CEIDG: Centralna Ewidencja i Informacja o Dzia\u0142alno\u015bci Gospodarczej), gestionada por el ministro competente para la econom\u00eda, n\u00b0 NIF 5862383378, n\u00b0 REGON (Registro Nacional de Entidades Econ\u00f3micas): 522801670, KRS 0000984479.<\/li>\n<li>Los presentes T\u00e9rminos y Condiciones se dirigen tanto a Consumidores como a Emprendedores que usan la Tienda en l\u00ednea y define las reglas de uso de esta, as\u00ed como los principios y el modo de concluir contratos de compra con el Cliente mediante la Tienda en l\u00ednea.<\/li>\n<\/ol>\n<p><strong>\u00a7 2 Definiciones<\/strong><\/p>\n<ol>\n<li>Consumidor: toda persona f\u00edsica que celebra con el Comerciante un contrato de venta en el marco de la venta en la Tienda en l\u00ednea, cuyo objeto no est\u00e9 directamente relacionado con su actividad econ\u00f3mica o profesional.<\/li>\n<li>Cliente comercial: toda persona que representa su propia actividad econ\u00f3mica o una sociedad y realiza una compra para actividades empresariales.<\/li>\n<li>Comerciante\/Proveedor de servicios:<\/li>\n<li>Mexpo Sp. z o.o., inscrita en el Registro Central e Informaci\u00f3n sobre Actividades Econ\u00f3micas en Polonia (CEIDG), gestionada por el ministro competente para la econom\u00eda, n\u00b0 NIF 5862383378, n\u00b0 REGON 522801670, KRS 0000984479.<\/li>\n<li>Proveedor: Mexpo Sp. z o.o., inscrita en el Registro Central e Informaci\u00f3n sobre Actividades Econ\u00f3micas en Polonia (CEIDG), gestionada por el ministro competente para la econom\u00eda, n\u00b0 NIF 5862383378, n\u00b0 REGON 522801670, KRS 0000984479.<\/li>\n<li>Cliente\/Destinatario de servicios: toda entidad que realice compras a trav\u00e9s de la Tienda.<\/li>\n<li>Empresario: toda persona f\u00edsica, una persona jur\u00eddica o una unidad organizativa que no es una persona jur\u00eddica y a la que una ley separada le otorga la capacidad legal, que realiza en su propio nombre una actividad econ\u00f3mica y que utiliza la Tienda.<\/li>\n<li>Tienda: tienda en l\u00ednea dirigida por el Comerciante en el sitio web mguide.eu.<\/li>\n<li>Contrato a distancia: contrato celebrado con el Cliente en el marco de un sistema organizado para concluir contratos a distancia (en el marco de la venta a trav\u00e9s de la Tienda), sin la presencia f\u00edsica simult\u00e1nea de las partes, con el uso exclusivo de uno o m\u00e1s medios de comunicaci\u00f3n a distancia, hasta la conclusi\u00f3n del contrato.<\/li>\n<li>T\u00e9rminos y Condiciones: los presentes T\u00e9rminos y Condiciones de la Tienda.<\/li>\n<li>Pedido: declaraci\u00f3n de voluntad del cliente, enviado mediante el Formulario de pedido, cuyo objetivo es concluir el Contrato de venta del producto o de productos con el Comerciante.<\/li>\n<li>Cuenta: cuenta de Cliente en la Tienda, que contiene datos proporcionados por el Cliente, as\u00ed como Informaciones sobre los Pedidos realizados por \u00e9l en la Tienda.<\/li>\n<li>Formulario de registro: formulario disponible en la Tienda que permite crear una Cuenta.<\/li>\n<li>Formulario de pedido: formulario interactivo disponible en la Tienda, que permite realizar un pedido, agregando Productos al Carro y especificando t\u00e9rminos del Contrato de venta, incluido el m\u00e9todo de entrega y de pago.<\/li>\n<li>Carro de compra: un elemento del software de la Tienda en el que se muestran los productos seleccionados por el Cliente para la compra y que permite establecer y modificar los datos del Pedido, en particular la cantidad de productos.<\/li>\n<li>Producto: producto\/servicio disponible en la Tienda, objeto del Contrato de Venta\/declaraci\u00f3n de prestaci\u00f3n de servicios, concluido entre el Cliente\/destinatario de servicios y el Comerciante.<\/li>\n<li>Contrato de Venta: Contrato de venta del producto, celebrado entre el Cliente y el Comerciante a trav\u00e9s de la Tienda en l\u00ednea. Por el contrato de venta se entiende tambi\u00e9n, dependiendo de las caracter\u00edsticas del Producto, un contrato de prestaci\u00f3n de servicios o un contrato por obra.<\/li>\n<\/ol>\n<p><strong>\u00a7 3 Contacto con la Tienda<\/strong><\/p>\n<ol>\n<li>Direcci\u00f3n del Comerciante: ul. Pu\u0142askiego 8, 81-368 Gdynia, Polonia<\/li>\n<li>Direcci\u00f3n del Proveedor: ul. Pu\u0142askiego 8, 81-368 Gdynia, Polonia<\/li>\n<li>Direcci\u00f3n del correo electr\u00f3nico del Comerciante: mguide@mguide.eu<\/li>\n<li>N\u00famero de tel\u00e9fono del Comerciante: 0048 58 550 10 25<\/li>\n<li>N\u00famero IBAN de la cuenta bancaria del Comerciante (EUR): PL34109010980000000151307323; SWIFT: WBKPPLPP.<\/li>\n<li>El Cliente puede comunicarse con el Comerciante utilizando las direcciones y los n\u00fameros de tel\u00e9fono que se proporcionan en este p\u00e1rrafo.<\/li>\n<li>El Comerciante responde al Cliente de lunes a viernes, de 9.00 a 17.00, GMT+1<\/li>\n<\/ol>\n<p><strong>\u00a7 4 Requisitos t\u00e9cnicos<\/strong><\/p>\n<p>Para utilizar la Tienda, incluyendo la navegaci\u00f3n en la oferta de la tienda y la realizaci\u00f3n de pedidos, necesitar\u00e1:<\/p>\n<ul>\n<li>Un dispositivo con acceso a Internet y un navegador como Chrome, Edge, Mozilla, Opera, Safari<\/li>\n<li>Una cuenta de correo electr\u00f3nico activa (e-mail)<\/li>\n<li>Cookies habilitadas<\/li>\n<li>Programa FlashPlayer instalado<\/li>\n<\/ul>\n<p><strong>\u00a7 5 Informaciones generales<\/strong><\/p>\n<ol>\n<li>El Comerciante, en la medida en que lo permita la ley, no se hace responsable de las interrupciones en el funcionamiento de la Tienda debido a fuerza mayor, actividades ilegales de terceros o la incompatibilidad de la Tienda en l\u00ednea con la infraestructura t\u00e9cnica del Cliente.<\/li>\n<li>La navegaci\u00f3n por la oferta de la tienda no requiere la creaci\u00f3n de una cuenta. La realizaci\u00f3n de pedidos por parte del Cliente, seleccionando entre los productos ofrecidos en la Tienda, es posible despu\u00e9s de crear una Cuenta, de acuerdo con las disposiciones del \u00a7 6 de los T\u00e9rminos y Condiciones o despu\u00e9s de proporcionar los datos personales y de direcci\u00f3n necesarios para completar el Pedido sin crear una Cuenta.<\/li>\n<li>Los precios indicados en la Tienda son en EUR y son precios netos.<\/li>\n<li>En el caso de los Consumidores que no disponen del n\u00famero IVA intercomunitario, se agregar\u00e1 un 23% de IVA a los precios de los productos en el Carro.<\/li>\n<li>En el caso de los Clientes comerciales que tienen el n\u00famero IVA EU y lo proporcionan durante el registro\/la realizaci\u00f3n del pedido, se agregar\u00e1 el tipo IVA igual a 0% (el IVA no se agregar\u00e1 al valor de los productos presentes en el carro).<\/li>\n<li>El precio final por pagar por el Cliente consiste en el precio por el Producto y en los gastos de entrega (incluidos los cargos de transporte, entrega y servicios postales), sobre los que se informa el Cliente en las p\u00e1ginas de la Tienda durante la realizaci\u00f3n del Pedido y en el momento de expresar la voluntad de concluir el Contrato de venta.<\/li>\n<li>En el caso de un Contrato que incluye una suscripci\u00f3n o prestaci\u00f3n de servicios por un per\u00edodo indefinido, el precio final es el precio total que incluye todos los pagos vigentes durante el per\u00edodo de referencia.<\/li>\n<li>Si la naturaleza del objeto del Contrato no permite, a juzgar de manera razonable, el c\u00e1lculo anticipado del precio final, entonces en la descripci\u00f3n del producto se proporciona la informaci\u00f3n sobre la forma en que se calcula el precio, as\u00ed como los cargos por transporte, entrega, servicios postales y otros costos vigentes en la Tienda.<\/li>\n<\/ol>\n<p><strong>\u00a7 6 Creaci\u00f3n de una Cuenta en la Tienda<\/strong><\/p>\n<ol>\n<li>Para crear una Cuenta en la Tienda, debe completar el Formulario de registro.<\/li>\n<li>Crear una cuenta en la tienda es gratis.<\/li>\n<li>El inicio de sesi\u00f3n en la cuenta se realiza ingresando el nombre de usuario y la contrase\u00f1a establecidos en el Formulario de registro.<\/li>\n<li>El Cliente puede, en cualquier momento, sin dar ninguna raz\u00f3n y sin incurrir en ning\u00fan cargo, eliminar la Cuenta mediante el env\u00edo de una solicitud adecuada al Comerciante por correo electr\u00f3nico o por correo tradicional a las direcciones proporcionadas en el \u00a7 3.<\/li>\n<\/ol>\n<p><strong>\u00a7 7 Pasos para realizar un Pedido<\/strong><\/p>\n<p>Para realizar un pedido debe:<\/p>\n<ol>\n<li>Iniciar sesi\u00f3n en la tienda (opcional).<\/li>\n<li>Seleccionar el producto que desea comprar y hacer clic en el bot\u00f3n \u00abal carro\u00bb (o equivalente).<\/li>\n<li>Iniciar sesi\u00f3n o utilizar la opci\u00f3n que permite realizar un pedido sin registro.<\/li>\n<li>Realizar un pedido sin registro: completar el Formulario de pedido ingresando los detalles del destinatario del Pedido, as\u00ed como la direcci\u00f3n a la que se realizar\u00e1 la entrega del Producto. Luego, elegir el tipo de entrega (m\u00e9todo de entrega del Producto) e ingresar los datos para la factura, si son diferentes del destinatario del Pedido.<\/li>\n<li>Hacer clic en \u00abTramitar el pedido y pagar\u00bb y confirmar el pedido haciendo clic en el enlace enviado en el correo electr\u00f3nico.<\/li>\n<li>Elegir uno de los medios de pago disponibles y, seg\u00fan el medio de pago elegido, pagar por el Pedido dentro de un per\u00edodo espec\u00edfico, sujeto al \u00a7 8 punto 3.<\/li>\n<\/ol>\n<p><strong>\u00a7 8 M\u00e9todos de entrega y formas pagos<\/strong><\/p>\n<ol>\n<li>El Cliente puede elegir los siguientes m\u00e9todos de entrega o recogida del Producto:<br \/>\n1. Env\u00edo por servicios de mensajer\u00eda<br \/>\n2. Recogida en persona en la siguiente direcci\u00f3n: Pu\u0142askiego 8, Gdynia, Polonia. Esta opci\u00f3n es disponible solo despu\u00e9s de la cita previa (v\u00e9ase \u00a79 punto 7) y pago previo por transferencia bancaria o mediante pago electr\u00f3nico.<\/li>\n<li>El Cliente puede elegir las siguientes formas de pago:<br \/>\n1. Pago por transferencia bancaria a la cuenta del Comerciante.<br \/>\n2. Pago electr\u00f3nico<\/li>\n<li>Puede encontrar informaci\u00f3n detallada sobre los m\u00e9todos de entrega y las formas de pago en el sitio web de la Tienda.<\/li>\n<\/ol>\n<p><strong>\u00a7 9 Realizaci\u00f3n del Contrato de Venta<\/strong><\/p>\n<ol>\n<li>La celebraci\u00f3n del Contrato de venta entre el Cliente y el Comerciante se realiza despu\u00e9s de que el Cliente haya realizado un Pedido mediante el Formulario de pedido en la Tienda en l\u00ednea, de acuerdo con el \u00a7 7 de los T\u00e9rminos y Condiciones.<\/li>\n<li>Despu\u00e9s de realizar el Pedido, el Comerciante confirma inmediatamente su recibo y al mismo tiempo acepta el Pedido para su ejecuci\u00f3n, enviando un correo electr\u00f3nico al Cliente, a la direcci\u00f3n de correo electr\u00f3nico proporcionada al momento de realizar el pedido. El correo electr\u00f3nico debe contener al menos la informaci\u00f3n acerca de la recepci\u00f3n del pedido por parte del Comerciante, su aceptaci\u00f3n para la realizaci\u00f3n y confirmaci\u00f3n del Contrato de venta.<\/li>\n<li>El Cliente est\u00e1 obligado a realizar el pago dentro de los 7 d\u00edas naturales a partir de la fecha del Contrato de venta; de lo contrario el pedido ser\u00e1 cancelado.<\/li>\n<li>Si el Cliente ha elegido un m\u00e9todo de entrega diferente de la recogida, el Producto se enviar\u00e1 dentro del plazo especificado en su descripci\u00f3n (a reserva de lo dispuesto en el apartado 5 del presente p\u00e1rrafo), por el m\u00e9todo elegido por el Cliente al realizar el Pedido.<br \/>\n1. En el caso de pedidos de Productos con diferentes plazos de entrega, el plazo de entrega es la m\u00e1s largo.<br \/>\n2. En el caso de pedidos de Productos con diferentes plazos de entrega, el Cliente tiene la opci\u00f3n de solicitar la entrega de Productos por partes o todos los Productos despu\u00e9s de completar el pedido.<br \/>\n3. El plazo de entrega del Producto se calcula a partir del d\u00eda de abono del pago en la cuenta bancaria del Comerciante.<\/li>\n<li>Si el Cliente selecciona la recogida en persona del Producto, el Comerciante le informar\u00e1 en cuanto el producto est\u00e9 disponible para su recogida mediante un correo electr\u00f3nico a la direcci\u00f3n de correo electr\u00f3nico del Cliente proporcionada durante el pedido.<\/li>\n<li>En el caso de pedidos de Productos con diferentes fechas de disponibilidad para la recogida, la fecha de disponibilidad para la recogida es la fecha m\u00e1s larga. En el caso de pedidos de Productos con diferentes fechas de disponibilidad para la recogida, el Cliente tiene la opci\u00f3n de recoger los Productos por partes (de acuerdo con su disponibilidad) o todos los Productos despu\u00e9s de completar el pedido.<br \/>\n1. El plazo para la fecha de disponibilidad del Producto para su recogida se calcula a partir del d\u00eda de abono del pago en la cuenta bancaria del Comerciante.<\/li>\n<li>La entrega del producto se realiza dentro de la Uni\u00f3n Europea. Las entregas fuera de la UE requieren un acuerdo previo entre el Cliente y el Comerciante y solo son posibles en los pa\u00edses de Europa. El posible env\u00edo fuera de la UE siempre implica un gasto de env\u00edo m\u00e1s alto.<\/li>\n<li>La entrega del producto es sujeta a pago, a menos que el Contrato de venta establezca lo contrario. Los gastos de entrega del Producto (incluidos el transporte, la entrega y las tarifas postales) se indican al Cliente en las p\u00e1ginas de la Tienda en l\u00ednea, en la pesta\u00f1a &#8220;Gastos de entrega&#8221;, durante la realizaci\u00f3n del Pedido y en el momento de expresar la voluntad de firmar el Contrato de venta.<\/li>\n<li>La recogida del producto por el Cliente en la sede del Comerciante es gratuita.<\/li>\n<\/ol>\n<p><strong>\u00a7 10 Derecho de desistimiento<\/strong><\/p>\n<ol>\n<li>El plazo para ejercer el derecho de desistimiento por el Consumidor es de 14 d\u00edas sin necesidad de justificar su decisi\u00f3n.<\/li>\n<li>El plazo indicado en el apartado 1 inicia el d\u00eda de la recepci\u00f3n del Producto por el Consumidor u a otra persona indicada por este, distinta del transportista.<\/li>\n<li>En el caso del Contrato que incluye varios Productos entregados por separado, por partes o por lotes, el plazo indicado en el apartado 1 inicia el d\u00eda la recepci\u00f3n del \u00faltimo producto, parte o lote.<\/li>\n<li>En el caso del Contrato que consiste en la entrega regular de Productos por un per\u00edodo espec\u00edfico (suscripci\u00f3n), el plazo indicado en el apartado 1 inicia el d\u00eda de la recepci\u00f3n del primer producto.<\/li>\n<li>El Consumidor puede ejercer su derecho de desistimiento enviando al Comerciante una notificaci\u00f3n de desistimiento. Para respetar el plazo de desistimiento, bastar\u00e1 con enviar a tiempo la notificaci\u00f3n de desistimiento antes de que el plazo expire.<\/li>\n<li>La notificaci\u00f3n puede enviarse por correo tradicional o por correo electr\u00f3nico a la direcci\u00f3n de correo electr\u00f3nico del Comerciante: los detalles de contacto del Comerciante se especifican en el \u00a7 3.<\/li>\n<li>Si el Consumidor env\u00eda la notificaci\u00f3n de desistimiento por correo electr\u00f3nico, el Comerciante enviar\u00e1 inmediatamente al Consumidor la confirmaci\u00f3n del recibo de esta a la direcci\u00f3n de correo electr\u00f3nico indicada por el Consumidor.<\/li>\n<li>Efectos del ejercicio del derecho de desistimiento:<br \/>\n1. En caso de desistimiento del Contrato celebrado a distancia, el Contrato no se considera v\u00e1lido.<br \/>\n2. En el caso de desistimiento, el Comerciante reembolsar\u00e1 todo pago recibido del Consumidor sin demora, antes que hayan transcurrido 14 d\u00edas desde la fecha de recepci\u00f3n de la notificaci\u00f3n de desistimiento, incluidos los costes de entrega de los productos, con la excepci\u00f3n de los costos adicionales resultantes del m\u00e9todo elegido por el Consumidor, diferente del m\u00e9todo de entrega habitual m\u00e1s barato ofrecido por el Comerciante.<br \/>\n3. El Comerciante reembolsar\u00e1 los pagos recibidos del consumidor utilizando las mismas formas de pago que us\u00f3 este en la transacci\u00f3n original, a menos que el Consumidor haya aceptado expresamente otra soluci\u00f3n que no se asocie con ning\u00fan costo.<br \/>\n4. El Comerciante puede retener el reembolso del pago hasta que se devuelva el Producto.<br \/>\n5. El Consumidor debe devolver el Producto a la direcci\u00f3n del Proveedor que figura en los presentes T\u00e9rminos y Condiciones sin demora, a m\u00e1s tardar 14 d\u00edas a partir de la notificaci\u00f3n del desistimiento del Contrato. El plazo se respetar\u00e1 si el consumidor devuelve el producto dentro de los 14 d\u00edas.<br \/>\n6. El Consumidor asume los gastos directos de devoluci\u00f3n del Producto, incluidos los gastos de la devoluci\u00f3n si este, debido a su naturaleza, no pudo devolverse por env\u00edo regular, ofrecido por correo tradicional.<br \/>\n7. El Consumidor solo es responsable de una disminuci\u00f3n en el valor del Producto resultante a una manipulaci\u00f3n distinta de la necesaria para comprobar la naturaleza, las caracter\u00edsticas y el funcionamiento del Producto.<\/li>\n<li>Si, debido a la naturaleza del Producto, este no puede enviarse en modo regular por correo, la informaci\u00f3n acerca de esta condici\u00f3n especial, as\u00ed como acerca del costo de devoluci\u00f3n del Producto, se incluir\u00e1n en la descripci\u00f3n del Producto en la Tienda.<\/li>\n<li>En los contratos a distancia, el derecho de desistimiento no se aplicar\u00e1 a:<br \/>\n1. productos no prefabricados, fabricados de acuerdo con las especificaciones del consumidor o que sirven para satisfacer sus necesidades individuales<br \/>\n2. productos entregados en un paquete sellado, que despu\u00e9s de abrir el embalaje no pueden devolverse por razones de seguridad o de higiene y si dicho embalaje ha sido abierto despu\u00e9s de la entrega<br \/>\n3. productos que puedan deteriorarse con rapidez o con una vida \u00fatil corta<br \/>\n4. prestaci\u00f3n de servicios si Comerciante ha realizado el servicio en su totalidad con el consentimiento expreso del Consumidor. En este caso, el Consumidor ha sido informado antes del inicio de la prestaci\u00f3n de servicios que perder\u00eda el derecho de desistimiento despu\u00e9s del cumplimiento de dichos servicios por el Comerciante.<br \/>\n5. precios indicados en el contrato que dependen de las fluctuaciones en el mercado financiero sobre el que el Comerciante no tiene control y que pueden ocurrir antes de la fecha l\u00edmite para el desistimiento<br \/>\n6. productos que, despu\u00e9s de su entrega y debido a su naturaleza, est\u00e1n inseparablemente conectadas con otros<br \/>\n7. grabaciones sonoras, visuales o software, entregados en un embalaje sellado y si el embalaje ha sido abierto despu\u00e9s de la entrega<br \/>\n8. suministro de prensa diaria, publicaciones peri\u00f3dicas y revistas, con la excepci\u00f3n de un acuerdo de suscripci\u00f3n<br \/>\n9. suministro de contenido digital que no est\u00e1 grabado en un medio tangible y si el suministro del contenido digital comenz\u00f3 con el consentimiento expreso del Consumidor antes de la fecha l\u00edmite para el desistimiento y despu\u00e9s de haber sido informado por el Comerciante sobre la p\u00e9rdida de su derecho de desistimiento.<\/li>\n<\/ol>\n<p><strong>\u00a7 11 Reclamaciones y garant\u00eda<\/strong><\/p>\n<ol>\n<li>El contrato de venta incluye productos nuevos.<\/li>\n<li>El Comerciante est\u00e1 obligado a entregar al Cliente un producto libre de defectos.<\/li>\n<li>En el caso de un defecto en el Producto comprado, el Cliente tiene el derecho a presentar reclamaciones.<\/li>\n<li>Las reclamaciones deben enviarse por escrito, por correo tradicional o por correo electr\u00f3nico, a las direcciones del Comerciante proporcionadas en los T\u00e9rminos y Condiciones.<\/li>\n<li>Se recomienda incluir una breve descripci\u00f3n del defecto, de las circunstancias (incluida la fecha) de su aparici\u00f3n, los datos del Cliente que presenta la reclamaci\u00f3n, as\u00ed como la solicitud del Cliente en relaci\u00f3n con el producto defectuoso.<\/li>\n<li>El Comerciante responder\u00e1 a la reclamaci\u00f3n sin demora, a m\u00e1s tardar dentro de los 14 d\u00edas. Si no responde a la reclamaci\u00f3n dentro de este per\u00edodo, se considera que la solicitud del Cliente es justificada.<\/li>\n<li>Las mercanc\u00edas enviadas como parte del procedimiento de reclamaci\u00f3n deben enviarse a la direcci\u00f3n indicada en el \u00a7 3 de los presentes T\u00e9rminos y Condiciones.<\/li>\n<li>Si el Producto cuenta con una garant\u00eda, todas las informaciones relacionadas se encuentran en la descripci\u00f3n del producto en la Tienda.<\/li>\n<\/ol>\n<p><strong>\u00a7 12 Procedimientos extrajudiciales de reclamaci\u00f3n y recurso<\/strong><\/p>\n<p>El Cliente tiene la posibilidad de utilizar procedimientos extrajudiciales de reclamaci\u00f3n y recurso de acuerdo con los procedimientos de resoluci\u00f3n de litigios en l\u00ednea desarrollados por la Comisi\u00f3n Europea y disponibles en el sitio web: https:\/\/webgate.ec.europa.eu\/odr\/main\/?event=main.home.show<\/p>\n<p><strong>\u00a7 13 Datos personales en la Tienda en l\u00ednea<\/strong><\/p>\n<ol>\n<li>El responsable del tratamiento de los datos personales de los Clientes, recogidos mediante la Tienda en l\u00ednea es el Comerciante.<\/li>\n<li>Los datos personales de los Clientes, recogidos por el responsable del tratamiento en la Tienda en l\u00ednea, se recogen con el fin de realizar el Contrato de venta y de prestar servicios ofrecidos por la Tienda en l\u00ednea y, si el Cliente est\u00e1 de acuerdo, tambi\u00e9n con fines de marketing.<\/li>\n<li>Los destinatarios de los datos personales de los Clientes de la tienda en l\u00ednea pueden ser:<br \/>\n1. En caso del Cliente que elige la entrega por correo tradicional o por empresa de mensajer\u00eda, el responsable proporciona los datos personales del Cliente al transportista seleccionado o al intermediario que realiza el env\u00edo del paquete a solicitud de este.<br \/>\n2. En caso del Cliente que elige el medio de pago electr\u00f3nico o el pago por tarjeta bancaria, el Responsable proporciona los datos personales del Cliente a la entidad seleccionada que realiza los pagos electr\u00f3nicos en la Tienda en l\u00ednea.<\/li>\n<li>El cliente tiene derecho a acceder a sus datos y a corregirlos.<\/li>\n<li>El suministro de datos personales es voluntario. Sin embargo, si el Cliente no proporciona los datos personales necesarios para celebrar el Contrato, indicados en los T\u00e9rminos y Condiciones, el Contrato no puede concluirse.<\/li>\n<li>La <a href=\"https:\/\/es.mguide.eu\/politica-de-privacidad\/\">Pol\u00edtica de Privacidad<\/a>, en forma de anejo n\u00b01, es una parte integral de los presentes T\u00e9rminos y Condiciones.<\/li>\n<\/ol>\n<p><strong>\u00a7 14 Disposiciones finales<\/strong><\/p>\n<ol>\n<li>Los contratos celebrados a trav\u00e9s de la Tienda en l\u00ednea se concluyen en el idioma apropiado para la versi\u00f3n de idioma seleccionada por el Cliente.<\/li>\n<li>El Comerciante se reserva el derecho de realizar cambios en los T\u00e9rminos y Condiciones por razones importantes como, por ejemplo, cambios de la legislaci\u00f3n vigente, cambios en los m\u00e9todos de pago y entrega, en la medida en que estos cambios afecten la implementaci\u00f3n de las disposiciones de los T\u00e9rminos y Condiciones. El Comerciante informar\u00e1 al Cliente sobre cada cambio con un plazo de anticipaci\u00f3n de al menos 7 d\u00edas.<\/li>\n<\/ol>\n<p>Anejo:<\/p>\n<ol>\n<li><a href=\"https:\/\/mguide.eu\/es\/politica-de-privacidad\/\">Pol\u00edtica de privacidad<\/a><\/li>\n<li><a href=\"https:\/\/mguide.eu\/es\/wp-content\/uploads\/\/2019\/07\/notificacion-de-desistimiento-de-contrato-de-compraventa.docx\">Notificaci\u00f3n de desistimiento de contrato<\/a><\/li>\n<\/ol>\n<p>Actualizaci\u00f3n: 22.07.2024[\/vc_column_text][\/vc_column][\/vc_row]<\/p>\n<\/div>","protected":false},"excerpt":{"rendered":"<p>[vc_row][vc_column][vc_column_text css=&#8221;&#8221;]\u00a7 1 Disposiciones iniciales La tienda en l\u00ednea MGUIDE.eu, disponible en la direcci\u00f3n de Internet mguide.eu, es administrada por Mexpo Sp. z o.o., ul. Pu\u0142askiego 8, 81-368 Gdynia. Es<\/p>\n","protected":false},"author":1,"featured_media":0,"parent":0,"menu_order":0,"comment_status":"closed","ping_status":"closed","template":"","meta":{"_acf_changed":false,"footnotes":""},"class_list":["post-14032","page","type-page","status-publish","hentry"],"acf":[],"_links":{"self":[{"href":"https:\/\/mexpo.eu\/es\/wp-json\/wp\/v2\/pages\/14032","targetHints":{"allow":["GET"]}}],"collection":[{"href":"https:\/\/mexpo.eu\/es\/wp-json\/wp\/v2\/pages"}],"about":[{"href":"https:\/\/mexpo.eu\/es\/wp-json\/wp\/v2\/types\/page"}],"author":[{"embeddable":true,"href":"https:\/\/mexpo.eu\/es\/wp-json\/wp\/v2\/users\/1"}],"replies":[{"embeddable":true,"href":"https:\/\/mexpo.eu\/es\/wp-json\/wp\/v2\/comments?post=14032"}],"version-history":[{"count":1,"href":"https:\/\/mexpo.eu\/es\/wp-json\/wp\/v2\/pages\/14032\/revisions"}],"predecessor-version":[{"id":47685,"href":"https:\/\/mexpo.eu\/es\/wp-json\/wp\/v2\/pages\/14032\/revisions\/47685"}],"wp:attachment":[{"href":"https:\/\/mexpo.eu\/es\/wp-json\/wp\/v2\/media?parent=14032"}],"curies":[{"name":"wp","href":"https:\/\/api.w.org\/{rel}","templated":true}]}}