{"id":63167,"date":"2025-02-17T13:17:06","date_gmt":"2025-02-17T12:17:06","guid":{"rendered":"https:\/\/mexpo.pl?post_type=product&#038;p=63167"},"modified":"2025-02-17T14:52:44","modified_gmt":"2025-02-17T14:52:44","slug":"axiwi-at-350-wireless-full-duplex-intercom-for-sport-business-industry","status":"publish","type":"product","link":"https:\/\/mexpo.eu\/en\/produkt\/axiwi-at-350-wireless-full-duplex-intercom-for-sport-business-industry\/","title":{"rendered":"Axiwi AT-350 \u2013 wireless full-duplex intercom for sport, business, industry"},"content":{"rendered":"<div class=\"wpb-content-wrapper\"><p>[vc_row][vc_column][vc_video link=&#8221;https:\/\/www.youtube.com\/watch?v=noPTV-e9ddU&amp;t=1s&amp;ab_channel=AXIWI&#8221;][vc_column_text css=&#8221;&#8221;]<strong>The order lead time is 7 \u2013 10 business days.<\/strong><\/p>\n<p>The AXIWI AT-350 intercom is a wireless bidirectional full-duplex (conference) communications system.<\/p>\n<p>AXIWI bidirectional communications systems are included in the <a href=\"https:\/\/www.fifa.com\/en\/technical\/football-technology\/standards\/video-assistant-referee\/var-iaap-technology\">FIFA <\/a><a href=\"https:\/\/www.fifa.com\/en\/technical\/football-technology\/standards\/video-assistant-referee\/var-iaap-technology\">(F\u00e9d\u00e9ration Internationale de Football Association<\/a>) <a href=\"https:\/\/www.fifa.com\/en\/technical\/football-technology\/standards\/video-assistant-referee\/var-iaap-technology\">list of systems for referee communication<\/a> AXIWI offers professional systems for sports referees, which are used by football and referee organisations all over the world (<a href=\"https:\/\/www.axiwi.com\/references-axiwi-wireless-communication-system\/\">and by other users as well<\/a>).<\/p>\n<p><strong>Usage:<\/strong><br \/>\n&#8211; communication between assistant referees, the referee and the VAR during football matches<br \/>\n&#8211; referee communication in other sports<br \/>\n&#8211; communication in sports \u2013 between the coach and the players<br \/>\n&#8211; communication on a film set \u2013 free exchange of information between the cameraman, director, producer on the set<br \/>\n&#8211; communication in a production team on a production line or in a warehouse, at a sorting facility or another industrial environment<br \/>\n&#8211; communication during workplace training or in the field<br \/>\n&#8211; communication at a restaurant, between the kitchen and the waitstaff<br \/>\n&#8211; communication during organisation of events, concerts, lectures.<\/p>\n<p><strong>Properties of the Axiwi AT-350 wireless intercom:<\/strong><br \/>\n&#8211; free full-duplex communication (like over the phone, but with better quality)<br \/>\n&#8211; small dimensions and weight<br \/>\n&#8211; great range<br \/>\n&#8211; watertightness<br \/>\n&#8211; simplicity of handling<br \/>\n&#8211; very broad accessory range<\/p>\n<p><strong>Technical specifications:<\/strong><br \/>\n&#8211; six persons simultaneously per channel in full duplex, the remainder on listen-in standby up to 250 users per channel<br \/>\n&#8211; ease of rotation between full duplex and listening in<br \/>\n&#8211; frequency range 863-865 MHz (no licence needed in Europe)<br \/>\n&#8211; GFSK digital modulation<br \/>\n&#8211; eight channels (eight groups may work independently without interference in the same area), range 300 m line-of-sight<br \/>\n&#8211; dimensions: 78 x 38 x 19 mm<br \/>\n&#8211; weight: 70 g (w\/ battery)<br \/>\n&#8211; 3.5 mm TRRA speaker and microphone jack<br \/>\n&#8211; work time \u2013 10 h, charging time \u2013 3-4 h<br \/>\n&#8211; IP54 class[\/vc_column_text][vc_video link=&#8221;https:\/\/www.youtube.com\/watch?v=VaWrcxCCj4s&#8221;][\/vc_column][\/vc_row]<\/p>\n<\/div>","protected":false},"excerpt":{"rendered":"<p>Axiwi AT-350 to ultralekki, miniaturowy interkom bezprzewodowy wykorzystywany przez s\u0119dzi\u00f3w sportowych i profesjonalne zespo\u0142y w komunikacji na dystans.<\/p>\n","protected":false},"featured_media":49177,"template":"","meta":{"_acf_changed":false},"product_brand":[],"product_cat":[5112,5266],"product_tag":[],"class_list":{"0":"post-63167","1":"product","2":"type-product","3":"status-publish","4":"has-post-thumbnail","6":"product_cat-intercom-systems","7":"product_cat-wireless-intercoms","9":"first","10":"instock","11":"taxable","12":"shipping-taxable","13":"purchasable","14":"product-type-simple"},"acf":[],"_links":{"self":[{"href":"https:\/\/mexpo.eu\/en\/wp-json\/wp\/v2\/product\/63167","targetHints":{"allow":["GET"]}}],"collection":[{"href":"https:\/\/mexpo.eu\/en\/wp-json\/wp\/v2\/product"}],"about":[{"href":"https:\/\/mexpo.eu\/en\/wp-json\/wp\/v2\/types\/product"}],"wp:featuredmedia":[{"embeddable":true,"href":"https:\/\/mexpo.eu\/en\/wp-json\/wp\/v2\/media\/49177"}],"wp:attachment":[{"href":"https:\/\/mexpo.eu\/en\/wp-json\/wp\/v2\/media?parent=63167"}],"wp:term":[{"taxonomy":"product_brand","embeddable":true,"href":"https:\/\/mexpo.eu\/en\/wp-json\/wp\/v2\/product_brand?post=63167"},{"taxonomy":"product_cat","embeddable":true,"href":"https:\/\/mexpo.eu\/en\/wp-json\/wp\/v2\/product_cat?post=63167"},{"taxonomy":"product_tag","embeddable":true,"href":"https:\/\/mexpo.eu\/en\/wp-json\/wp\/v2\/product_tag?post=63167"}],"curies":[{"name":"wp","href":"https:\/\/api.w.org\/{rel}","templated":true}]}}