{"id":62902,"date":"2025-02-17T13:28:02","date_gmt":"2025-02-17T13:28:02","guid":{"rendered":"https:\/\/mexpo.pl?post_type=product&#038;p=62902"},"modified":"2025-04-07T07:34:47","modified_gmt":"2025-04-07T07:34:47","slug":"mguide-aqua-t-transmitter-for-a-trainer-swimming-teacher","status":"publish","type":"product","link":"https:\/\/mexpo.eu\/en\/produkt\/mguide-aqua-t-transmitter-for-a-trainer-swimming-teacher\/","title":{"rendered":"mGuide AQUA T \u2013 transmitter for a trainer, swimming teacher"},"content":{"rendered":"<div class=\"wpb-content-wrapper\"><p><strong>[vc_row][vc_column][vc_column_text]Nadajnik mGuide AQUA T s\u0142u\u017cy do komunikacji z 1 lub wieloma odbiornikami mGuide AQUA R (do kupienia osobno lub w zestawie 1+1).<\/strong><\/p>\n<p>System mGuide AQUA posiada 9 kana\u0142\u00f3w, co oznacza \u017ce nawet <strong>do 9 trener\u00f3w jednocze\u015bnie mo\u017ce prowadzi\u0107 zaj\u0119cia na 1 basenie lub 1 trener mo\u017ce na zmian\u0119 udziela\u0107 wskaz\u00f3wek 9 zawodnikom na osobnych kana\u0142ach.<\/strong> Alternatywnie instruktor mo\u017ce prowadzi\u0107 ca\u0142\u0105 1 grup\u0119 na 1 kanale. Zar\u00f3wno nadajnik jak i odbiornik s\u0105 wodoodporne i dlatego \u015bwietnie nadaj\u0105 si\u0119 do wsparcia treningu wszelkich sport\u00f3w wodnych takich jak p\u0142ywanie, p\u0142ywanie artystyczne, wind surfing, kite, aqua fitness i aerobik wodny.<\/p>\n<p>Obs\u0142uga nadajnika jest wyj\u0105tkowo prosta &#8211; w\u0142\u0105czanie i wy\u0142\u0105czanie przyciskiem zasilania (po \u015brodku) poprzez d\u0142u\u017csze przytrzymanie. Kana\u0142 zmienimy przyciskami CH+ i CH-, natomiast g\u0142o\u015bno\u015b\u0107 (czu\u0142o\u015b\u0107 mikrofonu) przyciskiem &#8211; i + po lewej i prawej stronie od przycisku zasilania.<\/p>\n<p>W komplecie z nadajnikiem znajdziemy <strong>mikrofon zaklapowy<\/strong> (opcjonalny, sam nadajnik posiada tak\u017ce wbudowany mikrofon), <strong>2 anteny<\/strong> (1 zapasowa), <strong>bia\u0142y kabel do \u0142adowania i wtyczk\u0119 USB<\/strong> (czas \u0142adowania ok. 6h, czas pracy 10h), <strong>uchwyt na r\u0119k\u0119 oraz nasadk\u0119 na nadajnik z zaczepem na pasek<\/strong>.[\/vc_column_text][vc_btn title=&#8221;Kliknij tutaj i zobacz jak mGuide AQUA radzi sobie w praktyce &#8211; w szkole nauki p\u0142ywania Ku\u017ania P\u0142ywania!&#8221; shape=&#8221;square&#8221; color=&#8221;info&#8221; align=&#8221;center&#8221; i_icon_fontawesome=&#8221;fas fa-swimmer&#8221; button_block=&#8221;true&#8221; add_icon=&#8221;true&#8221; link=&#8221;url:http%3A%2F%2Fwww.kuzniaplywania.pl%2Fplywamy-ze-sprzetem-mguide-aqua%2F|&#8221;][\/vc_column][\/vc_row]<\/p>\n<p>&nbsp;<\/p>\n<\/div>","protected":false},"excerpt":{"rendered":"<p>The mGuide AQUA is a unidirectional system for communication between a trainer and player or student in water sports such as swimming, windsurfing, SUP or kite surfing. The AQUA unit will contribute to better effectiveness and less stress of training \u2013 not only in swimming schools, but also in the training of triathletes and watersports professionals. The equipment is completely water-resistant.<\/p>\n","protected":false},"featured_media":50793,"template":"","meta":{"_acf_changed":false},"product_brand":[],"product_cat":[5430],"product_tag":[],"class_list":{"0":"post-62902","1":"product","2":"type-product","3":"status-publish","4":"has-post-thumbnail","6":"product_cat-intercoms-for-water-sports","8":"first","9":"instock","10":"taxable","11":"shipping-taxable","12":"purchasable","13":"product-type-simple"},"acf":[],"_links":{"self":[{"href":"https:\/\/mexpo.eu\/en\/wp-json\/wp\/v2\/product\/62902","targetHints":{"allow":["GET"]}}],"collection":[{"href":"https:\/\/mexpo.eu\/en\/wp-json\/wp\/v2\/product"}],"about":[{"href":"https:\/\/mexpo.eu\/en\/wp-json\/wp\/v2\/types\/product"}],"wp:featuredmedia":[{"embeddable":true,"href":"https:\/\/mexpo.eu\/en\/wp-json\/wp\/v2\/media\/50793"}],"wp:attachment":[{"href":"https:\/\/mexpo.eu\/en\/wp-json\/wp\/v2\/media?parent=62902"}],"wp:term":[{"taxonomy":"product_brand","embeddable":true,"href":"https:\/\/mexpo.eu\/en\/wp-json\/wp\/v2\/product_brand?post=62902"},{"taxonomy":"product_cat","embeddable":true,"href":"https:\/\/mexpo.eu\/en\/wp-json\/wp\/v2\/product_cat?post=62902"},{"taxonomy":"product_tag","embeddable":true,"href":"https:\/\/mexpo.eu\/en\/wp-json\/wp\/v2\/product_tag?post=62902"}],"curies":[{"name":"wp","href":"https:\/\/api.w.org\/{rel}","templated":true}]}}