{"id":69315,"date":"2026-05-15T11:36:06","date_gmt":"2026-05-15T09:36:06","guid":{"rendered":"https:\/\/mexpo.eu\/?post_type=product&#038;p=69315"},"modified":"2026-05-15T11:36:06","modified_gmt":"2026-05-15T09:36:06","slug":"akku-fur-grand-multicom-grand-multicom-pro-gerate","status":"publish","type":"product","link":"https:\/\/mexpo.eu\/de\/produkt\/akku-fur-grand-multicom-grand-multicom-pro-gerate\/","title":{"rendered":"Akku f\u00fcr Grand Multicom\/Grand Multicom PRO Ger\u00e4te"},"content":{"rendered":"<p>Dieses Produkt wird auf Bestellung gefertigt. Um den n\u00e4chstm\u00f6glichen Liefertermin zu vereinbaren und die Details der Fertigung zu besprechen, kontaktieren Sie bitte unseren Kundenservice.<\/p>\n<p>Dieser Originalakku ist f\u00fcr die Modelle Grand Multicom und Grand Multicom PRO konzipiert. Seine Kapazit\u00e4t von 2000 mAh erm\u00f6glicht viele Stunden intensiver Nutzung ohne h\u00e4ufiges Aufladen. Die Zellen basieren auf Lithium-Ionen-Technologie (Li-Ion).<\/p>\n","protected":false},"excerpt":{"rendered":"<p>Original Li-Ionen-Akku f\u00fcr Grand Multicom und Grand Multicom PRO Ger\u00e4te.<\/p>\n","protected":false},"featured_media":69314,"template":"","meta":{"_acf_changed":false},"product_brand":[],"product_cat":[5935],"product_tag":[],"class_list":{"0":"post-69315","1":"product","2":"type-product","3":"status-publish","4":"has-post-thumbnail","6":"product_cat-batterien-und-akkus-de","8":"first","9":"onbackorder","10":"taxable","11":"shipping-taxable","12":"purchasable","13":"product-type-simple"},"acf":[],"_links":{"self":[{"href":"https:\/\/mexpo.eu\/de\/wp-json\/wp\/v2\/product\/69315","targetHints":{"allow":["GET"]}}],"collection":[{"href":"https:\/\/mexpo.eu\/de\/wp-json\/wp\/v2\/product"}],"about":[{"href":"https:\/\/mexpo.eu\/de\/wp-json\/wp\/v2\/types\/product"}],"wp:featuredmedia":[{"embeddable":true,"href":"https:\/\/mexpo.eu\/de\/wp-json\/wp\/v2\/media\/69314"}],"wp:attachment":[{"href":"https:\/\/mexpo.eu\/de\/wp-json\/wp\/v2\/media?parent=69315"}],"wp:term":[{"taxonomy":"product_brand","embeddable":true,"href":"https:\/\/mexpo.eu\/de\/wp-json\/wp\/v2\/product_brand?post=69315"},{"taxonomy":"product_cat","embeddable":true,"href":"https:\/\/mexpo.eu\/de\/wp-json\/wp\/v2\/product_cat?post=69315"},{"taxonomy":"product_tag","embeddable":true,"href":"https:\/\/mexpo.eu\/de\/wp-json\/wp\/v2\/product_tag?post=69315"}],"curies":[{"name":"wp","href":"https:\/\/api.w.org\/{rel}","templated":true}]}}