{"id":69300,"date":"2026-05-15T11:36:01","date_gmt":"2026-05-15T09:36:01","guid":{"rendered":"https:\/\/mexpo.eu\/?post_type=product&#038;p=69300"},"modified":"2026-05-15T11:36:02","modified_gmt":"2026-05-15T09:36:02","slug":"maytel-aio-ladegerat","status":"publish","type":"product","link":"https:\/\/mexpo.eu\/de\/produkt\/maytel-aio-ladegerat\/","title":{"rendered":"Maytel AiO Ladeger\u00e4t"},"content":{"rendered":"<p><span style=\"color: #800000;\"><strong>Dieses Produkt wird auf Bestellung gefertigt. Um den n\u00e4chstm\u00f6glichen Liefertermin zu vereinbaren und die Details der Bearbeitung zu besprechen, kontaktieren Sie bitte unseren Kundenservice.<\/strong><\/span><\/p>\n<p>Kombiniertes Ladeger\u00e4t f\u00fcr 6 Ger\u00e4te.<\/p>\n<p>Kompatibel mit folgenden Modellen: Maytel Grand Multicom All-in-One Single und Maytel Grand Multicom All-in-One Dual.<\/p>\n<p>Inklusive Kabel und Netzteil.<\/p>\n","protected":false},"excerpt":{"rendered":"<p>Mehrfachladeger\u00e4t zum Einstecken f\u00fcr 6 Ger\u00e4te. Kompatibel mit den Modellen Maytel Grand Multicom All-in-One Single und Maytel Grand Multicom All-in-One Dual.<\/p>\n","protected":false},"featured_media":69298,"template":"","meta":{"_acf_changed":false},"product_brand":[],"product_cat":[5977],"product_tag":[],"class_list":{"0":"post-69300","1":"product","2":"type-product","3":"status-publish","4":"has-post-thumbnail","6":"product_cat-ladegeraete-fuer-gegensprechanlagen","8":"first","9":"onbackorder","10":"taxable","11":"shipping-taxable","12":"purchasable","13":"product-type-simple"},"acf":[],"_links":{"self":[{"href":"https:\/\/mexpo.eu\/de\/wp-json\/wp\/v2\/product\/69300","targetHints":{"allow":["GET"]}}],"collection":[{"href":"https:\/\/mexpo.eu\/de\/wp-json\/wp\/v2\/product"}],"about":[{"href":"https:\/\/mexpo.eu\/de\/wp-json\/wp\/v2\/types\/product"}],"wp:featuredmedia":[{"embeddable":true,"href":"https:\/\/mexpo.eu\/de\/wp-json\/wp\/v2\/media\/69298"}],"wp:attachment":[{"href":"https:\/\/mexpo.eu\/de\/wp-json\/wp\/v2\/media?parent=69300"}],"wp:term":[{"taxonomy":"product_brand","embeddable":true,"href":"https:\/\/mexpo.eu\/de\/wp-json\/wp\/v2\/product_brand?post=69300"},{"taxonomy":"product_cat","embeddable":true,"href":"https:\/\/mexpo.eu\/de\/wp-json\/wp\/v2\/product_cat?post=69300"},{"taxonomy":"product_tag","embeddable":true,"href":"https:\/\/mexpo.eu\/de\/wp-json\/wp\/v2\/product_tag?post=69300"}],"curies":[{"name":"wp","href":"https:\/\/api.w.org\/{rel}","templated":true}]}}