{"id":69272,"date":"2026-05-15T11:35:56","date_gmt":"2026-05-15T09:35:56","guid":{"rendered":"https:\/\/mexpo.eu\/?post_type=product&#038;p=69272"},"modified":"2026-05-15T11:35:56","modified_gmt":"2026-05-15T09:35:56","slug":"maytel-grand-multicom-all-in-one-single","status":"publish","type":"product","link":"https:\/\/mexpo.eu\/de\/produkt\/maytel-grand-multicom-all-in-one-single\/","title":{"rendered":"Maytel Grand Multicom All-in-One Single"},"content":{"rendered":"<p><span style=\"color: #800000;\"><strong>Dieses Produkt wird auf Bestellung gefertigt. Um den n\u00e4chsten Liefertermin zu vereinbaren und Lieferdetails zu besprechen, kontaktieren Sie bitte unseren Kundenservice.<\/strong><\/span><\/p>\n<p>Das Grand Multicom All-in-One Single ist ein professionelles, innovatives Intercom-System in Form eines kabellosen Headsets f\u00fcr das rechte oder linke Ohr. Es ist ein zuverl\u00e4ssiges All-in-One-System, das weder eine Basisstation noch eine Kopplung ben\u00f6tigt \u2013 das Ger\u00e4t ist sofort nach dem Einschalten einsatzbereit. Dank seines geringen Gewichts (250 g) und des kompakten Designs (faltbar) l\u00e4sst es sich bequem verstauen und transportieren.<\/p>\n<p>Das Grand Multicom All-in-One Single-System garantiert Vollduplex-Kommunikation f\u00fcr bis zu sechs gleichzeitige Nutzer. Die Anzahl der Zuh\u00f6rer, die sich ebenfalls in das Gespr\u00e4ch einschalten k\u00f6nnen, ist unbegrenzt. Die Dual-Channel-Unterst\u00fctzung erm\u00f6glicht die doppelte Anzahl gleichzeitiger Anrufer.<\/p>\n<p>Hauptmerkmale und Technologien<\/p>\n<ul>\n<li>Reichweite: ca. 500 Meter<\/li>\n<li>10 Stunden Akkulaufzeit<\/li>\n<li>Komfortables Laden \u00fcber USB-C oder ein Mehrfachladeger\u00e4t<\/li>\n<li>OLED-Display<\/li>\n<li>Digitale Signalverarbeitung (DSP) zur Rauschunterdr\u00fcckung<\/li>\n<li>Vollduplex f\u00fcr bis zu 6 Teilnehmer<\/li>\n<li>Frequenzbereich: 863\u2013865 MHz\n<p>Das Grand Multicom All-in-One Single-System ist kompatibel mit den Modellen Grand Multicom All-in-One Dual und Grand Multicom PRO 863.<\/li>\n<\/ul>\n","protected":false},"excerpt":{"rendered":"<p>Ein leichtes Intercom-System in Form eines kabellosen Ein-Ohr-Headsets. Es erm\u00f6glicht simultane Gespr\u00e4che zwischen bis zu sechs Personen und einer unbegrenzten Anzahl von Zuh\u00f6rern. Zudem verf\u00fcgt es \u00fcber Ger\u00e4uschunterdr\u00fcckung und eine Reichweite von ca. 500 Metern.<\/p>\n","protected":false},"featured_media":69269,"template":"","meta":{"_acf_changed":false},"product_brand":[],"product_cat":[5938],"product_tag":[],"class_list":{"0":"post-69272","1":"product","2":"type-product","3":"status-publish","4":"has-post-thumbnail","6":"product_cat-drahtlose-sprechanlage-de","8":"first","9":"onbackorder","10":"taxable","11":"shipping-taxable","12":"purchasable","13":"product-type-simple"},"acf":[],"_links":{"self":[{"href":"https:\/\/mexpo.eu\/de\/wp-json\/wp\/v2\/product\/69272","targetHints":{"allow":["GET"]}}],"collection":[{"href":"https:\/\/mexpo.eu\/de\/wp-json\/wp\/v2\/product"}],"about":[{"href":"https:\/\/mexpo.eu\/de\/wp-json\/wp\/v2\/types\/product"}],"wp:featuredmedia":[{"embeddable":true,"href":"https:\/\/mexpo.eu\/de\/wp-json\/wp\/v2\/media\/69269"}],"wp:attachment":[{"href":"https:\/\/mexpo.eu\/de\/wp-json\/wp\/v2\/media?parent=69272"}],"wp:term":[{"taxonomy":"product_brand","embeddable":true,"href":"https:\/\/mexpo.eu\/de\/wp-json\/wp\/v2\/product_brand?post=69272"},{"taxonomy":"product_cat","embeddable":true,"href":"https:\/\/mexpo.eu\/de\/wp-json\/wp\/v2\/product_cat?post=69272"},{"taxonomy":"product_tag","embeddable":true,"href":"https:\/\/mexpo.eu\/de\/wp-json\/wp\/v2\/product_tag?post=69272"}],"curies":[{"name":"wp","href":"https:\/\/api.w.org\/{rel}","templated":true}]}}