{"id":69250,"date":"2026-05-13T13:31:16","date_gmt":"2026-05-13T11:31:16","guid":{"rendered":"https:\/\/mexpo.eu\/?post_type=product&#038;p=69250"},"modified":"2026-05-15T11:35:30","modified_gmt":"2026-05-15T09:35:30","slug":"maytel-grand-multicom-pro-863865mhz","status":"publish","type":"product","link":"https:\/\/mexpo.eu\/de\/produkt\/maytel-grand-multicom-pro-863865mhz\/","title":{"rendered":"Maytel Grand Multicom PRO 863~865MHz"},"content":{"rendered":"<p><span style=\"color: #800000;\"><strong>Dieses Produkt wird auf Bestellung gefertigt. Um den n\u00e4chsten Liefertermin zu vereinbaren und die Lieferdetails zu besprechen, kontaktieren Sie bitte unseren Shop.<\/strong><\/span><\/p>\n<p>Das drahtlose Intercom-System Grand Multicom PRO 863 ist f\u00fcr h\u00f6chste Anspr\u00fcche in Arbeitsumgebungen (Dienstleistungsbranche, Industrie und Gewerbe) konzipiert. Das Ger\u00e4t zeichnet sich durch seine au\u00dfergew\u00f6hnliche Robustheit aus, die durch die Schutzart IP67 (wasserdicht und staubdicht) best\u00e4tigt wird. Trotz seiner robusten Bauweise ist es tragbar und leicht (180 g inklusive Akku).<\/p>\n<p>Es erm\u00f6glicht simultane Zwei-Wege-Gespr\u00e4che f\u00fcr bis zu f\u00fcnf regul\u00e4re Benutzer und eine weitere Person aus einer unbegrenzten Zuh\u00f6rergruppe, die jeweils eine Taste dr\u00fcckt. Alternativ kann es f\u00fcr bis zu sechs regul\u00e4re Benutzer konfiguriert werden.<\/p>\n<p>Im Lieferumfang enthalten sind: Ersatzakku, HSB-02G Headset, Micro-USB-Kabel und Tragetasche.<\/p>\n<p>Das Grand Multicom PRO 863-System unterst\u00fctzt vier Betriebsmodi, die \u00fcber Tasten und das Men\u00fc auf dem OLED-Display individuell angepasst werden k\u00f6nnen (f\u00fcr einige Modi ist zus\u00e4tzliches Zubeh\u00f6r erforderlich \u2013 auf Anfrage erh\u00e4ltlich).<\/p>\n<p>Hauptmerkmale und Technologien:<\/p>\n<ul>\n<li>Reichweite: ca. 500 Meter<\/li>\n<li>10\u201312 Stunden Akkulaufzeit<\/li>\n<li>bequemes USB-Laden oder Gro\u00dfladeger\u00e4t<\/li>\n<li>Vollduplex f\u00fcr bis zu 6 Teilnehmer<\/li>\n<li>Frequenzbereich: 863\u2013865 MHz\n<p>Das Grand Multicom PRO 863\u2013865-MHz-System ist kompatibel mit den Modellen Grand Multicom All-in-One Single und Grand Multicom All-in-One Dual.<\/li>\n<\/ul>\n","protected":false},"excerpt":{"rendered":"<p>Ein fortschrittliches, drahtloses Intercom-System mit einer Frequenz von 863\u2013865 MHz. Eine zuverl\u00e4ssige L\u00f6sung f\u00fcr die professionelle Kommunikation in anspruchsvollen Umgebungen. Es zeichnet sich durch ein \u00e4u\u00dferst robustes Geh\u00e4use aus und ist wasserdicht (IP67). Es erm\u00f6glicht simultane Gruppengespr\u00e4che mit bis zu sechs Personen und einer unbegrenzten Anzahl an Zuh\u00f6rern. Zudem verf\u00fcgt es \u00fcber eine PIN-Verschl\u00fcsselung.<\/p>\n","protected":false},"featured_media":69246,"template":"","meta":{"_acf_changed":false},"product_brand":[],"product_cat":[5938],"product_tag":[],"class_list":{"0":"post-69250","1":"product","2":"type-product","3":"status-publish","4":"has-post-thumbnail","6":"product_cat-drahtlose-sprechanlage-de","8":"first","9":"onbackorder","10":"taxable","11":"shipping-taxable","12":"purchasable","13":"product-type-simple"},"acf":[],"_links":{"self":[{"href":"https:\/\/mexpo.eu\/de\/wp-json\/wp\/v2\/product\/69250","targetHints":{"allow":["GET"]}}],"collection":[{"href":"https:\/\/mexpo.eu\/de\/wp-json\/wp\/v2\/product"}],"about":[{"href":"https:\/\/mexpo.eu\/de\/wp-json\/wp\/v2\/types\/product"}],"wp:featuredmedia":[{"embeddable":true,"href":"https:\/\/mexpo.eu\/de\/wp-json\/wp\/v2\/media\/69246"}],"wp:attachment":[{"href":"https:\/\/mexpo.eu\/de\/wp-json\/wp\/v2\/media?parent=69250"}],"wp:term":[{"taxonomy":"product_brand","embeddable":true,"href":"https:\/\/mexpo.eu\/de\/wp-json\/wp\/v2\/product_brand?post=69250"},{"taxonomy":"product_cat","embeddable":true,"href":"https:\/\/mexpo.eu\/de\/wp-json\/wp\/v2\/product_cat?post=69250"},{"taxonomy":"product_tag","embeddable":true,"href":"https:\/\/mexpo.eu\/de\/wp-json\/wp\/v2\/product_tag?post=69250"}],"curies":[{"name":"wp","href":"https:\/\/api.w.org\/{rel}","templated":true}]}}