{"id":69227,"date":"2026-05-13T13:35:42","date_gmt":"2026-05-13T11:35:42","guid":{"rendered":"https:\/\/mexpo.eu\/?post_type=product&#038;p=69227"},"modified":"2026-05-15T11:35:32","modified_gmt":"2026-05-15T09:35:32","slug":"maytel-grand-multicom-all-in-one-dual","status":"publish","type":"product","link":"https:\/\/mexpo.eu\/de\/produkt\/maytel-grand-multicom-all-in-one-dual\/","title":{"rendered":"Maytel Grand Multicom All-in-One Dual"},"content":{"rendered":"<p><span style=\"color: #800000;\"><strong>Dieses Produkt wird auf Bestellung gefertigt. Um den n\u00e4chsten Liefertermin zu vereinbaren und Lieferdetails zu besprechen, kontaktieren Sie bitte unseren Kundenservice.<\/strong><\/span><\/p>\n<p>Das Grand Multicom All-in-One Dual Intercom ist ein professionelles, innovatives Intercom-System in Form von kabellosen Dual-Ohrh\u00f6rern. Es ist ein zuverl\u00e4ssiges All-in-One-System, das weder eine Basisstation noch eine Kopplung ben\u00f6tigt \u2013 das Ger\u00e4t ist sofort nach dem Einschalten einsatzbereit. Dank seines geringen Gewichts (410 g) und des kompakten Designs (faltbar) ist es komfortabel in der Anwendung, im Transport und in der Aufbewahrung.<\/p>\n<p>Das Grand Multicom All-in-One Dual System erm\u00f6glicht Vollduplex-Kommunikation f\u00fcr bis zu sechs Nutzer gleichzeitig. Die Anzahl der Zuh\u00f6rer, die sich ebenfalls in das Gespr\u00e4ch einschalten k\u00f6nnen, ist unbegrenzt. Die Dual-Channel-Unterst\u00fctzung verdoppelt die Anzahl der gleichzeitigen Anrufer.<\/p>\n<p>Hauptmerkmale und Technologien<\/p>\n<ul>\n<li>Reichweite: ca. 500 Meter<\/li>\n<li>10 Stunden Akkulaufzeit<\/li>\n<li>Komfortables Laden \u00fcber USB-C oder ein Mehrfachladeger\u00e4t<\/li>\n<li>OLED-Display<\/li>\n<li>Digitale Signalverarbeitung (DSP) zur Rauschunterdr\u00fcckung<\/li>\n<li>Vollduplex f\u00fcr bis zu 6 Teilnehmer<\/li>\n<li>Frequenzbereich: 863\u2013865 MHz\n<p>Das Grand Multicom All-in-One Dual-System ist kompatibel mit den Modellen Grand Multicom All-in-One Single und Grand Multicom PRO 863.<\/li>\n<\/ul>\n","protected":false},"excerpt":{"rendered":"<p>Ein leichtes Intercom-System in Form eines kabellosen, beidseitig tragbaren Headsets. Es erm\u00f6glicht simultane Gespr\u00e4che zwischen bis zu sechs Personen und einer unbegrenzten Anzahl von Zuh\u00f6rern. Zudem verf\u00fcgt es \u00fcber Ger\u00e4uschunterdr\u00fcckung und eine Reichweite von ca. 500 Metern.<\/p>\n","protected":false},"featured_media":69224,"template":"","meta":{"_acf_changed":false},"product_brand":[],"product_cat":[5938],"product_tag":[],"class_list":{"0":"post-69227","1":"product","2":"type-product","3":"status-publish","4":"has-post-thumbnail","6":"product_cat-drahtlose-sprechanlage-de","8":"first","9":"onbackorder","10":"taxable","11":"shipping-taxable","12":"purchasable","13":"product-type-simple"},"acf":[],"_links":{"self":[{"href":"https:\/\/mexpo.eu\/de\/wp-json\/wp\/v2\/product\/69227","targetHints":{"allow":["GET"]}}],"collection":[{"href":"https:\/\/mexpo.eu\/de\/wp-json\/wp\/v2\/product"}],"about":[{"href":"https:\/\/mexpo.eu\/de\/wp-json\/wp\/v2\/types\/product"}],"wp:featuredmedia":[{"embeddable":true,"href":"https:\/\/mexpo.eu\/de\/wp-json\/wp\/v2\/media\/69224"}],"wp:attachment":[{"href":"https:\/\/mexpo.eu\/de\/wp-json\/wp\/v2\/media?parent=69227"}],"wp:term":[{"taxonomy":"product_brand","embeddable":true,"href":"https:\/\/mexpo.eu\/de\/wp-json\/wp\/v2\/product_brand?post=69227"},{"taxonomy":"product_cat","embeddable":true,"href":"https:\/\/mexpo.eu\/de\/wp-json\/wp\/v2\/product_cat?post=69227"},{"taxonomy":"product_tag","embeddable":true,"href":"https:\/\/mexpo.eu\/de\/wp-json\/wp\/v2\/product_tag?post=69227"}],"curies":[{"name":"wp","href":"https:\/\/api.w.org\/{rel}","templated":true}]}}