{"id":68717,"date":"2026-04-13T13:56:47","date_gmt":"2026-04-13T11:56:47","guid":{"rendered":"https:\/\/mexpo.eu\/?post_type=product&#038;p=68717"},"modified":"2026-04-13T13:57:42","modified_gmt":"2026-04-13T11:57:42","slug":"okayo-wt-300d-pro99","status":"publish","type":"product","link":"https:\/\/mexpo.eu\/de\/produkt\/okayo-wt-300d-pro99\/","title":{"rendered":"Okayo WT-300D PRO99"},"content":{"rendered":"","protected":false},"excerpt":{"rendered":"<p><b data-path-to-node=\"12\" data-index-in-node=\"0\">Okayo WT-300D PRO99<\/b> \u2013 ein digitales Personenf\u00fchrungssystem von Okayo Electronics in der erweiterten Ausf\u00fchrung mit bis zu 99 Simultankan\u00e4len. Die PRO99-Version eliminiert das Interferenzrisiko selbst bei extrem hoher Touristendichte.<\/p>\n","protected":false},"featured_media":68743,"template":"","meta":{"_acf_changed":false},"product_brand":[],"product_cat":[5989],"product_tag":[],"class_list":{"0":"post-68717","1":"product","2":"type-product","3":"status-publish","4":"has-post-thumbnail","6":"product_cat-modelle-de","8":"first","9":"instock","10":"sale","11":"taxable","12":"shipping-taxable","13":"product-type-grouped"},"acf":[],"_links":{"self":[{"href":"https:\/\/mexpo.eu\/de\/wp-json\/wp\/v2\/product\/68717","targetHints":{"allow":["GET"]}}],"collection":[{"href":"https:\/\/mexpo.eu\/de\/wp-json\/wp\/v2\/product"}],"about":[{"href":"https:\/\/mexpo.eu\/de\/wp-json\/wp\/v2\/types\/product"}],"wp:featuredmedia":[{"embeddable":true,"href":"https:\/\/mexpo.eu\/de\/wp-json\/wp\/v2\/media\/68743"}],"wp:attachment":[{"href":"https:\/\/mexpo.eu\/de\/wp-json\/wp\/v2\/media?parent=68717"}],"wp:term":[{"taxonomy":"product_brand","embeddable":true,"href":"https:\/\/mexpo.eu\/de\/wp-json\/wp\/v2\/product_brand?post=68717"},{"taxonomy":"product_cat","embeddable":true,"href":"https:\/\/mexpo.eu\/de\/wp-json\/wp\/v2\/product_cat?post=68717"},{"taxonomy":"product_tag","embeddable":true,"href":"https:\/\/mexpo.eu\/de\/wp-json\/wp\/v2\/product_tag?post=68717"}],"curies":[{"name":"wp","href":"https:\/\/api.w.org\/{rel}","templated":true}]}}