{"id":68664,"date":"2026-04-10T14:14:15","date_gmt":"2026-04-10T12:14:15","guid":{"rendered":"https:\/\/mexpo.eu\/?post_type=product&#038;p=68664"},"modified":"2026-04-10T14:15:28","modified_gmt":"2026-04-10T12:15:28","slug":"personenfuhrungssystem-okayo-wt-300d-pro99-sender","status":"publish","type":"product","link":"https:\/\/mexpo.eu\/de\/produkt\/personenfuhrungssystem-okayo-wt-300d-pro99-sender\/","title":{"rendered":"Personenf\u00fchrungssystem &#8211; Okayo WT-300D PRO99 Sender"},"content":{"rendered":"","protected":false},"excerpt":{"rendered":"<p>Der Sender <b data-path-to-node=\"12\" data-index-in-node=\"11\">Okayo WT-300D PRO99<\/b> unterst\u00fctzt bis zu 99 Simultankan\u00e4le, was eine stabile \u00dcbertragung ohne St\u00f6rungen selbst bei einer extrem hohen Gruppendichte garantiert. Das Okayo WT-300D PRO99 System ist die neue, erweiterte Version des digitalen Modells Okayo WT-300D.<\/p>\n","protected":false},"featured_media":68632,"template":"","meta":{"_acf_changed":false},"product_brand":[],"product_cat":[5990,6588],"product_tag":[],"class_list":{"0":"post-68664","1":"product","2":"type-product","3":"status-publish","4":"has-post-thumbnail","6":"product_cat-sender-und-empfaenger","7":"product_cat-sender-und-empfanger","9":"first","10":"instock","11":"taxable","12":"shipping-taxable","13":"purchasable","14":"product-type-simple"},"acf":[],"_links":{"self":[{"href":"https:\/\/mexpo.eu\/de\/wp-json\/wp\/v2\/product\/68664","targetHints":{"allow":["GET"]}}],"collection":[{"href":"https:\/\/mexpo.eu\/de\/wp-json\/wp\/v2\/product"}],"about":[{"href":"https:\/\/mexpo.eu\/de\/wp-json\/wp\/v2\/types\/product"}],"wp:featuredmedia":[{"embeddable":true,"href":"https:\/\/mexpo.eu\/de\/wp-json\/wp\/v2\/media\/68632"}],"wp:attachment":[{"href":"https:\/\/mexpo.eu\/de\/wp-json\/wp\/v2\/media?parent=68664"}],"wp:term":[{"taxonomy":"product_brand","embeddable":true,"href":"https:\/\/mexpo.eu\/de\/wp-json\/wp\/v2\/product_brand?post=68664"},{"taxonomy":"product_cat","embeddable":true,"href":"https:\/\/mexpo.eu\/de\/wp-json\/wp\/v2\/product_cat?post=68664"},{"taxonomy":"product_tag","embeddable":true,"href":"https:\/\/mexpo.eu\/de\/wp-json\/wp\/v2\/product_tag?post=68664"}],"curies":[{"name":"wp","href":"https:\/\/api.w.org\/{rel}","templated":true}]}}