{"id":68421,"date":"2026-03-10T10:28:40","date_gmt":"2026-03-10T09:28:40","guid":{"rendered":"https:\/\/mexpo.eu\/produkt\/okayo-wt-300d-tourguide-system-set-mit-koffer-m-452-ac-658\/"},"modified":"2026-03-10T10:28:40","modified_gmt":"2026-03-10T09:28:40","slug":"okayo-wt-300d-tourguide-system-set-mit-koffer-m-452-ac-658","status":"publish","type":"product","link":"https:\/\/mexpo.eu\/de\/produkt\/okayo-wt-300d-tourguide-system-set-mit-koffer-m-452-ac-658\/","title":{"rendered":"Okayo WT-300D Tourguide-System-Set mit Koffer | M (45+2) + AC-658"},"content":{"rendered":"<p data-path-to-node=\"8\"><b data-path-to-node=\"8\" data-index-in-node=\"0\">Das Set beinhaltet:<\/b> <br \/>\n\u2013 45 Empf\u00e4nger <br \/>\n\u2013 2 Sender <br \/>\n\u2013 50 Stk. SH-2 Kopfh\u00f6rer <br \/>\n\u2013 2 Stk. LM-20A Mikrofone <br \/>\n\u2013 Clip f\u00fcr Umh\u00e4ngeband <br \/>\n\u2013 50 Hygiene-Lanyards <br \/>\n\u2013 AC-658 Koffer mit Schaumstoff <\/p>\n<p><strong>Das Set enth\u00e4lt keine Stromversorgung. Es besteht die M\u00f6glichkeit, Batterien oder Akkus sowie das Ladeger\u00e4t HDC-300 separat zu erwerben.<\/strong><\/p>\n<p data-path-to-node=\"9\">Das Modell Okayo WT-300 kann man nicht anders als kultig bezeichnen. Die roten Empf\u00e4nger begleiten Stadtf\u00fchrer und Touristen in ganz Europa seit \u00fcber 10 Jahren. Sie haben eine Schar treuer Anh\u00e4nger gewonnen, dank exzellenter Parameter wie Reichweite, Betriebszeit, robustem Geh\u00e4use und einfacher Bedienung.<\/p>\n<p><strong>Alles Gute hat ein Ende\u2026 um Platz f\u00fcr Besseres zu machen! Die neue digitale Generation \u2013 das Modell Okayo WT-300D (Digital).<\/strong> <\/p>\n<p>Dank der Umstellung auf digitale \u00dcbertragung k\u00f6nnen wir nicht nur einen g\u00fcnstigeren Preis als bei den \u00e4lteren analogen Versionen anbieten (Teile f\u00fcr analoge Systeme werden nicht mehr hergestellt, wodurch deren Preise steigen), sondern vor allem eine neue \u2013 bisher unerreichbare \u2013 Funktion: den Fernkanalwechsel bei den Empf\u00e4ngern. Dar\u00fcber hinaus sind die Okayo WT-300D Empf\u00e4nger mit dem HAC-System (Hearing Aid Compatible) ausgestattet, was sie h\u00f6rger\u00e4tefreundlich macht. <span style=\"color: #800000;\">Das digitale Modell WT-300D (lila Empf\u00e4nger, t\u00fcrkise Sender) ist nicht kompatibel mit den alten analogen Generationen dieses Modells (rote Empf\u00e4nger, blaue Sender). Mangelnde Kompatibilit\u00e4t ist kein Grund f\u00fcr Reklamationen oder Warenr\u00fccksendungen.<\/span><\/p>\n<p data-path-to-node=\"9\"><strong>Weniger ist mehr.<\/strong><\/p>\n<p data-path-to-node=\"9\">Das Okayo WT-300D verf\u00fcgt \u00fcber 25 Kan\u00e4le\u2026 Doch das ist nur scheinbar weniger als bei der \u00e4lteren Generation. Das neue digitale Okayo WT-300 verf\u00fcgt \u00fcber mehr Kan\u00e4le, die gleichzeitig genutzt werden k\u00f6nnen, als sein analoger Vorg\u00e4nger. Bis zu 25 Gruppen k\u00f6nnen gleichzeitig auf separaten Kan\u00e4len am selben begrenzten Ort gef\u00fchrt werden (beim analogen Modell \u2013 bis zu 10). Dies bedeutet, dass die Wahrscheinlichkeit von St\u00f6rungen durch andere Gruppen mit demselben Modell an beliebten touristischen Orten noch geringer ist.<\/p>\n<p data-path-to-node=\"9\"><strong>Neues Modell \u2013 bekannte Vorteile<\/strong>.<\/p>\n<p data-path-to-node=\"9\">Das Okayo WT-300D besitzt die bereits bekannte \u2013 sehr gute Reichweite und eine noch l\u00e4ngere Betriebszeit als sein analoger \u00e4lterer Bruder. Mit einer Ladung\/einem Batteriewechsel arbeitet der Empf\u00e4nger \u00fcber 35 Stunden, also 10 Stunden l\u00e4nger. Das Geh\u00e4use des WT-300D hat sich bis auf\u2026 die Farbe nicht ge\u00e4ndert. Es handelt sich weiterhin um das bew\u00e4hrte ABS-Material, das nicht nur gegen Br\u00fcche, sondern sogar gegen kleine Kratzer resistent ist, sich aber diesmal durch einen au\u00dfergew\u00f6hnlichen und originellen Farbton auszeichnet. Der Sender verf\u00fcgt \u00fcber ein eingebautes Mikrofon, falls das externe Mikrofon verloren gehen sollte.<\/p>\n<ul data-path-to-node=\"10\">\n<li>\n<p data-path-to-node=\"10,0,0\">Das Foto des Sets zeigt nicht die tats\u00e4chlichen Produktmengen.<\/p>\n<\/li>\n<\/ul>\n","protected":false},"excerpt":{"rendered":"<p>Tourguide-Set basierend auf dem digitalen Modell WT-300D, konzipiert f\u00fcr Gruppen von 45 Personen. Erg\u00e4nzt um einen praktischen Koffer mit Schaumstoffeinlage zur sicheren Aufbewahrung und zum Transport der Ger\u00e4te samt Zubeh\u00f6r.<\/p>\n","protected":false},"featured_media":68418,"template":"","meta":{"_acf_changed":false},"product_brand":[],"product_cat":[5201],"product_tag":[],"class_list":{"0":"post-68421","1":"product","2":"type-product","3":"status-publish","4":"has-post-thumbnail","6":"product_cat-tour-guide-sets-tour-guide-systeme","8":"first","9":"instock","10":"taxable","11":"shipping-taxable","12":"purchasable","13":"product-type-simple"},"acf":[],"_links":{"self":[{"href":"https:\/\/mexpo.eu\/de\/wp-json\/wp\/v2\/product\/68421","targetHints":{"allow":["GET"]}}],"collection":[{"href":"https:\/\/mexpo.eu\/de\/wp-json\/wp\/v2\/product"}],"about":[{"href":"https:\/\/mexpo.eu\/de\/wp-json\/wp\/v2\/types\/product"}],"wp:featuredmedia":[{"embeddable":true,"href":"https:\/\/mexpo.eu\/de\/wp-json\/wp\/v2\/media\/68418"}],"wp:attachment":[{"href":"https:\/\/mexpo.eu\/de\/wp-json\/wp\/v2\/media?parent=68421"}],"wp:term":[{"taxonomy":"product_brand","embeddable":true,"href":"https:\/\/mexpo.eu\/de\/wp-json\/wp\/v2\/product_brand?post=68421"},{"taxonomy":"product_cat","embeddable":true,"href":"https:\/\/mexpo.eu\/de\/wp-json\/wp\/v2\/product_cat?post=68421"},{"taxonomy":"product_tag","embeddable":true,"href":"https:\/\/mexpo.eu\/de\/wp-json\/wp\/v2\/product_tag?post=68421"}],"curies":[{"name":"wp","href":"https:\/\/api.w.org\/{rel}","templated":true}]}}