{"id":68237,"date":"2026-02-09T15:34:56","date_gmt":"2026-02-09T14:34:56","guid":{"rendered":"https:\/\/mexpo.eu\/?post_type=product&#038;p=68237"},"modified":"2026-02-17T11:17:44","modified_gmt":"2026-02-17T10:17:44","slug":"okayo-earme-go","status":"publish","type":"product","link":"https:\/\/mexpo.eu\/de\/produkt\/okayo-earme-go\/","title":{"rendered":"Okayo EarME GO 2.4 GHz"},"content":{"rendered":"<div class=\"wpb-content-wrapper\"><p>[vc_row][vc_column][vc_column_text css=&#8221;&#8221;]<\/p>\n<p data-path-to-node=\"10\"><b data-path-to-node=\"10\" data-index-in-node=\"0\">Okayo EarME GO<\/b> ist ein modernes Tourguide-System mit einem kabellosen, ergonomischen Ohrh\u00f6rer-Empf\u00e4nger und einem kompakten, nur 50 g schweren Sender. Da das Modell extrem leicht und nahezu wartungsfrei ist, bietet es sowohl den Teilnehmern als auch dem Guide einen hohen Komfort bei der Besichtigung, selbst bei langen Ausfl\u00fcgen.<\/p>\n<p data-path-to-node=\"11\">Was das Okayo EarME GO auf dem Markt auszeichnet, ist sein Betrieb im universellen <b data-path-to-node=\"11\" data-index-in-node=\"83\">2,4-GHz-Band<\/b>, wodurch es an jedem Ort der Welt voll funktionsf\u00e4hig ist. Es bietet den Guides volle Flexibilit\u00e4t und die Gewissheit, dass das System unter allen Bedingungen funktioniert. Die Reichweite des Systems betr\u00e4gt ca. 70 m.<\/p>\n<p data-path-to-node=\"12\">Integrierte Lithium-Ionen-Akkus garantieren lange Betriebszeiten: <b data-path-to-node=\"12\" data-index-in-node=\"66\">\u00fcber 30 Stunden<\/b> f\u00fcr den Sender und <b data-path-to-node=\"12\" data-index-in-node=\"101\">\u00fcber 25 Stunden<\/b> f\u00fcr den Empf\u00e4nger. Dank der kurzen Ladezeit (2-4 Stunden) ist das System immer einsatzbereit. Intuitive <b data-path-to-node=\"12\" data-index-in-node=\"221\">+\/\u2013 Tasten<\/b> am Empf\u00e4nger erleichtern Teilnehmern jeden Alters die Bedienung, w\u00e4hrend das \u00fcbersichtliche <b data-path-to-node=\"12\" data-index-in-node=\"324\">LCD-Display<\/b> am Sender dem Guide erm\u00f6glicht, schnell den Kanal zu pr\u00fcfen oder zu wechseln, den Akkustand zu \u00fcberwachen und die Signalst\u00e4rke zu kontrollieren, was einen reibungslosen Ablauf der Tour ohne St\u00f6rungen gew\u00e4hrleistet.<\/p>\n<p data-path-to-node=\"13\"><b data-path-to-node=\"13\" data-index-in-node=\"0\">Modellmerkmale:<\/b><\/p>\n<ul data-path-to-node=\"14\">\n<li>\n<p data-path-to-node=\"14,0,0\"><b data-path-to-node=\"14,0,0\" data-index-in-node=\"0\">Globaler Einsatz:<\/b> Arbeitet im universellen 2,4-GHz-Band, was eine legale und problemlose Nutzung weltweit erm\u00f6glicht.<\/p>\n<\/li>\n<li>\n<p data-path-to-node=\"14,1,0\"><b data-path-to-node=\"14,1,0\" data-index-in-node=\"0\">Ultraleichte Bauweise:<\/b> Der Sender wiegt 50 g und der kompakte Ohrh\u00f6rer garantiert volle Bewegungsfreiheit.<\/p>\n<\/li>\n<li>\n<p data-path-to-node=\"14,2,0\"><b data-path-to-node=\"14,2,0\" data-index-in-node=\"0\">Lange Betriebsdauer:<\/b> Die Akkus halten mit einer Ladung \u00fcber 30 Stunden (Sender) und 25 Stunden (Empf\u00e4nger).<\/p>\n<\/li>\n<li>\n<p data-path-to-node=\"14,3,0\"><b data-path-to-node=\"14,3,0\" data-index-in-node=\"0\">Klarer Klang:<\/b> Bietet eine exzellente, deutliche Sprach\u00fcbertragung, was den H\u00f6rkomfort erh\u00f6ht.<\/p>\n<\/li>\n<li>\n<p data-path-to-node=\"14,4,0\"><b data-path-to-node=\"14,4,0\" data-index-in-node=\"0\">Einfache Bedienung:<\/b> Zwei komfortable Tasten erm\u00f6glichen eine schnelle Lautst\u00e4rkeregelung und Kanalwahl.<\/p>\n<\/li>\n<li>\n<p data-path-to-node=\"14,5,0\"><b data-path-to-node=\"14,5,0\" data-index-in-node=\"0\">Wirtschaftlich:<\/b> Dank der Empf\u00e4nger in Form von Ohrh\u00f6rern m\u00fcssen Sie sich keine Gedanken \u00fcber den Batteriewechsel oder den Kauf zus\u00e4tzlicher Einwegkopfh\u00f6rer machen.<\/p>\n<\/li>\n<\/ul>\n<p>[\/vc_column_text][\/vc_column][\/vc_row]<\/p>\n<\/div>","protected":false},"excerpt":{"rendered":"<p>Das <b>Okayo EarME GO<\/b> ist ein <b>ultraleichtes und kompaktes Tourguide-System<\/b>, das sich durch seinen <b>kabellosen Empf\u00e4nger in Headset-Form<\/b> auszeichnet. Es arbeitet im <b>globalen 2,4-GHz-Band<\/b>, was den Einsatz auf jedem Kontinent erm\u00f6glicht.<\/p>\n","protected":false},"featured_media":68294,"template":"","meta":{"_acf_changed":false},"product_brand":[],"product_cat":[5989],"product_tag":[],"class_list":{"0":"post-68237","1":"product","2":"type-product","3":"status-publish","4":"has-post-thumbnail","6":"product_cat-modelle-de","8":"first","9":"instock","10":"taxable","11":"shipping-taxable","12":"product-type-grouped"},"acf":[],"_links":{"self":[{"href":"https:\/\/mexpo.eu\/de\/wp-json\/wp\/v2\/product\/68237","targetHints":{"allow":["GET"]}}],"collection":[{"href":"https:\/\/mexpo.eu\/de\/wp-json\/wp\/v2\/product"}],"about":[{"href":"https:\/\/mexpo.eu\/de\/wp-json\/wp\/v2\/types\/product"}],"wp:featuredmedia":[{"embeddable":true,"href":"https:\/\/mexpo.eu\/de\/wp-json\/wp\/v2\/media\/68294"}],"wp:attachment":[{"href":"https:\/\/mexpo.eu\/de\/wp-json\/wp\/v2\/media?parent=68237"}],"wp:term":[{"taxonomy":"product_brand","embeddable":true,"href":"https:\/\/mexpo.eu\/de\/wp-json\/wp\/v2\/product_brand?post=68237"},{"taxonomy":"product_cat","embeddable":true,"href":"https:\/\/mexpo.eu\/de\/wp-json\/wp\/v2\/product_cat?post=68237"},{"taxonomy":"product_tag","embeddable":true,"href":"https:\/\/mexpo.eu\/de\/wp-json\/wp\/v2\/product_tag?post=68237"}],"curies":[{"name":"wp","href":"https:\/\/api.w.org\/{rel}","templated":true}]}}