{"id":68214,"date":"2026-02-09T15:34:55","date_gmt":"2026-02-09T14:34:55","guid":{"rendered":"https:\/\/mexpo.eu\/?post_type=product&#038;p=68214"},"modified":"2026-02-17T13:43:34","modified_gmt":"2026-02-17T12:43:34","slug":"okayo-earme-go-stb-tourguide-set-111","status":"publish","type":"product","link":"https:\/\/mexpo.eu\/de\/produkt\/okayo-earme-go-stb-tourguide-set-111\/","title":{"rendered":"Okayo EarME GO 2.4. GHz S+TB Tourguide-Set (11+1)"},"content":{"rendered":"<div class=\"wpb-content-wrapper\"><p>[vc_row][vc_column][vc_column_text css=&#8221;&#8221;]<\/p>\n<p data-path-to-node=\"10\"><b data-path-to-node=\"10\" data-index-in-node=\"0\">Set-Inhalt:<\/b><\/p>\n<ul>\n<li data-path-to-node=\"11,0,0\">1 Sender<\/li>\n<li data-path-to-node=\"11,1,0\">11 Empf\u00e4nger<\/li>\n<li data-path-to-node=\"11,2,0\">1 CHG-111 Ladetasche<\/li>\n<li data-path-to-node=\"11,3,0\">1 Mikrofon HEM-100A<\/li>\n<\/ul>\n<p><i data-path-to-node=\"11,4,0\" data-index-in-node=\"0\">Die Abbildungen des Zubeh\u00f6rs dienen nur zur Veranschaulichung; das tats\u00e4chliche Aussehen kann je nach Verf\u00fcgbarkeit variieren.<\/i><\/p>\n<p data-path-to-node=\"12\"><b data-path-to-node=\"12\" data-index-in-node=\"0\">Okayo EarME GO<\/b> ist ein modernes Einweg-Tourguide-System mit einem Ohrh\u00f6rer-Empf\u00e4nger und einem leichten, 50 Gramm schweren Sender. Das System bietet sowohl den Teilnehmern als auch dem Guide hohen Komfort und einen nahezu wartungsfreien Betrieb, selbst bei langen Touren. Es arbeitet im universellen <b data-path-to-node=\"12\" data-index-in-node=\"300\">2,4-GHz-Band<\/b>, was es weltweit zuverl\u00e4ssig und funktional macht, ohne dass Frequenzanpassungen erforderlich sind. Die Reichweite des Systems betr\u00e4gt ca. 70 m.<\/p>\n<p data-path-to-node=\"13\"><b data-path-to-node=\"13\" data-index-in-node=\"0\">Modellmerkmale:<\/b><\/p>\n<ul>\n<li data-path-to-node=\"14,0,0\"><b data-path-to-node=\"14,0,0\" data-index-in-node=\"0\">Globaler Einsatz:<\/b> Arbeitet im universellen 2,4-GHz-Band, was eine legale und problemlose Nutzung weltweit erm\u00f6glicht.<\/li>\n<li data-path-to-node=\"14,1,0\"><b data-path-to-node=\"14,1,0\" data-index-in-node=\"0\">Ultraleichte Bauweise:<\/b> Der Sender wiegt 50 g und der kompakte Ohrh\u00f6rer garantiert volle Bewegungsfreiheit.<\/li>\n<li data-path-to-node=\"14,2,0\"><b data-path-to-node=\"14,2,0\" data-index-in-node=\"0\">Lange Betriebsdauer:<\/b> Die Akkus halten mit einer Ladung \u00fcber 30 Stunden (Sender) und 25 Stunden (Empf\u00e4nger).<\/li>\n<li data-path-to-node=\"14,3,0\"><b data-path-to-node=\"14,3,0\" data-index-in-node=\"0\">Klarer Klang:<\/b> Bietet eine exzellente, deutliche Sprach\u00fcbertragung, was den H\u00f6rkomfort erh\u00f6ht.<\/li>\n<li data-path-to-node=\"14,4,0\"><b data-path-to-node=\"14,4,0\" data-index-in-node=\"0\">Einfache Bedienung:<\/b> Zwei komfortable Tasten erm\u00f6glichen eine schnelle Lautst\u00e4rkeregelung und Kanalwahl.<\/li>\n<li data-path-to-node=\"14,5,0\"><b data-path-to-node=\"14,5,0\" data-index-in-node=\"0\">Wirtschaftlich:<\/b> Dank der Empf\u00e4nger in Form von Ohrh\u00f6rern m\u00fcssen Sie sich keine Gedanken \u00fcber den Batteriewechsel oder den Kauf zus\u00e4tzlicher Einwegkopfh\u00f6rer machen.<\/li>\n<\/ul>\n<p>[\/vc_column_text][\/vc_column][\/vc_row]<\/p>\n<\/div>","protected":false},"excerpt":{"rendered":"<p>Das <b>Okayo EarME GO S+TB (11+1)<\/b> ist ein <b>komplettes F\u00fchrungsset mit Ladetasche<\/b>, basierend auf dem modernen drahtlosen Kommunikationssystem Okayo EarME GO. Dank der Nutzung des <b>globalen 2,4-GHz-Bandes<\/b> ist es weltweit uneingeschr\u00e4nkt einsatzbereit.<\/p>\n","protected":false},"featured_media":68327,"template":"","meta":{"_acf_changed":false},"product_brand":[],"product_cat":[5201],"product_tag":[],"class_list":{"0":"post-68214","1":"product","2":"type-product","3":"status-publish","4":"has-post-thumbnail","6":"product_cat-tour-guide-sets-tour-guide-systeme","8":"first","9":"instock","10":"taxable","11":"shipping-taxable","12":"purchasable","13":"product-type-simple"},"acf":[],"_links":{"self":[{"href":"https:\/\/mexpo.eu\/de\/wp-json\/wp\/v2\/product\/68214","targetHints":{"allow":["GET"]}}],"collection":[{"href":"https:\/\/mexpo.eu\/de\/wp-json\/wp\/v2\/product"}],"about":[{"href":"https:\/\/mexpo.eu\/de\/wp-json\/wp\/v2\/types\/product"}],"wp:featuredmedia":[{"embeddable":true,"href":"https:\/\/mexpo.eu\/de\/wp-json\/wp\/v2\/media\/68327"}],"wp:attachment":[{"href":"https:\/\/mexpo.eu\/de\/wp-json\/wp\/v2\/media?parent=68214"}],"wp:term":[{"taxonomy":"product_brand","embeddable":true,"href":"https:\/\/mexpo.eu\/de\/wp-json\/wp\/v2\/product_brand?post=68214"},{"taxonomy":"product_cat","embeddable":true,"href":"https:\/\/mexpo.eu\/de\/wp-json\/wp\/v2\/product_cat?post=68214"},{"taxonomy":"product_tag","embeddable":true,"href":"https:\/\/mexpo.eu\/de\/wp-json\/wp\/v2\/product_tag?post=68214"}],"curies":[{"name":"wp","href":"https:\/\/api.w.org\/{rel}","templated":true}]}}