{"id":68207,"date":"2026-02-09T15:34:54","date_gmt":"2026-02-09T14:34:54","guid":{"rendered":"https:\/\/mexpo.eu\/?post_type=product&#038;p=68207"},"modified":"2026-02-17T11:15:43","modified_gmt":"2026-02-17T10:15:43","slug":"okayo-earme-go-empfanger","status":"publish","type":"product","link":"https:\/\/mexpo.eu\/de\/produkt\/okayo-earme-go-empfanger\/","title":{"rendered":"Okayo EarME GO 2.4 GHz Empf\u00e4nger"},"content":{"rendered":"<div class=\"wpb-content-wrapper\"><p>[vc_row][vc_column][vc_column_text css=&#8221;&#8221;]<\/p>\n<p data-path-to-node=\"7\"><b data-path-to-node=\"7\" data-index-in-node=\"0\">Okayo EarME GO<\/b> ist ein modernes Einweg-Tourguide-System mit einem Ohrh\u00f6rer-Empf\u00e4nger und einem leichten, 50 Gramm schweren Sender. Das System bietet sowohl den Teilnehmern als auch dem Guide hohen Komfort und einen nahezu wartungsfreien Betrieb, selbst bei langen Touren. Es arbeitet im universellen <b data-path-to-node=\"7\" data-index-in-node=\"300\">2,4-GHz-Band<\/b>, was es weltweit zuverl\u00e4ssig und funktional macht, ohne dass Frequenzanpassungen erforderlich sind. Die Reichweite des Systems betr\u00e4gt ca. 70 m.<\/p>\n<p data-path-to-node=\"8\">Der f\u00fcr das Okayo EarME GO-System konzipierte <b data-path-to-node=\"8\" data-index-in-node=\"46\">Empf\u00e4nger<\/b> hat die Form eines leichten, kabellosen Ohrh\u00f6rers. Sie m\u00fcssen sich keine Sorgen um Kabelsalat oder die Bereitstellung von Einwegkopfh\u00f6rern machen. Dank des gummierten Ohrb\u00fcgels, der sowohl am rechten als auch am linken Ohr getragen werden kann, sitzt das Ger\u00e4t stabil und garantiert Komfort auch bei mehrst\u00fcndiger Nutzung. Das ergonomische Design sorgt daf\u00fcr, dass der Ohrh\u00f6rer weder dr\u00fcckt noch das Ohr belastet.<\/p>\n<p>[\/vc_column_text][\/vc_column][\/vc_row]<\/p>\n<\/div>","protected":false},"excerpt":{"rendered":"<p>Der Empf\u00e4nger ist ein <b>leichtes, kabelloses Headset<\/b>, das speziell f\u00fcr das unidirektionale <b>Okayo EarME GO<\/b>-System entwickelt wurde. Dank des <b>gummierten Ohrhakens<\/b>, der f\u00fcr das rechte oder linke Ohr geeignet ist, sitzt das Headset <b>sicher<\/b> und bietet <b>hohen Tragekomfort<\/b>.<\/p>\n","protected":false},"featured_media":68288,"template":"","meta":{"_acf_changed":false},"product_brand":[],"product_cat":[5990],"product_tag":[],"class_list":{"0":"post-68207","1":"product","2":"type-product","3":"status-publish","4":"has-post-thumbnail","6":"product_cat-sender-und-empfaenger","8":"first","9":"instock","10":"taxable","11":"shipping-taxable","12":"purchasable","13":"product-type-simple"},"acf":[],"_links":{"self":[{"href":"https:\/\/mexpo.eu\/de\/wp-json\/wp\/v2\/product\/68207","targetHints":{"allow":["GET"]}}],"collection":[{"href":"https:\/\/mexpo.eu\/de\/wp-json\/wp\/v2\/product"}],"about":[{"href":"https:\/\/mexpo.eu\/de\/wp-json\/wp\/v2\/types\/product"}],"wp:featuredmedia":[{"embeddable":true,"href":"https:\/\/mexpo.eu\/de\/wp-json\/wp\/v2\/media\/68288"}],"wp:attachment":[{"href":"https:\/\/mexpo.eu\/de\/wp-json\/wp\/v2\/media?parent=68207"}],"wp:term":[{"taxonomy":"product_brand","embeddable":true,"href":"https:\/\/mexpo.eu\/de\/wp-json\/wp\/v2\/product_brand?post=68207"},{"taxonomy":"product_cat","embeddable":true,"href":"https:\/\/mexpo.eu\/de\/wp-json\/wp\/v2\/product_cat?post=68207"},{"taxonomy":"product_tag","embeddable":true,"href":"https:\/\/mexpo.eu\/de\/wp-json\/wp\/v2\/product_tag?post=68207"}],"curies":[{"name":"wp","href":"https:\/\/api.w.org\/{rel}","templated":true}]}}