{"id":68111,"date":"2026-02-09T15:21:32","date_gmt":"2026-02-09T14:21:32","guid":{"rendered":"https:\/\/mexpo.eu\/?post_type=product&#038;p=68111"},"modified":"2026-02-17T11:13:26","modified_gmt":"2026-02-17T10:13:26","slug":"okayo-earme-go-sender","status":"publish","type":"product","link":"https:\/\/mexpo.eu\/de\/produkt\/okayo-earme-go-sender\/","title":{"rendered":"Okayo EarME GO 2.4GHz Sender"},"content":{"rendered":"<div class=\"wpb-content-wrapper\"><p>[vc_row][vc_column][vc_column_text css=&#8221;&#8221;]<\/p>\n<p data-path-to-node=\"8\"><b data-path-to-node=\"8\" data-index-in-node=\"0\">Okayo EarME GO<\/b> ist ein modernes Einweg-Tourguide-System mit einem Ohrh\u00f6rer-Empf\u00e4nger und einem leichten, nur 50 Gramm schweren Sender. Das System bietet sowohl den Teilnehmern als auch dem Guide hohen Komfort und einen nahezu wartungsfreien Betrieb, selbst bei langen Touren. Es arbeitet im universellen <b data-path-to-node=\"8\" data-index-in-node=\"304\">2.4-GHz-Band<\/b>, was es weltweit zuverl\u00e4ssig und funktional macht, ohne dass Frequenzanpassungen erforderlich sind. Die Reichweite des Systems betr\u00e4gt ca. 70 m.<\/p>\n<p data-path-to-node=\"9\">Der <b data-path-to-node=\"9\" data-index-in-node=\"4\">Sender<\/b> f\u00fcr das Okayo EarME GO-System ist ein kompaktes Ger\u00e4t, das problemlos in der Handfl\u00e4che Platz findet und nur 50 g wiegt. Dank des integrierten Lithium-Ionen-Akkus mit einer Kapazit\u00e4t von 1300 mAh garantiert er eine lange Betriebsdauer von ca. 30 Stunden pro Ladung. Er verf\u00fcgt \u00fcber ein eingebautes Mikrofon und eine 3,5-mm-Klinkenbuchse zum Anschluss eines externen Mikrofons. Das Ger\u00e4t ist mit einem \u00fcbersichtlichen Display ausgestattet, das \u00fcber den Batteriestand, die Kanalnummer und den Sperrstatus informiert, sowie \u00fcber intuitive Bedientasten.<\/p>\n<p>[\/vc_column_text][\/vc_column][\/vc_row]<\/p>\n<\/div>","protected":false},"excerpt":{"rendered":"<p>Der Sender, dediziert f\u00fcr das unidirektionale System <b>Okayo EarME GO<\/b>. Er arbeitet im <b>globalen 2,4-GHz-Band<\/b>, was seinen weltweiten Einsatz erm\u00f6glicht. <b>Ultraleicht<\/b>, ausgestattet mit einem klaren <b>LCD-Display<\/b> und <b>intuitiven Tasten<\/b>.<\/p>\n","protected":false},"featured_media":68133,"template":"","meta":{"_acf_changed":false},"product_brand":[],"product_cat":[5990],"product_tag":[],"class_list":{"0":"post-68111","1":"product","2":"type-product","3":"status-publish","4":"has-post-thumbnail","6":"product_cat-sender-und-empfaenger","8":"first","9":"instock","10":"taxable","11":"shipping-taxable","12":"purchasable","13":"product-type-simple"},"acf":[],"_links":{"self":[{"href":"https:\/\/mexpo.eu\/de\/wp-json\/wp\/v2\/product\/68111","targetHints":{"allow":["GET"]}}],"collection":[{"href":"https:\/\/mexpo.eu\/de\/wp-json\/wp\/v2\/product"}],"about":[{"href":"https:\/\/mexpo.eu\/de\/wp-json\/wp\/v2\/types\/product"}],"wp:featuredmedia":[{"embeddable":true,"href":"https:\/\/mexpo.eu\/de\/wp-json\/wp\/v2\/media\/68133"}],"wp:attachment":[{"href":"https:\/\/mexpo.eu\/de\/wp-json\/wp\/v2\/media?parent=68111"}],"wp:term":[{"taxonomy":"product_brand","embeddable":true,"href":"https:\/\/mexpo.eu\/de\/wp-json\/wp\/v2\/product_brand?post=68111"},{"taxonomy":"product_cat","embeddable":true,"href":"https:\/\/mexpo.eu\/de\/wp-json\/wp\/v2\/product_cat?post=68111"},{"taxonomy":"product_tag","embeddable":true,"href":"https:\/\/mexpo.eu\/de\/wp-json\/wp\/v2\/product_tag?post=68111"}],"curies":[{"name":"wp","href":"https:\/\/api.w.org\/{rel}","templated":true}]}}