{"id":67888,"date":"2025-12-11T10:58:16","date_gmt":"2025-12-11T09:58:16","guid":{"rendered":"https:\/\/mexpo.eu\/produkt\/aufkleber-fuer-empfaenger-und-sender-100-stk\/"},"modified":"2025-12-11T10:58:16","modified_gmt":"2025-12-11T09:58:16","slug":"aufkleber-fuer-empfaenger-und-sender-100-stk","status":"publish","type":"product","link":"https:\/\/mexpo.eu\/de\/produkt\/aufkleber-fuer-empfaenger-und-sender-100-stk\/","title":{"rendered":"Aufkleber f\u00fcr Empf\u00e4nger und Sender (100 Stk.)"},"content":{"rendered":"<p><strong>Kaufen Sie mindestens 50 Empf\u00e4nger der Modelle Okayo WT-300D, mGuide Pellegrino 2 oder Okayo WaveTalk und Sie erhalten ein Paket Aufkleber GRATIS!<\/strong><\/p>\n<p>Personalisierte Aufkleber sind die ideale L\u00f6sung, um Ihre Empf\u00e4nger und Sender nicht nur leicht identifizierbar zu machen, sondern auch um Ihre Marke zu bewerben.<\/p>\n<ul>\n<li><strong>Volle Personalisierung:<\/strong>\u00a0Senden Sie uns einfach eine Datei mit Ihrem Firmenlogo (oder einer beliebigen Grafikdatei), und\u00a0<strong>die Aufkleber werden perfekt auf Ihr System zugeschnitten<\/strong>\u00a0(Okayo WT-300D, mGuide Pellegrino 2 oder Okayo WaveTalk).<\/li>\n<li><strong>Haltbarkeit und Best\u00e4ndigkeit:<\/strong>\u00a0Sender und insbesondere Empf\u00e4nger sind oft anspruchsvollen Bedingungen ausgesetzt. Unsere Aufkleber bestehen aus\u00a0<strong>hochwertigen, langlebigen Materialien<\/strong>, die abrieb-, feuchtigkeits- und sogar UV-best\u00e4ndig sind.<\/li>\n<li><strong>Identifikation und Sicherheit:<\/strong>\u00a0Aufkleber mit Ihrem Logo\u00a0<strong>sch\u00fctzen die Ger\u00e4te vor Verwechslungen und erleichtern die Inventarisierung<\/strong>. Sie dienen als eindeutiges Eigentumszeichen, was besonders beim Verleih oder bei der Arbeit auf Gro\u00dfveranstaltungen entscheidend ist.<\/li>\n<\/ul>\n<p><strong>Die Aufkleber sind f\u00fcr folgende Modelle vorgesehen:<\/strong><\/p>\n<ul>\n<li>Okayo WT-300D (Aufkleberma\u00dfe: 31 x 45 mm)<\/li>\n<li>mGuide Pellegrino 2 (Aufkleberma\u00dfe: 41,1 x 27,3 mm)<\/li>\n<li>Okayo WaveTalk (Aufkleberma\u00dfe: 27 x 20 mm)<\/li>\n<\/ul>\n","protected":false},"excerpt":{"rendered":"<p>Personalisierte Aufkleber mit Ihrem eigenen Logo f\u00fcr Sender und Empf\u00e4nger f\u00fcr die Modelle Okayo WT-300D, mGuide Pellegrino 2 und Okayo WaveTalk. Der Preis gilt f\u00fcr ein Paket von 100 Aufklebern.<\/p>\n","protected":false},"featured_media":67999,"template":"","meta":{"_acf_changed":false},"product_brand":[],"product_cat":[5262,5980],"product_tag":[],"class_list":{"0":"post-67888","1":"product","2":"type-product","3":"status-publish","4":"has-post-thumbnail","6":"product_cat-sonstiges-zubehor","7":"product_cat-tour-guide-systeme","9":"first","10":"instock","11":"taxable","12":"shipping-taxable","13":"purchasable","14":"product-type-variable"},"acf":[],"_links":{"self":[{"href":"https:\/\/mexpo.eu\/de\/wp-json\/wp\/v2\/product\/67888","targetHints":{"allow":["GET"]}}],"collection":[{"href":"https:\/\/mexpo.eu\/de\/wp-json\/wp\/v2\/product"}],"about":[{"href":"https:\/\/mexpo.eu\/de\/wp-json\/wp\/v2\/types\/product"}],"wp:featuredmedia":[{"embeddable":true,"href":"https:\/\/mexpo.eu\/de\/wp-json\/wp\/v2\/media\/67999"}],"wp:attachment":[{"href":"https:\/\/mexpo.eu\/de\/wp-json\/wp\/v2\/media?parent=67888"}],"wp:term":[{"taxonomy":"product_brand","embeddable":true,"href":"https:\/\/mexpo.eu\/de\/wp-json\/wp\/v2\/product_brand?post=67888"},{"taxonomy":"product_cat","embeddable":true,"href":"https:\/\/mexpo.eu\/de\/wp-json\/wp\/v2\/product_cat?post=67888"},{"taxonomy":"product_tag","embeddable":true,"href":"https:\/\/mexpo.eu\/de\/wp-json\/wp\/v2\/product_tag?post=67888"}],"curies":[{"name":"wp","href":"https:\/\/api.w.org\/{rel}","templated":true}]}}