{"id":67668,"date":"2025-11-03T10:24:06","date_gmt":"2025-11-03T09:24:06","guid":{"rendered":"https:\/\/mexpo.eu\/produkt\/haken-hygienische-leine-set-50-stueck\/"},"modified":"2025-11-03T10:24:06","modified_gmt":"2025-11-03T09:24:06","slug":"haken-hygienische-leine-set-50-stueck","status":"publish","type":"product","link":"https:\/\/mexpo.eu\/de\/produkt\/haken-hygienische-leine-set-50-stueck\/","title":{"rendered":"Haken + hygienische Leine (Set) 50 St\u00fcck."},"content":{"rendered":"<p>Ein Set (50 St\u00fcck) weicher, hygienischer Leinen aus nat\u00fcrlicher Baumwolle mit ZK-Haken.<\/p>\n","protected":false},"excerpt":{"rendered":"<p>Baumwoll-Lanyard f\u00fcr Tourguidesysteme mit ZK-Haken.<\/p>\n","protected":false},"featured_media":67666,"template":"","meta":{"_acf_changed":false},"product_brand":[],"product_cat":[5992],"product_tag":[],"class_list":{"0":"post-67668","1":"product","2":"type-product","3":"status-publish","4":"has-post-thumbnail","6":"product_cat-umhaengebaender","8":"first","9":"instock","10":"taxable","11":"shipping-taxable","12":"purchasable","13":"product-type-simple"},"acf":[],"_links":{"self":[{"href":"https:\/\/mexpo.eu\/de\/wp-json\/wp\/v2\/product\/67668","targetHints":{"allow":["GET"]}}],"collection":[{"href":"https:\/\/mexpo.eu\/de\/wp-json\/wp\/v2\/product"}],"about":[{"href":"https:\/\/mexpo.eu\/de\/wp-json\/wp\/v2\/types\/product"}],"wp:featuredmedia":[{"embeddable":true,"href":"https:\/\/mexpo.eu\/de\/wp-json\/wp\/v2\/media\/67666"}],"wp:attachment":[{"href":"https:\/\/mexpo.eu\/de\/wp-json\/wp\/v2\/media?parent=67668"}],"wp:term":[{"taxonomy":"product_brand","embeddable":true,"href":"https:\/\/mexpo.eu\/de\/wp-json\/wp\/v2\/product_brand?post=67668"},{"taxonomy":"product_cat","embeddable":true,"href":"https:\/\/mexpo.eu\/de\/wp-json\/wp\/v2\/product_cat?post=67668"},{"taxonomy":"product_tag","embeddable":true,"href":"https:\/\/mexpo.eu\/de\/wp-json\/wp\/v2\/product_tag?post=67668"}],"curies":[{"name":"wp","href":"https:\/\/api.w.org\/{rel}","templated":true}]}}