{"id":67390,"date":"2025-10-20T14:12:09","date_gmt":"2025-10-20T12:12:09","guid":{"rendered":"https:\/\/mexpo.eu\/produkt\/fbi-re-ersatz-ohrhoerer-fuer-das-headset-vom-gst-fbi\/"},"modified":"2025-10-20T14:12:09","modified_gmt":"2025-10-20T12:12:09","slug":"fbi-re-ersatz-ohrhoerer-fuer-das-headset-vom-gst-fbi","status":"publish","type":"product","link":"https:\/\/mexpo.eu\/de\/produkt\/fbi-re-ersatz-ohrhoerer-fuer-das-headset-vom-gst-fbi\/","title":{"rendered":"FBI-RE \u2013 Ersatz-Ohrh\u00f6rer f\u00fcr das Headset vom GST-FBI"},"content":{"rendered":"<p><b>Ersatz-Ohrh\u00f6rer (Akustikschlauch) f\u00fcr das GST-FBI Headset mit Kleiderclip.<\/b><\/p>\n<p>Die Hauptvorteile des FBI-RE:<\/p>\n<ul>\n<li><b>Maximale Diskretion:<\/b>\u00a0Der flexible und transparente Schlauch ist nahezu unsichtbar und somit ideal f\u00fcr Sicherheitsdienste, Personensch\u00fctzer (<b>Bodyguards<\/b>) sowie Mitarbeiter von Veranstaltungen, Kasinos und Diskotheken.<\/li>\n<li><b>Einhaltung der Hygiene:<\/b>\u00a0Als austauschbares Element verkauft, erm\u00f6glicht er einen schnellen und einfachen Wechsel des Ohrh\u00f6rers zwischen Benutzern, was bei Personalrotation und intensivem Gebrauch entscheidend ist.<\/li>\n<li><b>Hohe Klangqualit\u00e4t:<\/b>\u00a0In Verbindung mit dem GST-FBI Headset \u00fcbertr\u00e4gt es den Ton der mGuide GST Gegensprechanlage effektiv direkt ins Ohr und gew\u00e4hrleistet so klare und verst\u00e4ndliche Mitteilungen, selbst in lauten Umgebungen.<\/li>\n<li><b>Komfort:<\/b>\u00a0Es verf\u00fcgt \u00fcber ein spiralf\u00f6rmiges, flexibles Segment, das sich der Kopfform anpasst und so das Risiko des Herausfallens minimiert. Der integrierte Metallclip erm\u00f6glicht eine sichere Befestigung des H\u00f6rers am Kragen oder an der Kleidung.<\/li>\n<\/ul>\n","protected":false},"excerpt":{"rendered":"<p>Austauschbarer H\u00f6rer (Akustikschlauch) f\u00fcr das diskrete GST-FBI Headset.<\/p>\n","protected":false},"featured_media":67389,"template":"","meta":{"_acf_changed":false},"product_brand":[],"product_cat":[5924],"product_tag":[],"class_list":{"0":"post-67390","1":"product","2":"type-product","3":"status-publish","4":"has-post-thumbnail","6":"product_cat-hygiene-de","8":"first","9":"instock","10":"taxable","11":"shipping-taxable","12":"purchasable","13":"product-type-simple"},"acf":[],"_links":{"self":[{"href":"https:\/\/mexpo.eu\/de\/wp-json\/wp\/v2\/product\/67390","targetHints":{"allow":["GET"]}}],"collection":[{"href":"https:\/\/mexpo.eu\/de\/wp-json\/wp\/v2\/product"}],"about":[{"href":"https:\/\/mexpo.eu\/de\/wp-json\/wp\/v2\/types\/product"}],"wp:featuredmedia":[{"embeddable":true,"href":"https:\/\/mexpo.eu\/de\/wp-json\/wp\/v2\/media\/67389"}],"wp:attachment":[{"href":"https:\/\/mexpo.eu\/de\/wp-json\/wp\/v2\/media?parent=67390"}],"wp:term":[{"taxonomy":"product_brand","embeddable":true,"href":"https:\/\/mexpo.eu\/de\/wp-json\/wp\/v2\/product_brand?post=67390"},{"taxonomy":"product_cat","embeddable":true,"href":"https:\/\/mexpo.eu\/de\/wp-json\/wp\/v2\/product_cat?post=67390"},{"taxonomy":"product_tag","embeddable":true,"href":"https:\/\/mexpo.eu\/de\/wp-json\/wp\/v2\/product_tag?post=67390"}],"curies":[{"name":"wp","href":"https:\/\/api.w.org\/{rel}","templated":true}]}}