{"id":66418,"date":"2025-08-28T11:25:38","date_gmt":"2025-08-28T11:25:38","guid":{"rendered":"https:\/\/mexpo.eu\/?post_type=product&#038;p=66418"},"modified":"2025-08-28T11:25:38","modified_gmt":"2025-08-28T11:25:38","slug":"em-aus-ohrhorer-10-stuck","status":"publish","type":"product","link":"https:\/\/mexpo.eu\/de\/produkt\/em-aus-ohrhorer-10-stuck\/","title":{"rendered":"EM-AUS Ohrh\u00f6rer (10 St\u00fcck)"},"content":{"rendered":"<p>Komfortable, verstellbare Stereokopfh\u00f6rer \u2013 perfekt f\u00fcr Sightseeing und Ausfl\u00fcge<\/p>\n<p>Komfortable On-Ear-Kopfh\u00f6rer f\u00fcr langes Tragen, insbesondere bei Museumsbesuchen, Audioguides oder Bildungsveranstaltungen. Dank des verstellbaren Kopfb\u00fcgels und des leichten Designs passen sie sich jeder Kopfform an und bieten stundenlangen Tragekomfort.<\/p>\n<p>Die Kopfh\u00f6rer verf\u00fcgen \u00fcber einen 3,5-mm-Klinkenstecker und sind mit den meisten Mediaplayern, Audioguides, Smartphones, Tablets und Computern kompatibel. Das 90 cm lange Kabel erm\u00f6glicht den bequemen Anschluss an Ger\u00e4te, die um den Hals, in der Tasche oder an einem Schl\u00fcsselband getragen werden.<\/p>\n","protected":false},"excerpt":{"rendered":"<p>Stereokopfh\u00f6rer mit verstellbarem Kopfb\u00fcgel und Lautsprecherpolstern aus Kunstleder. Idealer, \u00e4u\u00dferst bequemer Kopfh\u00f6rer f\u00fcr den l\u00e4ngeren Gebrauch beim Museumsbesuch oder auf Reisen.<\/p>\n","protected":false},"featured_media":66389,"template":"","meta":{"_acf_changed":false},"product_brand":[],"product_cat":[5998],"product_tag":[],"class_list":{"0":"post-66418","1":"product","2":"type-product","3":"status-publish","4":"has-post-thumbnail","6":"product_cat-mehrwegkopfhoerer","8":"first","9":"instock","10":"taxable","11":"shipping-taxable","12":"purchasable","13":"product-type-simple"},"acf":[],"_links":{"self":[{"href":"https:\/\/mexpo.eu\/de\/wp-json\/wp\/v2\/product\/66418","targetHints":{"allow":["GET"]}}],"collection":[{"href":"https:\/\/mexpo.eu\/de\/wp-json\/wp\/v2\/product"}],"about":[{"href":"https:\/\/mexpo.eu\/de\/wp-json\/wp\/v2\/types\/product"}],"wp:featuredmedia":[{"embeddable":true,"href":"https:\/\/mexpo.eu\/de\/wp-json\/wp\/v2\/media\/66389"}],"wp:attachment":[{"href":"https:\/\/mexpo.eu\/de\/wp-json\/wp\/v2\/media?parent=66418"}],"wp:term":[{"taxonomy":"product_brand","embeddable":true,"href":"https:\/\/mexpo.eu\/de\/wp-json\/wp\/v2\/product_brand?post=66418"},{"taxonomy":"product_cat","embeddable":true,"href":"https:\/\/mexpo.eu\/de\/wp-json\/wp\/v2\/product_cat?post=66418"},{"taxonomy":"product_tag","embeddable":true,"href":"https:\/\/mexpo.eu\/de\/wp-json\/wp\/v2\/product_tag?post=66418"}],"curies":[{"name":"wp","href":"https:\/\/api.w.org\/{rel}","templated":true}]}}