{"id":66373,"date":"2025-08-28T12:11:56","date_gmt":"2025-08-28T12:11:56","guid":{"rendered":"https:\/\/mexpo.eu\/?post_type=product&#038;p=66373"},"modified":"2025-08-28T12:11:56","modified_gmt":"2025-08-28T12:11:56","slug":"mguide-pellegrino-easy-sender","status":"publish","type":"product","link":"https:\/\/mexpo.eu\/de\/produkt\/mguide-pellegrino-easy-sender\/","title":{"rendered":"mGuide Pellegrino Easy Sender"},"content":{"rendered":"<p>Sender, der f\u00fcr das mGuide Pellegrino Easy-System konzipiert ist. Das Ger\u00e4t ist ultraleicht &#8211; es wiegt nur 45 Gramm, was es auch bei l\u00e4ngerem Gebrauch \u00e4u\u00dferst bequem macht.<br \/>\nmehrst\u00fcndiger Nutzung, z. B. bei Rundfahrten. Der Komfort der Nutzung wird durch einen praktischen Clip, der das einfache Befestigen des Ger\u00e4ts an der Kleidung erm\u00f6glicht, weiter erh\u00f6ht.<\/p>\n<p>Wichtige Merkmale des mGuide Pellegrino Easy:<\/p>\n<ul>\n<li>Intelligentes Gruppen-Pairing: Erm\u00f6glicht das schnelle Hinzuf\u00fcgen eines oder mehrerer Empf\u00e4nger zu einer bestehenden Gruppe durch automatische Frequenzsynchronisation.<\/li>\n<li>Hochleistungsakku: Bietet 16 bis 23 Stunden kontinuierliche Betriebsdauer pro Ladung.<\/li>\n<li>Schnellladung: Das vollst\u00e4ndige Laden des Akkus \u00fcber den USB-C-Anschluss dauert nur 2 bis 4,5 Stunden.<\/li>\n<li>Energieeinsparungsfunktionen: Der Sender schaltet sich nach 20 Minuten ohne Ton automatisch aus, der Empf\u00e4nger nach 20 Minuten ohne Signal, was die Betriebsdauer verl\u00e4ngert.<\/li>\n<li>Audio-Flexibilit\u00e4t: Die Sender verf\u00fcgen sowohl \u00fcber einen integrierten als auch \u00fcber einen Anschluss f\u00fcr einen externen Mikrofon, um sich an die Bed\u00fcrfnisse des Benutzers anzupassen.<\/li>\n<\/ul>\n","protected":false},"excerpt":{"rendered":"<p>Einweg-Digital-Sender des mGuide-Systems Pellegrino Easy. Kompakt und ultraleicht. Mit eingebautem Mikrofon.<\/p>\n","protected":false},"featured_media":66340,"template":"","meta":{"_acf_changed":false},"product_brand":[],"product_cat":[5990],"product_tag":[],"class_list":{"0":"post-66373","1":"product","2":"type-product","3":"status-publish","4":"has-post-thumbnail","6":"product_cat-sender-und-empfaenger","8":"first","9":"instock","10":"taxable","11":"shipping-taxable","12":"purchasable","13":"product-type-simple"},"acf":[],"_links":{"self":[{"href":"https:\/\/mexpo.eu\/de\/wp-json\/wp\/v2\/product\/66373","targetHints":{"allow":["GET"]}}],"collection":[{"href":"https:\/\/mexpo.eu\/de\/wp-json\/wp\/v2\/product"}],"about":[{"href":"https:\/\/mexpo.eu\/de\/wp-json\/wp\/v2\/types\/product"}],"wp:featuredmedia":[{"embeddable":true,"href":"https:\/\/mexpo.eu\/de\/wp-json\/wp\/v2\/media\/66340"}],"wp:attachment":[{"href":"https:\/\/mexpo.eu\/de\/wp-json\/wp\/v2\/media?parent=66373"}],"wp:term":[{"taxonomy":"product_brand","embeddable":true,"href":"https:\/\/mexpo.eu\/de\/wp-json\/wp\/v2\/product_brand?post=66373"},{"taxonomy":"product_cat","embeddable":true,"href":"https:\/\/mexpo.eu\/de\/wp-json\/wp\/v2\/product_cat?post=66373"},{"taxonomy":"product_tag","embeddable":true,"href":"https:\/\/mexpo.eu\/de\/wp-json\/wp\/v2\/product_tag?post=66373"}],"curies":[{"name":"wp","href":"https:\/\/api.w.org\/{rel}","templated":true}]}}