{"id":66368,"date":"2025-08-28T12:12:01","date_gmt":"2025-08-28T12:12:01","guid":{"rendered":"https:\/\/mexpo.eu\/?post_type=product&#038;p=66368"},"modified":"2025-09-09T08:20:24","modified_gmt":"2025-09-09T08:20:24","slug":"mguide-pellegrino-easy-s-171-tourguide-set","status":"publish","type":"product","link":"https:\/\/mexpo.eu\/de\/produkt\/mguide-pellegrino-easy-s-171-tourguide-set\/","title":{"rendered":"mGuide Pellegrino Easy | S (17+1) Tourguide-Set"},"content":{"rendered":"<p>Kitinhalt:<\/p>\n<ul>\n<li>1 mGuide Pellegrino Easy Sender<\/li>\n<li>17 mGuide Pellegrino Easy Empf\u00e4nger<\/li>\n<li>1 TC-18SG Ladeetui<\/li>\n<li>17 Ohrh\u00f6rer der SH-Serie<\/li>\n<li>1 Mikrofon der LM-Serie<\/li>\n<li>Ger\u00e4te-Lanyards<br \/>\nDie Abbildungen des Zubeh\u00f6rs dienen nur zur Veranschaulichung. Ohrh\u00f6rer und Mikrofone k\u00f6nnen je nach Verf\u00fcgbarkeit variieren.<\/li>\n<\/ul>\n<p>Das mGuide Pellegrino Easy System ist ein kompaktes und leichtes (45 g) digitales Einweg-Kommunikationssystem, ideal f\u00fcr den Langzeiteinsatz, z. B. auf Reisen. Sein Hauptmerkmal ist die automatische Frequenzsuche und -abstimmung in Echtzeit. Dies gew\u00e4hrleistet eine stabile, st\u00f6rungsfreie \u00dcbertragung und macht eine manuelle Konfiguration \u00fcberfl\u00fcssig. Das Ger\u00e4t bietet eine Sichtweite von bis zu 110 m, Ger\u00e4uschunterdr\u00fcckung und eine praktische Clip-Halterung.<\/p>\n<p>Hauptmerkmale:<\/p>\n<p>Schnelle Gruppenkopplung von Empf\u00e4ngern.<\/p>\n<p>Akkulaufzeit: 16\u201323 Stunden, vollst\u00e4ndige Aufladung \u00fcber USB-C in 2\u20134,5 Stunden.<\/p>\n<p>Automatische Energiesparfunktion \u2013 schaltet sich nach 20 Minuten ohne Signal ab.<\/p>\n<p>Sender mit integriertem Mikrofon und Anschlussm\u00f6glichkeit f\u00fcr ein externes Mikrofon.<\/p>\n","protected":false},"excerpt":{"rendered":"<p>Der mGuide Pellegrino Easy S (17+1) ist ein komplettes, sofort einsatzbereites Set f\u00fcr eine siebzehnk\u00f6pfige Reisegruppe. Es enth\u00e4lt au\u00dferdem eine Tragetasche mit Ladeger\u00e4t, Kopfh\u00f6rer der SH-Serie, ein Mikrofon der LM-Serie und hygienische Trageb\u00e4nder f\u00fcr die Ger\u00e4te.<\/p>\n","protected":false},"featured_media":66439,"template":"","meta":{"_acf_changed":false},"product_brand":[],"product_cat":[5201],"product_tag":[],"class_list":{"0":"post-66368","1":"product","2":"type-product","3":"status-publish","4":"has-post-thumbnail","6":"product_cat-tour-guide-sets-tour-guide-systeme","8":"first","9":"instock","10":"taxable","11":"shipping-taxable","12":"purchasable","13":"product-type-simple"},"acf":[],"_links":{"self":[{"href":"https:\/\/mexpo.eu\/de\/wp-json\/wp\/v2\/product\/66368","targetHints":{"allow":["GET"]}}],"collection":[{"href":"https:\/\/mexpo.eu\/de\/wp-json\/wp\/v2\/product"}],"about":[{"href":"https:\/\/mexpo.eu\/de\/wp-json\/wp\/v2\/types\/product"}],"wp:featuredmedia":[{"embeddable":true,"href":"https:\/\/mexpo.eu\/de\/wp-json\/wp\/v2\/media\/66439"}],"wp:attachment":[{"href":"https:\/\/mexpo.eu\/de\/wp-json\/wp\/v2\/media?parent=66368"}],"wp:term":[{"taxonomy":"product_brand","embeddable":true,"href":"https:\/\/mexpo.eu\/de\/wp-json\/wp\/v2\/product_brand?post=66368"},{"taxonomy":"product_cat","embeddable":true,"href":"https:\/\/mexpo.eu\/de\/wp-json\/wp\/v2\/product_cat?post=66368"},{"taxonomy":"product_tag","embeddable":true,"href":"https:\/\/mexpo.eu\/de\/wp-json\/wp\/v2\/product_tag?post=66368"}],"curies":[{"name":"wp","href":"https:\/\/api.w.org\/{rel}","templated":true}]}}