{"id":66362,"date":"2025-08-28T12:12:03","date_gmt":"2025-08-28T12:12:03","guid":{"rendered":"https:\/\/mexpo.eu\/?post_type=product&#038;p=66362"},"modified":"2025-08-28T12:12:03","modified_gmt":"2025-08-28T12:12:03","slug":"tasche-mit-ladegerat-tc-18sg","status":"publish","type":"product","link":"https:\/\/mexpo.eu\/de\/produkt\/tasche-mit-ladegerat-tc-18sg\/","title":{"rendered":"Tasche mit Ladeger\u00e4t TC-18SG"},"content":{"rendered":"<p>Sammel-Ladeger\u00e4t in schwarzer Transporttasche mit Griff. Dediziert f\u00fcr 18 Ger\u00e4te mGuide Pellegrino Easy. Im Lieferumfang mit Kabel und Netzteil.<\/p>\n","protected":false},"excerpt":{"rendered":"<p>Sammel-Ladeger\u00e4t im Etui f\u00fcr 18 Ger\u00e4te mGuide Pellegrino Easy. Im Lieferumfang mit Kabel und Netzteil.<\/p>\n","protected":false},"featured_media":66264,"template":"","meta":{"_acf_changed":false},"product_brand":[],"product_cat":[6000],"product_tag":[],"class_list":{"0":"post-66362","1":"product","2":"type-product","3":"status-publish","4":"has-post-thumbnail","6":"product_cat-ladegeraete","8":"first","9":"instock","10":"taxable","11":"shipping-taxable","12":"purchasable","13":"product-type-simple"},"acf":[],"_links":{"self":[{"href":"https:\/\/mexpo.eu\/de\/wp-json\/wp\/v2\/product\/66362","targetHints":{"allow":["GET"]}}],"collection":[{"href":"https:\/\/mexpo.eu\/de\/wp-json\/wp\/v2\/product"}],"about":[{"href":"https:\/\/mexpo.eu\/de\/wp-json\/wp\/v2\/types\/product"}],"wp:featuredmedia":[{"embeddable":true,"href":"https:\/\/mexpo.eu\/de\/wp-json\/wp\/v2\/media\/66264"}],"wp:attachment":[{"href":"https:\/\/mexpo.eu\/de\/wp-json\/wp\/v2\/media?parent=66362"}],"wp:term":[{"taxonomy":"product_brand","embeddable":true,"href":"https:\/\/mexpo.eu\/de\/wp-json\/wp\/v2\/product_brand?post=66362"},{"taxonomy":"product_cat","embeddable":true,"href":"https:\/\/mexpo.eu\/de\/wp-json\/wp\/v2\/product_cat?post=66362"},{"taxonomy":"product_tag","embeddable":true,"href":"https:\/\/mexpo.eu\/de\/wp-json\/wp\/v2\/product_tag?post=66362"}],"curies":[{"name":"wp","href":"https:\/\/api.w.org\/{rel}","templated":true}]}}