{"id":66347,"date":"2025-08-28T12:12:07","date_gmt":"2025-08-28T12:12:07","guid":{"rendered":"https:\/\/mexpo.eu\/?post_type=product&#038;p=66347"},"modified":"2025-08-28T12:12:08","modified_gmt":"2025-08-28T12:12:08","slug":"tasche-mit-ladegerat-tc-36sg","status":"publish","type":"product","link":"https:\/\/mexpo.eu\/de\/produkt\/tasche-mit-ladegerat-tc-36sg\/","title":{"rendered":"Tasche mit Ladeger\u00e4t TC-36SG"},"content":{"rendered":"<p>Sammel-Ladeger\u00e4t in schwarzer Transporttasche mit langem Schulterriemen. Ausgestattet mit einer Innentasche aus Netz mit Rei\u00dfverschluss und Au\u00dfentaschen. Dediziert f\u00fcr 36 Ger\u00e4te mGuide Pellegrino Easy. Im Lieferumfang mit Kabel und Netzteil.<\/p>\n","protected":false},"excerpt":{"rendered":"<p>Sammel-Ladeger\u00e4t in der Transporttasche f\u00fcr 36 Ger\u00e4te mGuide Pellegrino Easy. Im Lieferumfang mit Kabel und Netzteil.<\/p>\n","protected":false},"featured_media":66251,"template":"","meta":{"_acf_changed":false},"product_brand":[],"product_cat":[6000],"product_tag":[],"class_list":{"0":"post-66347","1":"product","2":"type-product","3":"status-publish","4":"has-post-thumbnail","6":"product_cat-ladegeraete","8":"first","9":"instock","10":"taxable","11":"shipping-taxable","12":"purchasable","13":"product-type-simple"},"acf":[],"_links":{"self":[{"href":"https:\/\/mexpo.eu\/de\/wp-json\/wp\/v2\/product\/66347","targetHints":{"allow":["GET"]}}],"collection":[{"href":"https:\/\/mexpo.eu\/de\/wp-json\/wp\/v2\/product"}],"about":[{"href":"https:\/\/mexpo.eu\/de\/wp-json\/wp\/v2\/types\/product"}],"wp:featuredmedia":[{"embeddable":true,"href":"https:\/\/mexpo.eu\/de\/wp-json\/wp\/v2\/media\/66251"}],"wp:attachment":[{"href":"https:\/\/mexpo.eu\/de\/wp-json\/wp\/v2\/media?parent=66347"}],"wp:term":[{"taxonomy":"product_brand","embeddable":true,"href":"https:\/\/mexpo.eu\/de\/wp-json\/wp\/v2\/product_brand?post=66347"},{"taxonomy":"product_cat","embeddable":true,"href":"https:\/\/mexpo.eu\/de\/wp-json\/wp\/v2\/product_cat?post=66347"},{"taxonomy":"product_tag","embeddable":true,"href":"https:\/\/mexpo.eu\/de\/wp-json\/wp\/v2\/product_tag?post=66347"}],"curies":[{"name":"wp","href":"https:\/\/api.w.org\/{rel}","templated":true}]}}