{"id":66169,"date":"2025-08-05T08:50:26","date_gmt":"2025-08-05T08:50:26","guid":{"rendered":"https:\/\/mexpo.eu\/produkt\/fit-trageband-100-stk\/"},"modified":"2025-10-29T09:42:30","modified_gmt":"2025-10-29T08:42:30","slug":"fit-trageband-100-stk","status":"publish","type":"product","link":"https:\/\/mexpo.eu\/de\/produkt\/fit-trageband-100-stk\/","title":{"rendered":"FIT Schl\u00fcsselb\u00e4nder, 100 St\u00fcck Ersatz (ohne ZK-Clips)"},"content":{"rendered":"<p><b>Leichtes und diskretes wei\u00dfes Schl\u00fcsselband (Lanyard), 80 cm lang.<\/b>\u00a0Aus gewachster Kordel gefertigt, zur Verwendung mit dem ZK-Clip vorgesehen. Ideal f\u00fcr leichte Ger\u00e4te, z. B. die Okayo EarME oder Okayo EarME FIT Empf\u00e4nger.\u00a0<b>Achtung: Dieses Ersatz-Schl\u00fcsselband enth\u00e4lt keine ZK-Clips.<\/b><\/p>\n","protected":false},"excerpt":{"rendered":"<p>Set leichter und dezenter Lanyards f\u00fcr Empf\u00e4nger der Okayo EarME Serie. Zur Verwendung mit dem ZK-Clip.<\/p>\n","protected":false},"featured_media":66163,"template":"","meta":{"_acf_changed":false},"product_brand":[],"product_cat":[5924],"product_tag":[],"class_list":{"0":"post-66169","1":"product","2":"type-product","3":"status-publish","4":"has-post-thumbnail","6":"product_cat-hygiene-de","8":"first","9":"instock","10":"taxable","11":"shipping-taxable","12":"purchasable","13":"product-type-simple"},"acf":[],"_links":{"self":[{"href":"https:\/\/mexpo.eu\/de\/wp-json\/wp\/v2\/product\/66169","targetHints":{"allow":["GET"]}}],"collection":[{"href":"https:\/\/mexpo.eu\/de\/wp-json\/wp\/v2\/product"}],"about":[{"href":"https:\/\/mexpo.eu\/de\/wp-json\/wp\/v2\/types\/product"}],"wp:featuredmedia":[{"embeddable":true,"href":"https:\/\/mexpo.eu\/de\/wp-json\/wp\/v2\/media\/66163"}],"wp:attachment":[{"href":"https:\/\/mexpo.eu\/de\/wp-json\/wp\/v2\/media?parent=66169"}],"wp:term":[{"taxonomy":"product_brand","embeddable":true,"href":"https:\/\/mexpo.eu\/de\/wp-json\/wp\/v2\/product_brand?post=66169"},{"taxonomy":"product_cat","embeddable":true,"href":"https:\/\/mexpo.eu\/de\/wp-json\/wp\/v2\/product_cat?post=66169"},{"taxonomy":"product_tag","embeddable":true,"href":"https:\/\/mexpo.eu\/de\/wp-json\/wp\/v2\/product_tag?post=66169"}],"curies":[{"name":"wp","href":"https:\/\/api.w.org\/{rel}","templated":true}]}}