{"id":64888,"date":"2025-04-04T08:38:47","date_gmt":"2025-04-04T08:38:47","guid":{"rendered":"https:\/\/mexpo.pl\/?post_type=product&#038;p=64888"},"modified":"2025-04-04T09:31:29","modified_gmt":"2025-04-04T09:31:29","slug":"kopfhorer-em-202pu-packung-mit-12-stuck","status":"publish","type":"product","link":"https:\/\/mexpo.eu\/de\/produkt\/kopfhorer-em-202pu-packung-mit-12-stuck\/","title":{"rendered":"Kopfh\u00f6rer EM-202PU (Packung mit 12 St\u00fcck)"},"content":{"rendered":"<p data-sourcepos=\"3:1-3:363\"><strong>Achtung! Die Outlet-Version der Okayo EM-202PU Kopfh\u00f6rer zeichnet sich durch ein anderes Design und einen gewinkelten 3,5-mm-Klinkenstecker aus. Die Kopfh\u00f6rer sind neu und unbenutzt.<\/strong><\/p>\n<p data-sourcepos=\"3:1-3:363\">Leichte und komfortable Okayo EM-202PU Over-Ear-Kopfh\u00f6rer wurden speziell f\u00fcr den Komfort von Teilnehmern an Touren, Konferenzen und anderen touristischen Veranstaltungen entwickelt. Ihr geringes Gewicht von nur 68 g sowie die weichen, ergonomischen Ohrpolster aus \u00d6ko-Leder gew\u00e4hrleisten einen hohen Tragekomfort auch bei mehrst\u00fcndigen F\u00fchrungen und Anwendungen.<\/p>\n<p data-sourcepos=\"5:1-5:402\">sich durch eine Impedanz von 32 Ohm und eine maximale Eingangsleistung von 20 mW aus, was eine klare und deutliche Wiedergabe der \u00fcbertragenen Informationen garantiert. Der standardm\u00e4\u00dfige 3,5-mm-Klinkenstecker sorgt f\u00fcr eine breite Kompatibilit\u00e4t mit verschiedenen Audioger\u00e4ten, die im Tourismus eingesetzt werden, wie z. B. Tourguide-Systeme, Multimedia-Player oder Smartphones.<\/p>\n<p data-sourcepos=\"7:1-7:104\">Das 120 cm lange Kabel bietet Bewegungsfreiheit und minimiert gleichzeitig das Risiko von Verwicklungen.<\/p>\n<p data-sourcepos=\"9:1-9:210\">Die einfache und robuste Konstruktion der Okayo EM-202PU Kopfh\u00f6rer macht sie zur idealen Wahl f\u00fcr Reiseunternehmen und Veranstalter, die eine zuverl\u00e4ssige und wirtschaftliche Audiol\u00f6sung f\u00fcr ihre Kunden suchen.<\/p>\n","protected":false},"excerpt":{"rendered":"<p>Leichte und bequeme Over-Ear-Kopfh\u00f6rer mit Ohrpolstern aus \u00d6koleder. Die Kopfh\u00f6rer sind neu und unbenutzt.<\/p>\n","protected":false},"featured_media":64906,"template":"","meta":{"_acf_changed":false},"product_brand":[],"product_cat":[5930],"product_tag":[],"class_list":{"0":"post-64888","1":"product","2":"type-product","3":"status-publish","4":"has-post-thumbnail","6":"product_cat-outlet-de","8":"first","9":"instock","10":"taxable","11":"shipping-taxable","12":"purchasable","13":"product-type-simple"},"acf":[],"_links":{"self":[{"href":"https:\/\/mexpo.eu\/de\/wp-json\/wp\/v2\/product\/64888","targetHints":{"allow":["GET"]}}],"collection":[{"href":"https:\/\/mexpo.eu\/de\/wp-json\/wp\/v2\/product"}],"about":[{"href":"https:\/\/mexpo.eu\/de\/wp-json\/wp\/v2\/types\/product"}],"wp:featuredmedia":[{"embeddable":true,"href":"https:\/\/mexpo.eu\/de\/wp-json\/wp\/v2\/media\/64906"}],"wp:attachment":[{"href":"https:\/\/mexpo.eu\/de\/wp-json\/wp\/v2\/media?parent=64888"}],"wp:term":[{"taxonomy":"product_brand","embeddable":true,"href":"https:\/\/mexpo.eu\/de\/wp-json\/wp\/v2\/product_brand?post=64888"},{"taxonomy":"product_cat","embeddable":true,"href":"https:\/\/mexpo.eu\/de\/wp-json\/wp\/v2\/product_cat?post=64888"},{"taxonomy":"product_tag","embeddable":true,"href":"https:\/\/mexpo.eu\/de\/wp-json\/wp\/v2\/product_tag?post=64888"}],"curies":[{"name":"wp","href":"https:\/\/api.w.org\/{rel}","templated":true}]}}