{"id":64747,"date":"2025-04-01T11:23:04","date_gmt":"2025-04-01T11:23:04","guid":{"rendered":"https:\/\/mexpo.pl\/produkt\/zs2-netzteil-fuer-ladegeraete\/"},"modified":"2025-04-04T08:40:39","modified_gmt":"2025-04-04T08:40:39","slug":"zs2-netzteil-fuer-ladegeraete","status":"publish","type":"product","link":"https:\/\/mexpo.eu\/de\/produkt\/zs2-netzteil-fuer-ladegeraete\/","title":{"rendered":"ZS2-Netzteil f\u00fcr Ladeger\u00e4te"},"content":{"rendered":"<p>Netzteil mit Kabel passend f\u00fcr folgende Ladeger\u00e4te-Modelle:<\/p>\n<ul>\n<li>EZTour C6\/C12,<\/li>\n<li>EarMe C111\/C222,<\/li>\n<li>OTG C5.<\/li>\n<\/ul>\n","protected":false},"excerpt":{"rendered":"<p>ZS2-Netzteil mit Kabel f\u00fcr Ladeger\u00e4te: EZTour C6\/C12, EarMe C111\/C222, OTG C5.<\/p>\n","protected":false},"featured_media":64742,"template":"","meta":{"_acf_changed":false},"product_brand":[],"product_cat":[6000],"product_tag":[],"class_list":{"0":"post-64747","1":"product","2":"type-product","3":"status-publish","4":"has-post-thumbnail","6":"product_cat-ladegeraete","8":"first","9":"instock","10":"taxable","11":"shipping-taxable","12":"purchasable","13":"product-type-simple"},"acf":[],"_links":{"self":[{"href":"https:\/\/mexpo.eu\/de\/wp-json\/wp\/v2\/product\/64747","targetHints":{"allow":["GET"]}}],"collection":[{"href":"https:\/\/mexpo.eu\/de\/wp-json\/wp\/v2\/product"}],"about":[{"href":"https:\/\/mexpo.eu\/de\/wp-json\/wp\/v2\/types\/product"}],"wp:featuredmedia":[{"embeddable":true,"href":"https:\/\/mexpo.eu\/de\/wp-json\/wp\/v2\/media\/64742"}],"wp:attachment":[{"href":"https:\/\/mexpo.eu\/de\/wp-json\/wp\/v2\/media?parent=64747"}],"wp:term":[{"taxonomy":"product_brand","embeddable":true,"href":"https:\/\/mexpo.eu\/de\/wp-json\/wp\/v2\/product_brand?post=64747"},{"taxonomy":"product_cat","embeddable":true,"href":"https:\/\/mexpo.eu\/de\/wp-json\/wp\/v2\/product_cat?post=64747"},{"taxonomy":"product_tag","embeddable":true,"href":"https:\/\/mexpo.eu\/de\/wp-json\/wp\/v2\/product_tag?post=64747"}],"curies":[{"name":"wp","href":"https:\/\/api.w.org\/{rel}","templated":true}]}}