{"id":64735,"date":"2025-04-01T10:42:20","date_gmt":"2025-04-01T10:42:20","guid":{"rendered":"https:\/\/mexpo.pl\/produkt\/zs1-netzteil-fuer-das-ladegeraet\/"},"modified":"2025-04-04T08:49:09","modified_gmt":"2025-04-04T08:49:09","slug":"zs1-netzteil-fuer-das-ladegeraet","status":"publish","type":"product","link":"https:\/\/mexpo.eu\/de\/produkt\/zs1-netzteil-fuer-das-ladegeraet\/","title":{"rendered":"ZS1 Netzteil f\u00fcr das Ladeger\u00e4t"},"content":{"rendered":"<p>ZS1 Netzteil mit Kabel passend f\u00fcr folgende Ladeger\u00e4temodelle:<\/p>\n<ul>\n<li>HDC-300,<\/li>\n<li>HDC-324,<\/li>\n<li>WaveTalk C12\/C24,<\/li>\n<li>CHG-25,<\/li>\n<li>EZTour C24,<\/li>\n<li>CHG-24.<\/li>\n<\/ul>\n","protected":false},"excerpt":{"rendered":"<p>Netzteil mit Kabel f\u00fcr Ladeger\u00e4te: HDC-300, HDC-324, WaveTalk C12\/C24, CHG-25, EZTour C24, CHG-24.<\/p>\n","protected":false},"featured_media":64718,"template":"","meta":{"_acf_changed":false},"product_brand":[],"product_cat":[6000],"product_tag":[],"class_list":{"0":"post-64735","1":"product","2":"type-product","3":"status-publish","4":"has-post-thumbnail","6":"product_cat-ladegeraete","8":"first","9":"instock","10":"taxable","11":"shipping-taxable","12":"purchasable","13":"product-type-simple"},"acf":[],"_links":{"self":[{"href":"https:\/\/mexpo.eu\/de\/wp-json\/wp\/v2\/product\/64735","targetHints":{"allow":["GET"]}}],"collection":[{"href":"https:\/\/mexpo.eu\/de\/wp-json\/wp\/v2\/product"}],"about":[{"href":"https:\/\/mexpo.eu\/de\/wp-json\/wp\/v2\/types\/product"}],"wp:featuredmedia":[{"embeddable":true,"href":"https:\/\/mexpo.eu\/de\/wp-json\/wp\/v2\/media\/64718"}],"wp:attachment":[{"href":"https:\/\/mexpo.eu\/de\/wp-json\/wp\/v2\/media?parent=64735"}],"wp:term":[{"taxonomy":"product_brand","embeddable":true,"href":"https:\/\/mexpo.eu\/de\/wp-json\/wp\/v2\/product_brand?post=64735"},{"taxonomy":"product_cat","embeddable":true,"href":"https:\/\/mexpo.eu\/de\/wp-json\/wp\/v2\/product_cat?post=64735"},{"taxonomy":"product_tag","embeddable":true,"href":"https:\/\/mexpo.eu\/de\/wp-json\/wp\/v2\/product_tag?post=64735"}],"curies":[{"name":"wp","href":"https:\/\/api.w.org\/{rel}","templated":true}]}}