{"id":64372,"date":"2025-03-11T11:08:00","date_gmt":"2025-03-11T11:08:00","guid":{"rendered":"https:\/\/mexpo.pl\/?post_type=product&#038;p=64372"},"modified":"2025-03-11T12:14:40","modified_gmt":"2025-03-11T12:14:40","slug":"personenfuhrungssystem-okayo-earme-player-sender-mit-audioguide-funktion","status":"publish","type":"product","link":"https:\/\/mexpo.eu\/de\/produkt\/personenfuhrungssystem-okayo-earme-player-sender-mit-audioguide-funktion\/","title":{"rendered":"Personenf\u00fchrungssystem &#8211; Okayo EarME Player Sender mit Audioguide-Funktion"},"content":{"rendered":"<p>Okayo EarME Player \u2013 der lang erwartete Sender mit Audioguide-Wiedergabefunktion, der die Durchf\u00fchrung von F\u00fchrungen und Pr\u00e4sentationen revolutioniert. Dies ist eine ideale L\u00f6sung f\u00fcr Reiseleiter und Piloten, die Informationen auf einfache und effektive Weise vermitteln m\u00f6chten.<\/p>\n<ul>\n<li><strong>Wiedergabe von Aufnahmen:<\/strong> M\u00f6glichkeit, Audioguides, Musik oder andere Aufnahmen aufzunehmen und abzuspielen. Nehmen Sie einfach wiederkehrende Informationen auf und spielen Sie diese der Gruppe im passenden Moment vor, beispielsweise w\u00e4hrend einer Busfahrt.<\/li>\n<li><strong>Intuitive Bedienung:<\/strong> Extrem einfache und intuitive Bedienung, die dem Guide die Arbeit erleichtert.<\/li>\n<li><strong>Professionelle Aufnahmen:<\/strong> M\u00f6glichkeit, mit unserer Hilfe professionelle Aufnahmen anzufertigen, mit Express-Umsetzung und unschlagbaren Kosten. Schicken Sie uns einfach Ihr Aufnahmemanuskript und Sie erhalten innerhalb weniger Tage Ihre fertige Sendung zur\u00fcck.<\/li>\n<li><strong>Vielseitigkeit:<\/strong> M\u00f6glichkeit, Aufnahmen von bestimmten Reisen \u2013 Orte, Denkm\u00e4ler, interessante Fakten \u2013 vorzubereiten und sie Touristen w\u00e4hrend der Reise und Besichtigungstour vorzuspielen.<\/li>\n<li><strong>Kompatibilit\u00e4t:<\/strong> Sowohl Empf\u00e4nger als auch Sender sind abw\u00e4rts- und kreuzkompatibel mit Okayo EarME. Weder das Okayo EarME- noch das Okayo EarME FIT-System erfordern Kopfh\u00f6rer.<\/li>\n<\/ul>\n<p><strong>Nur jetzt beim Kauf eines Sets mit min. 50 Okayo EarME FIT-Empf\u00e4nger und Sie erhalten bis zu 60 Minuten Aufnahmen kostenlos!<\/strong><\/p>\n<p>&nbsp;<\/p>\n","protected":false},"excerpt":{"rendered":"<p>Sender mit Audioguide-Funktion f\u00fcr das Okayo EarME FIT und Okayo EarME Tourguide-System. Es kombiniert die Funktionalit\u00e4t eines herk\u00f6mmlichen Senders mit der M\u00f6glichkeit, Audioinhalte hochzuladen.<\/p>\n","protected":false},"featured_media":64306,"template":"","meta":{"_acf_changed":false},"product_brand":[],"product_cat":[5990],"product_tag":[],"class_list":{"0":"post-64372","1":"product","2":"type-product","3":"status-publish","4":"has-post-thumbnail","6":"product_cat-sender-und-empfaenger","8":"first","9":"instock","10":"taxable","11":"shipping-taxable","12":"purchasable","13":"product-type-simple"},"acf":[],"_links":{"self":[{"href":"https:\/\/mexpo.eu\/de\/wp-json\/wp\/v2\/product\/64372","targetHints":{"allow":["GET"]}}],"collection":[{"href":"https:\/\/mexpo.eu\/de\/wp-json\/wp\/v2\/product"}],"about":[{"href":"https:\/\/mexpo.eu\/de\/wp-json\/wp\/v2\/types\/product"}],"wp:featuredmedia":[{"embeddable":true,"href":"https:\/\/mexpo.eu\/de\/wp-json\/wp\/v2\/media\/64306"}],"wp:attachment":[{"href":"https:\/\/mexpo.eu\/de\/wp-json\/wp\/v2\/media?parent=64372"}],"wp:term":[{"taxonomy":"product_brand","embeddable":true,"href":"https:\/\/mexpo.eu\/de\/wp-json\/wp\/v2\/product_brand?post=64372"},{"taxonomy":"product_cat","embeddable":true,"href":"https:\/\/mexpo.eu\/de\/wp-json\/wp\/v2\/product_cat?post=64372"},{"taxonomy":"product_tag","embeddable":true,"href":"https:\/\/mexpo.eu\/de\/wp-json\/wp\/v2\/product_tag?post=64372"}],"curies":[{"name":"wp","href":"https:\/\/api.w.org\/{rel}","templated":true}]}}