{"id":64356,"date":"2025-03-11T11:07:59","date_gmt":"2025-03-11T11:07:59","guid":{"rendered":"https:\/\/mexpo.pl\/?post_type=product&#038;p=64356"},"modified":"2025-03-11T12:05:25","modified_gmt":"2025-03-11T12:05:25","slug":"personenfuhrungssystem-okayo-earme-fit-sender","status":"publish","type":"product","link":"https:\/\/mexpo.eu\/de\/produkt\/personenfuhrungssystem-okayo-earme-fit-sender\/","title":{"rendered":"Personenf\u00fchrungssystem &#8211; Okayo EarME FIT Sender"},"content":{"rendered":"<p><strong>Sender des Okayo EarME FIT Systems<\/strong> &#8211; Entwickelt, um kristallklare und effiziente Kommunikation bei F\u00fchrungen, Pr\u00e4sentationen und anderen Veranstaltungen zu gew\u00e4hrleisten, die eine reibungslose Informations\u00fcbertragung erfordern.<\/p>\n<ul>\n<li><strong>Effiziente Gruppenverwaltung: <\/strong>Der Sender erm\u00f6glicht eine schnelle und intuitive Gruppierung von Empf\u00e4ngern, das Hinzuf\u00fcgen von Teilnehmern und die Fernsteuerung von Kanalwechseln. Funktionen zur Speicherung von Einstellungen, automatischen Abschaltung und einfachem Gruppenabschaltung vereinfachen die Systemverwaltung erheblich.<\/li>\n<li><strong>Funktionalit\u00e4t: <\/strong>Der Aux-In-Eingang des Senders erm\u00f6glicht den Anschluss externer Audioquellen wie MP3-Playern, Smartphones oder anderen Audioger\u00e4ten. Diese Funktion erweitert die Einsatzm\u00f6glichkeiten des Senders erheblich, erm\u00f6glicht die Integration mit verschiedenen Audioquellen und die Anpassung des Systems an individuelle Benutzerbed\u00fcrfnisse.<\/li>\n<li><strong>Intuitive Bedienung: <\/strong>Das ergonomische Design und die zwei deutlich gekennzeichneten Tasten garantieren eine einfache und intuitive Bedienung.<\/li>\n<li><strong>Stromversorgung und Aufladung: <\/strong>Der eingebaute Lithium-Akku sorgt f\u00fcr einen langen Betrieb des Senders. Es stehen Ladeger\u00e4te mit 12 und 24 Steckpl\u00e4tzen zur Verf\u00fcgung, die das schnelle und effiziente Aufladen mehrerer Ger\u00e4te gleichzeitig erm\u00f6glichen.<\/li>\n<li><strong>Mobilit\u00e4t und Komfort: <\/strong>Kompatible Transporttaschen erleichtern den sicheren und bequemen Transport des Sets.<\/li>\n<li><strong>Zus\u00e4tzliche Funktionen: <\/strong>Die Stummschaltungsfunktion (Mute) erm\u00f6glicht diskrete \u00dcbertragungspausen. Das System speichert bevorzugte Einstellungen und bietet eine automatische Abschaltfunktion, was den Benutzerkomfort erh\u00f6ht.<\/li>\n<\/ul>\n<p>Okayo EarME FIT ist die ideale L\u00f6sung f\u00fcr Reiseleiter, Museen, Produktionsst\u00e4tten, Konferenzzentren und alle anderen Orte, an denen klare und zuverl\u00e4ssige Kommunikation entscheidend ist. Dank seiner Vielseitigkeit, Funktionalit\u00e4t und intuitiven Bedienung bietet der Okayo EarME FIT Sender in jeder Situation eine professionelle und effiziente Kommunikation.<\/p>\n<p><strong>Ladeger\u00e4te:<\/strong><\/p>\n<ul>\n<li><strong>Okayo C111<\/strong> &#8211; Drop-in-Ladeger\u00e4t f\u00fcr 11 Okayo EarME FIT Empf\u00e4nger und 1 Sender<\/li>\n<li><strong>Okayo C222<\/strong> &#8211; Drop-in-Ladeger\u00e4t f\u00fcr 22 Okayo EarME FIT Empf\u00e4nger und 2 Sender<\/li>\n<li><strong>Okayo CHG-111<\/strong> &#8211; Tasche mit Drop-in-Ladeger\u00e4t f\u00fcr 11 Okayo EarME FIT Empf\u00e4nger und 1 Sender<\/li>\n<li><strong>Okayo CHG-222<\/strong> &#8211; Tasche mit Drop-in-Ladeger\u00e4t f\u00fcr 22 Okayo EarME FIT Empf\u00e4nger und 2 Sender<\/li>\n<\/ul>\n","protected":false},"excerpt":{"rendered":"<p>Sender des Okayo EarME FIT Tourguide-Systems ist ideal f\u00fcr die professionelle Kommunikation, insbesondere bei touristischen F\u00fchrungen. Dank intuitiver Bedienung, effizienter Gruppenverwaltung und der M\u00f6glichkeit, externe Audioquellen anzuschlie\u00dfen, gew\u00e4hrleistet er in jeder Situation eine klare und zuverl\u00e4ssige \u00dcbertragung.<\/p>\n","protected":false},"featured_media":64294,"template":"","meta":{"_acf_changed":false},"product_brand":[],"product_cat":[5990],"product_tag":[],"class_list":{"0":"post-64356","1":"product","2":"type-product","3":"status-publish","4":"has-post-thumbnail","6":"product_cat-sender-und-empfaenger","8":"first","9":"instock","10":"taxable","11":"shipping-taxable","12":"purchasable","13":"product-type-simple"},"acf":[],"_links":{"self":[{"href":"https:\/\/mexpo.eu\/de\/wp-json\/wp\/v2\/product\/64356","targetHints":{"allow":["GET"]}}],"collection":[{"href":"https:\/\/mexpo.eu\/de\/wp-json\/wp\/v2\/product"}],"about":[{"href":"https:\/\/mexpo.eu\/de\/wp-json\/wp\/v2\/types\/product"}],"wp:featuredmedia":[{"embeddable":true,"href":"https:\/\/mexpo.eu\/de\/wp-json\/wp\/v2\/media\/64294"}],"wp:attachment":[{"href":"https:\/\/mexpo.eu\/de\/wp-json\/wp\/v2\/media?parent=64356"}],"wp:term":[{"taxonomy":"product_brand","embeddable":true,"href":"https:\/\/mexpo.eu\/de\/wp-json\/wp\/v2\/product_brand?post=64356"},{"taxonomy":"product_cat","embeddable":true,"href":"https:\/\/mexpo.eu\/de\/wp-json\/wp\/v2\/product_cat?post=64356"},{"taxonomy":"product_tag","embeddable":true,"href":"https:\/\/mexpo.eu\/de\/wp-json\/wp\/v2\/product_tag?post=64356"}],"curies":[{"name":"wp","href":"https:\/\/api.w.org\/{rel}","templated":true}]}}