{"id":63807,"date":"2025-02-17T13:39:15","date_gmt":"2025-02-17T13:39:15","guid":{"rendered":"https:\/\/mexpo.pl?post_type=product&#038;p=63807"},"modified":"2025-02-17T15:07:52","modified_gmt":"2025-02-17T15:07:52","slug":"mikrofon-hm-21a","status":"publish","type":"product","link":"https:\/\/mexpo.eu\/de\/produkt\/mikrofon-hm-21a\/","title":{"rendered":"Mikrofon HM-21A"},"content":{"rendered":"<p>Ein einfaches Hinter-dem-Kopf-Mikrofon f\u00fcr komfortablen Gebrauch und hohe Klangqualit\u00e4t.<\/p>\n<p>Das Mikrofon HM-21A nimmt den Ton effektiv aus einer einzigen Quelle auf und reduziert gleichzeitig St\u00f6rungen aus der Umgebung. Das Design ist leicht, was ein angenehmes Tragen auch \u00fcber l\u00e4ngere Zeitr\u00e4ume erm\u00f6glicht. Durch die flexible Mikrofonspitze l\u00e4sst sich die Position pr\u00e4zise an die Bed\u00fcrfnisse des Benutzers anpassen. Ausgestattet mit einem standardm\u00e4\u00dfigen 3,5-mm-Klinkenstecker ist es mit vielen Ger\u00e4ten kompatibel.<\/p>\n<p>Dank seines schlichten und praktischen Designs eignet sich das Mikrofon f\u00fcr vielf\u00e4ltige Einsatzm\u00f6glichkeiten, wie zum Beispiel im Reitunterricht, im Tourismus oder bei Konferenzen.<\/p>\n","protected":false},"excerpt":{"rendered":"<p>Ein einfaches unidirektionales Hinter-dem-Kopf-Mikrofon mit flexibler Spitze.<\/p>\n","protected":false},"featured_media":51928,"template":"","meta":{"_acf_changed":false},"product_brand":[],"product_cat":[5988,5955,5947],"product_tag":[],"class_list":{"0":"post-63807","1":"product","2":"type-product","3":"status-publish","4":"has-post-thumbnail","6":"product_cat-mikrofone-de","7":"product_cat-okayo-c200-de","8":"product_cat-sprechanlagen-fuer-reitsportaktivitaeten","10":"first","11":"instock","12":"taxable","13":"shipping-taxable","14":"purchasable","15":"product-type-simple"},"acf":[],"_links":{"self":[{"href":"https:\/\/mexpo.eu\/de\/wp-json\/wp\/v2\/product\/63807","targetHints":{"allow":["GET"]}}],"collection":[{"href":"https:\/\/mexpo.eu\/de\/wp-json\/wp\/v2\/product"}],"about":[{"href":"https:\/\/mexpo.eu\/de\/wp-json\/wp\/v2\/types\/product"}],"wp:featuredmedia":[{"embeddable":true,"href":"https:\/\/mexpo.eu\/de\/wp-json\/wp\/v2\/media\/51928"}],"wp:attachment":[{"href":"https:\/\/mexpo.eu\/de\/wp-json\/wp\/v2\/media?parent=63807"}],"wp:term":[{"taxonomy":"product_brand","embeddable":true,"href":"https:\/\/mexpo.eu\/de\/wp-json\/wp\/v2\/product_brand?post=63807"},{"taxonomy":"product_cat","embeddable":true,"href":"https:\/\/mexpo.eu\/de\/wp-json\/wp\/v2\/product_cat?post=63807"},{"taxonomy":"product_tag","embeddable":true,"href":"https:\/\/mexpo.eu\/de\/wp-json\/wp\/v2\/product_tag?post=63807"}],"curies":[{"name":"wp","href":"https:\/\/api.w.org\/{rel}","templated":true}]}}