{"id":63769,"date":"2025-02-17T13:38:49","date_gmt":"2025-02-17T13:38:49","guid":{"rendered":"https:\/\/mexpo.pl?post_type=product&#038;p=63769"},"modified":"2025-02-17T15:07:31","modified_gmt":"2025-02-17T15:07:31","slug":"tb-tk-12-transporttasche-mit-schaumstoff","status":"publish","type":"product","link":"https:\/\/mexpo.eu\/de\/produkt\/tb-tk-12-transporttasche-mit-schaumstoff\/","title":{"rendered":"TB-TK-12 Transporttasche mit Schaumstoff"},"content":{"rendered":"<p>Schwarze Transporttasche TB-TK-12 mit Schaumstoff, speziell f\u00fcr Okayo WaveTalk (24 Stk.), Okayo EzTour (12 Stk.) und mGuide GST (12 Stk.). Ausgestattet mit einem Schultergurt, verschlossen mit einem Rei\u00dfverschluss. Im Inneren befindet sich eine zus\u00e4tzliche Netztasche.<\/p>\n","protected":false},"excerpt":{"rendered":"<p>Umh\u00e4ngetasche TB-TK-12 mit Schaumstoff f\u00fcr Okayo WaveTalk (24), Okayo EZtour (12) und mGuide GST (12) Ger\u00e4te.<\/p>\n","protected":false},"featured_media":51829,"template":"","meta":{"_acf_changed":false},"product_brand":[],"product_cat":[5955,5947,5999,5932],"product_tag":[],"class_list":{"0":"post-63769","1":"product","2":"type-product","3":"status-publish","4":"has-post-thumbnail","6":"product_cat-okayo-c200-de","7":"product_cat-sprechanlagen-fuer-reitsportaktivitaeten","8":"product_cat-taschen-und-transportkoffer-de","9":"product_cat-zubehoer-fuer-intercom-systeme","11":"first","12":"instock","13":"taxable","14":"shipping-taxable","15":"purchasable","16":"product-type-simple"},"acf":[],"_links":{"self":[{"href":"https:\/\/mexpo.eu\/de\/wp-json\/wp\/v2\/product\/63769","targetHints":{"allow":["GET"]}}],"collection":[{"href":"https:\/\/mexpo.eu\/de\/wp-json\/wp\/v2\/product"}],"about":[{"href":"https:\/\/mexpo.eu\/de\/wp-json\/wp\/v2\/types\/product"}],"wp:featuredmedia":[{"embeddable":true,"href":"https:\/\/mexpo.eu\/de\/wp-json\/wp\/v2\/media\/51829"}],"wp:attachment":[{"href":"https:\/\/mexpo.eu\/de\/wp-json\/wp\/v2\/media?parent=63769"}],"wp:term":[{"taxonomy":"product_brand","embeddable":true,"href":"https:\/\/mexpo.eu\/de\/wp-json\/wp\/v2\/product_brand?post=63769"},{"taxonomy":"product_cat","embeddable":true,"href":"https:\/\/mexpo.eu\/de\/wp-json\/wp\/v2\/product_cat?post=63769"},{"taxonomy":"product_tag","embeddable":true,"href":"https:\/\/mexpo.eu\/de\/wp-json\/wp\/v2\/product_tag?post=63769"}],"curies":[{"name":"wp","href":"https:\/\/api.w.org\/{rel}","templated":true}]}}