{"id":63754,"date":"2025-02-17T13:38:30","date_gmt":"2025-02-17T13:38:30","guid":{"rendered":"https:\/\/mexpo.pl?post_type=product&#038;p=63754"},"modified":"2025-02-17T15:07:22","modified_gmt":"2025-02-17T15:07:22","slug":"hsm-32pu-headset-mikrofon-headset","status":"publish","type":"product","link":"https:\/\/mexpo.eu\/de\/produkt\/hsm-32pu-headset-mikrofon-headset\/","title":{"rendered":"HSM-32PU Headset (Mikrofon-Headset)"},"content":{"rendered":"<p>Kopf-Headset mit Ger\u00e4uschunterdr\u00fcckungsfunktion. Der flexible Mikrofonarm erm\u00f6glicht die Einstellung und Optimierung der Mikrofonposition.<\/p>\n","protected":false},"excerpt":{"rendered":"<p>Kopf-Headset mit Ger\u00e4uschunterdr\u00fcckungsfunktion. Der flexible Mikrofonarm erm\u00f6glicht die Einstellung und Optimierung der Mikrofonposition.<\/p>\n","protected":false},"featured_media":51799,"template":"","meta":{"_acf_changed":false},"product_brand":[],"product_cat":[5197,5198],"product_tag":[],"class_list":{"0":"post-63754","1":"product","2":"type-product","3":"status-publish","4":"has-post-thumbnail","6":"product_cat-headsets-intercom-systeme","7":"product_cat-headsets-tour-guide-systeme","9":"first","10":"instock","11":"taxable","12":"shipping-taxable","13":"purchasable","14":"product-type-simple"},"acf":[],"_links":{"self":[{"href":"https:\/\/mexpo.eu\/de\/wp-json\/wp\/v2\/product\/63754","targetHints":{"allow":["GET"]}}],"collection":[{"href":"https:\/\/mexpo.eu\/de\/wp-json\/wp\/v2\/product"}],"about":[{"href":"https:\/\/mexpo.eu\/de\/wp-json\/wp\/v2\/types\/product"}],"wp:featuredmedia":[{"embeddable":true,"href":"https:\/\/mexpo.eu\/de\/wp-json\/wp\/v2\/media\/51799"}],"wp:attachment":[{"href":"https:\/\/mexpo.eu\/de\/wp-json\/wp\/v2\/media?parent=63754"}],"wp:term":[{"taxonomy":"product_brand","embeddable":true,"href":"https:\/\/mexpo.eu\/de\/wp-json\/wp\/v2\/product_brand?post=63754"},{"taxonomy":"product_cat","embeddable":true,"href":"https:\/\/mexpo.eu\/de\/wp-json\/wp\/v2\/product_cat?post=63754"},{"taxonomy":"product_tag","embeddable":true,"href":"https:\/\/mexpo.eu\/de\/wp-json\/wp\/v2\/product_tag?post=63754"}],"curies":[{"name":"wp","href":"https:\/\/api.w.org\/{rel}","templated":true}]}}