{"id":63740,"date":"2025-02-17T13:38:28","date_gmt":"2025-02-17T13:38:28","guid":{"rendered":"https:\/\/mexpo.pl?post_type=product&#038;p=63740"},"modified":"2025-02-17T15:07:15","modified_gmt":"2025-02-17T15:07:15","slug":"hsm-31pu-headset-mikrofon-headset","status":"publish","type":"product","link":"https:\/\/mexpo.eu\/de\/produkt\/hsm-31pu-headset-mikrofon-headset\/","title":{"rendered":"HSM-31PU Headset (Mikrofon-Headset)"},"content":{"rendered":"<p>Headset mit Ger\u00e4uschunterdr\u00fcckungsfunktion; wird am Kopf getragen, mit einem einzelnen Ohrh\u00f6rer. Der flexible Mikrofonarm erm\u00f6glicht die Einstellung und Optimierung der Mikrofonposition.<\/p>\n","protected":false},"excerpt":{"rendered":"<p>Headset mit Ger\u00e4uschunterdr\u00fcckungsfunktion; wird am Kopf getragen, mit einem einzelnen Ohrh\u00f6rer. Der flexible Mikrofonarm erm\u00f6glicht die Einstellung und Optimierung der Mikrofonposition.<\/p>\n","protected":false},"featured_media":51761,"template":"","meta":{"_acf_changed":false},"product_brand":[],"product_cat":[5197,5198],"product_tag":[],"class_list":{"0":"post-63740","1":"product","2":"type-product","3":"status-publish","4":"has-post-thumbnail","6":"product_cat-headsets-intercom-systeme","7":"product_cat-headsets-tour-guide-systeme","9":"first","10":"instock","11":"taxable","12":"shipping-taxable","13":"purchasable","14":"product-type-simple"},"acf":[],"_links":{"self":[{"href":"https:\/\/mexpo.eu\/de\/wp-json\/wp\/v2\/product\/63740","targetHints":{"allow":["GET"]}}],"collection":[{"href":"https:\/\/mexpo.eu\/de\/wp-json\/wp\/v2\/product"}],"about":[{"href":"https:\/\/mexpo.eu\/de\/wp-json\/wp\/v2\/types\/product"}],"wp:featuredmedia":[{"embeddable":true,"href":"https:\/\/mexpo.eu\/de\/wp-json\/wp\/v2\/media\/51761"}],"wp:attachment":[{"href":"https:\/\/mexpo.eu\/de\/wp-json\/wp\/v2\/media?parent=63740"}],"wp:term":[{"taxonomy":"product_brand","embeddable":true,"href":"https:\/\/mexpo.eu\/de\/wp-json\/wp\/v2\/product_brand?post=63740"},{"taxonomy":"product_cat","embeddable":true,"href":"https:\/\/mexpo.eu\/de\/wp-json\/wp\/v2\/product_cat?post=63740"},{"taxonomy":"product_tag","embeddable":true,"href":"https:\/\/mexpo.eu\/de\/wp-json\/wp\/v2\/product_tag?post=63740"}],"curies":[{"name":"wp","href":"https:\/\/api.w.org\/{rel}","templated":true}]}}