{"id":63719,"date":"2025-02-17T13:38:07","date_gmt":"2025-02-17T13:38:07","guid":{"rendered":"https:\/\/mexpo.pl?post_type=product&#038;p=63719"},"modified":"2025-02-17T15:07:10","modified_gmt":"2025-02-17T15:07:10","slug":"dt-802a-headset-mikrofon-headset","status":"publish","type":"product","link":"https:\/\/mexpo.eu\/de\/produkt\/dt-802a-headset-mikrofon-headset\/","title":{"rendered":"DT-802A Headset (Mikrofon-Headset)"},"content":{"rendered":"<p>Ein Headset, das speziell f\u00fcr die Benutzer des mGuide DLR-02 entwickelt wurde und einen hervorragenden Empfang sowohl in den Empf\u00e4ngern als auch in den Sendern bietet. Es passt auch zu dem DLR-01-Sender.<br \/>\nDer Kopfh\u00f6rer passt sowohl auf das linke als auch auf das rechte Ohr. Der flexible Mikrofonarm kann weggeknickt werden, wenn das Mikrofon nicht gebraucht wird.<br \/>\nDas Headset ist sehr leicht und bequem zu Tragen.<\/p>\n<p><strong>Hinweis! Das Headset DT-802A funktioniert nur zusammen mit dem mGuide DLR-02 (Sender und Empf\u00e4nger) sowie mit den DLR-01 Sendern. Das DT-802A ist nicht kompatibel mit Okayo-Modellen.<\/strong><\/p>\n","protected":false},"excerpt":{"rendered":"<p>Headset f\u00fcr die mGuide DLR-Modelle; ein leichter und komfortabler, ohrgetragener Kopfh\u00f6rer mit Mikrofon an einem flexiblen Arm, der beste \u00dcbertragungsqualit\u00e4t bietet.<\/p>\n","protected":false},"featured_media":51755,"template":"","meta":{"_acf_changed":false},"product_brand":[],"product_cat":[5197,5198],"product_tag":[],"class_list":{"0":"post-63719","1":"product","2":"type-product","3":"status-publish","4":"has-post-thumbnail","6":"product_cat-headsets-intercom-systeme","7":"product_cat-headsets-tour-guide-systeme","9":"first","10":"instock","11":"taxable","12":"shipping-taxable","13":"purchasable","14":"product-type-simple"},"acf":[],"_links":{"self":[{"href":"https:\/\/mexpo.eu\/de\/wp-json\/wp\/v2\/product\/63719","targetHints":{"allow":["GET"]}}],"collection":[{"href":"https:\/\/mexpo.eu\/de\/wp-json\/wp\/v2\/product"}],"about":[{"href":"https:\/\/mexpo.eu\/de\/wp-json\/wp\/v2\/types\/product"}],"wp:featuredmedia":[{"embeddable":true,"href":"https:\/\/mexpo.eu\/de\/wp-json\/wp\/v2\/media\/51755"}],"wp:attachment":[{"href":"https:\/\/mexpo.eu\/de\/wp-json\/wp\/v2\/media?parent=63719"}],"wp:term":[{"taxonomy":"product_brand","embeddable":true,"href":"https:\/\/mexpo.eu\/de\/wp-json\/wp\/v2\/product_brand?post=63719"},{"taxonomy":"product_cat","embeddable":true,"href":"https:\/\/mexpo.eu\/de\/wp-json\/wp\/v2\/product_cat?post=63719"},{"taxonomy":"product_tag","embeddable":true,"href":"https:\/\/mexpo.eu\/de\/wp-json\/wp\/v2\/product_tag?post=63719"}],"curies":[{"name":"wp","href":"https:\/\/api.w.org\/{rel}","templated":true}]}}