{"id":63695,"date":"2025-02-17T13:37:47","date_gmt":"2025-02-17T13:37:47","guid":{"rendered":"https:\/\/mexpo.pl?post_type=product&#038;p=63695"},"modified":"2025-02-17T15:06:52","modified_gmt":"2025-02-17T15:06:52","slug":"tourguide-system-set-okayo-wt-350d-m-502hdc-324","status":"publish","type":"product","link":"https:\/\/mexpo.eu\/de\/produkt\/tourguide-system-set-okayo-wt-350d-m-502hdc-324\/","title":{"rendered":"Tourguide System Set &#8211; Okayo WT-350D | M+ (50+2+HDC-324)"},"content":{"rendered":"<p><strong>Satz umfasst:<\/strong><\/p>\n<ul>\n<li>50 Empf\u00e4nger Okayo WT-350D R City Jungle Edition<\/li>\n<li>Zwei Sender Okayo WT-350 D T City Jungle Edition<\/li>\n<li>50 Kopfh\u00f6rer der Serie SH*<\/li>\n<li>Zwei EMC-100-Headsets<\/li>\n<li>50 Clips des hygienischen Schl\u00fcsselband-Systems<\/li>\n<li>50 hygienische Schl\u00fcsselb\u00e4nder (Schleifen)<\/li>\n<li>Zwei TBX-2-Transporttaschen<\/li>\n<li>Ein Okayo HDC-324-Ladeger\u00e4t<\/li>\n<li>52 Wiederaufladbare Akkus Everactive Silver Line<\/li>\n<\/ul>\n<p>* Die Wahl des Modells h\u00e4ngt von der Verf\u00fcgbarkeit auf Lager ab.<\/p>\n<p><strong>Okayo WT-350D R City Jungle Edition Empf\u00e4nger<\/strong><\/p>\n<p>Die Empfangseinheit f\u00fcr das digitale Tourguide-System Okayo WT-350D City Jungle Edition ist ein modernes Ger\u00e4t, das den Komfort von F\u00fchrungen auf ein neues Niveau hebt. Ausgestattet mit einer PTT-Taste (Push-To-Talk), erm\u00f6glicht es den Teilnehmern, zu vorbestimmten Zeiten Fragen an den Leiter zu stellen. Dank der M\u00f6glichkeit, den Kanal fern einzustellen, ist dieses Reiseleitersystem nahezu freih\u00e4ndig und garantiert einen reibungslosen Ablauf der Tour. Dar\u00fcber hinaus sorgt der innovative &#8220;Out-of-Range-Alarm&#8221; daf\u00fcr, dass jeder Teilnehmer in der N\u00e4he der Gruppe bleibt, so dass Sicherheit und Komfort w\u00e4hrend der Tour gew\u00e4hrleistet sind.<br \/>\nDer drahtlose Empf\u00e4nger Okayo WT-350D City Jungle Edition in gelb passt perfekt zu dem subtilen, gr\u00fcnen Sender, wobei dem System ein urbaner Charakter verliehen wird.<br \/>\nSet umfasst 50 Empf\u00e4nger mit Gr\u00f6\u00dfe von 63 x 132 x 70 mm. Ein einzelnes Ger\u00e4t wiegt ca. 65 g zusammen mit Akku.<\/p>\n<p><strong>Okayo WT-350D R City Jungle Edition Sender<\/strong><\/p>\n<p>Der Sender f\u00fcr das digitale Tourguide-System Okayo WT-350D City Jungle Edition ist die perfekte L\u00f6sung f\u00fcr alle, die auf moderne Technologien und perfekte Klangqualit\u00e4t Wert legen. Das Ger\u00e4t zeichnet sich durch ein gut lesbares Display, intuitive Dioden und ein eingebautes Mikrofon aus, das f\u00fcr Komfort und Zuverl\u00e4ssigkeit sorgt. Um alle Funktionen nutzen zu k\u00f6nnen und um eine optimale Klangqualit\u00e4t zu erreichen, empfehlen wir den Anschluss eines externen Headsets.<br \/>\nDer drahtlose Sender Okayo WT-350D City Jungle Edition im eleganten, subtilen Gr\u00fcn, zusammen mit dem gelben Empf\u00e4nger, schafft ein von der Stadt inspiriertes Design, das den Stra\u00dfencharakter gut vermittelt.<br \/>\nDas Set umfasst zwei Sender mit Gr\u00f6\u00dfe von 63 x 132 x 70 mm. Ein einzelnes Ger\u00e4t wiegt ca. 65 g zusammen mit Akku.<\/p>\n<p><strong>SH-Serie Kopfh\u00f6rer<\/strong><\/p>\n<p>Die wiederverwendbaren Einohr-Kopfh\u00f6rer der Serie SH sind mit einem leichten B\u00fcgel f\u00fcr das Ohrl\u00e4ppchen ausgestattet, mit dem sich der Kopfh\u00f6rer perfekt an das Ohr des Benutzers anpassen l\u00e4sst. Die Auswahl des spezifischen Kopfh\u00f6rermodells h\u00e4ngt von der Verf\u00fcgbarkeit auf Lager ab.<\/p>\n<p><strong>EMC-100-Headset<\/strong><\/p>\n<p>Das Set umfasst zwei St\u00fcck des EMC-100-Headsets, wobei ein solches Headset ein Krawattenmikrofon mit Kleidungs-Clip sowie einen In-Ohr-Kopfh\u00f6rer auf einem Kunststoff-H\u00e4nger. Die Einheit zeichnet sich durch ihre geringe Gr\u00f6\u00dfe und ein f\u00fcr den Benutzer nicht zu sp\u00fcrbares Gewicht aus. Der In-Ohr-Kopfh\u00f6rer, der den Austausch des Gummipolsters erm\u00f6glicht, sichert stabile \u00dcbertragung.<\/p>\n<p><strong>Hygienisches Schl\u00fcsselband-System (Schleife + Clip)<\/strong><\/p>\n<p>Das Set M+ enth\u00e4lt 50 hygienische Schl\u00fcsselb\u00e4nder mit Clips. Das hygienische Schl\u00fcsselband-System besteht aus einer austauschbaren Baumwollschlaufe und einem abnehmbaren Clip mit Karabiner. Das Schl\u00fcsselband kann leicht abgenommen und durch ein sauberes, unbenutztes ersetzt werden. Dies ist besonders wichtig f\u00fcr Touristen, die auf Hygiene und Komfort w\u00e4hrend ihrer Touren Wert legen.<\/p>\n<p><strong>Transporttasche TBX-2<\/strong><\/p>\n<p>Die Transporttasche TBX-2 wurde speziell f\u00fcr Stadt- und Museumsf\u00fchrer entwickelt. In die Tasche passt das gesamte M-Set (50 Empf\u00e4nger und zwei Sender).<br \/>\nSie ist mit einem abnehmbaren Schultergurt und verstaubaren Riemen ausgestattet, die es erm\u00f6glichen, die Tasche wie einen Rucksack zu tragen \u2013 und bietet auf diese Weise volle Nutzungsfreiheit. Dar\u00fcber hinaus sorgen zwei Griffe \u2013 ein doppelter horizontaler und ein vertikaler \u2013 f\u00fcr Tragekomfort in jeder Situation.<br \/>\nDrei externe Rei\u00dfverschlusstaschen erm\u00f6glichen den einfachen Zugriff auf die Ausr\u00fcstung: Zwei kleinere Taschen auf der Vorderseite sind ideal f\u00fcr kleinere Gegenst\u00e4nde, und die gr\u00f6\u00dfere Tasche auf der R\u00fcckseite eignet sich f\u00fcr Dokumente oder gr\u00f6\u00dferes Zubeh\u00f6r. Im Inneren der Hauptkammer befindet sich ein weiteres, sicheres Rei\u00dfverschlussfach.<br \/>\nDie Tasche hat die Abmessungen 330 x 445 x 75 mm.<\/p>\n<p><strong>Okayo HDC-324 Aufladekoffer<\/strong><\/p>\n<p>Das Set M+ umfasst einen dedizierten, tragbaren Aufladeger\u00e4t in der Form eines robusten und hoch beanspruchbaren Koffers. Der Koffer kann bis zu 24 Einheiten gleichzeitig aufladen.<br \/>\nDas Ladeger\u00e4t hat die Abmessungen 44 x 27,5 x 17 cm und wiegt ca. 5,1 kg zusammen mit dem Netzteil.<\/p>\n<p><strong>Everactive Silver Line wiederaufladbare Akkus<\/strong><\/p>\n<p>Die 52 wiederaufladbaren Akkus von everActive im Set sorgen f\u00fcr hohe Leistung auch unter extremen Bedingungen. Die neue Technologie bedeutet auch eine verbesserte Lebensdauer der Akkus. Die Akkus haben eine maximale Kapazit\u00e4t von 2000 mAh. Ein Akku kann sogar Hunderte von herk\u00f6mmlichen Batterien ersetzen.<\/p>\n","protected":false},"excerpt":{"rendered":"<p>Tourguide-Set mit Ladeger\u00e4t auf Basis des Okayo WT-350D-Systems f\u00fcr F\u00fchrungen von Gruppen von 50 Personen. Die Okayo WT-350D City Jungle Edition ist das erste Two-in-One-Modell, das dank eines einzigen Schalters sowohl unidirektional als auch bidirektional arbeiten kann und den F\u00fchrungsteilnehmern die M\u00f6glichkeit gibt, Fragen zu stellen.<\/p>\n<p>&nbsp;<\/p>\n<p><a href=\"https:\/\/mguide.eu\/wp-content\/uploads\/2024\/08\/DE-Baner.png\"><img loading=\"lazy\" decoding=\"async\" class=\"alignnone size-full wp-image-45225\" src=\"https:\/\/mguide.eu\/wp-content\/uploads\/2024\/08\/DE-Baner.png\" alt=\"\" width=\"630\" height=\"120\" \/><\/a><\/p>\n","protected":false},"featured_media":51734,"template":"","meta":{"_acf_changed":false},"product_brand":[],"product_cat":[5201],"product_tag":[],"class_list":{"0":"post-63695","1":"product","2":"type-product","3":"status-publish","4":"has-post-thumbnail","6":"product_cat-tour-guide-sets-tour-guide-systeme","8":"first","9":"outofstock","10":"taxable","11":"shipping-taxable","12":"purchasable","13":"product-type-simple"},"acf":[],"_links":{"self":[{"href":"https:\/\/mexpo.eu\/de\/wp-json\/wp\/v2\/product\/63695","targetHints":{"allow":["GET"]}}],"collection":[{"href":"https:\/\/mexpo.eu\/de\/wp-json\/wp\/v2\/product"}],"about":[{"href":"https:\/\/mexpo.eu\/de\/wp-json\/wp\/v2\/types\/product"}],"wp:featuredmedia":[{"embeddable":true,"href":"https:\/\/mexpo.eu\/de\/wp-json\/wp\/v2\/media\/51734"}],"wp:attachment":[{"href":"https:\/\/mexpo.eu\/de\/wp-json\/wp\/v2\/media?parent=63695"}],"wp:term":[{"taxonomy":"product_brand","embeddable":true,"href":"https:\/\/mexpo.eu\/de\/wp-json\/wp\/v2\/product_brand?post=63695"},{"taxonomy":"product_cat","embeddable":true,"href":"https:\/\/mexpo.eu\/de\/wp-json\/wp\/v2\/product_cat?post=63695"},{"taxonomy":"product_tag","embeddable":true,"href":"https:\/\/mexpo.eu\/de\/wp-json\/wp\/v2\/product_tag?post=63695"}],"curies":[{"name":"wp","href":"https:\/\/api.w.org\/{rel}","templated":true}]}}