{"id":63654,"date":"2025-02-17T13:37:23","date_gmt":"2025-02-17T13:37:23","guid":{"rendered":"https:\/\/mexpo.pl?post_type=product&#038;p=63654"},"modified":"2025-02-17T15:06:43","modified_gmt":"2025-02-17T15:06:43","slug":"okayo-wt-350d","status":"publish","type":"product","link":"https:\/\/mexpo.eu\/de\/produkt\/okayo-wt-350d\/","title":{"rendered":"Okayo WT-350D"},"content":{"rendered":"<p>Der Okayo WT-350D City Jungle Edition ist der digitale Nachfolger des analogen Modells WT-350. Dieses neueste System bew\u00e4hrt sich bestens im Tourismus, denn es wurde mit allen Funktionen ausgestattet, die f\u00fcr die Touren-F\u00fchrung notwendig sind. Dar\u00fcber hinaus \u00fcberrascht es mit neuen, bisher nicht verf\u00fcgbaren Optionen und einem modernen, urbanen Design.<\/p>\n<p>Dies ist das erste Zwei-in-Einem-Modell! Auf einfache Weise, mit nur einem Schalter, k\u00f6nnen Sie den Gruppenmitgliedern erlauben, zu bestimmten Zeiten zu sprechen, wodurch es zu einem bidirektionalen Kommunikationssystem wird. Sowohl der Sender als auch der Empf\u00e4nger haben eingebaute Mikrofone.<\/p>\n<p>Digitale \u00dcbertragung \u2013 Neue M\u00f6glichkeiten<br \/>\nDank der Verwendung von digitaler statt analoger \u00dcbertragung verf\u00fcgt das neueste Tourguide-System nicht nur \u00fcber mehr Kan\u00e4le, sondern bietet den Benutzern auch neue M\u00f6glichkeiten. Mit Ihrem Sender kann man den Kanal fern \u00e4ndern oder, falls erforderlich, die Leistung des Ger\u00e4ts erh\u00f6hen, um eine bessere Reichweite zu erzielen.<\/p>\n<p>Einfachheit des Einsatzes<br \/>\nDas drahtlose Kommunikationssystem Okayo WT-350D City Jungle Edition wurde mit einem gut lesbaren Bildschirm mit Batterieanzeige sowie mit Informationsdioden ausgestattet. Au\u00dferdem ist das Ger\u00e4t dank gro\u00dfer, gut sichtbarer Tasten sehr leicht und einfach zu bedienen. Bei diesem Modell l\u00e4sst sich auch die Lautst\u00e4rke regeln, so dass wir immer sicher sein k\u00f6nnen, dass uns jeder Nutzer gut h\u00f6rt.<\/p>\n<p>Modernes, universales Design<br \/>\nDas Okayo WT-350D City Jungle Edition verf\u00fcgt \u00fcber ein robustes, sicheres Geh\u00e4use, das sowohl \u00e4sthetisch wie langlebig ist und mit dem Akku nur 65 g wiegt. Das Modell ist in ged\u00e4mpften Farben erh\u00e4ltlich: gr\u00fcn (Sender) und gelb (Empf\u00e4nger), was ihm einen einzigartigen, urbanen Charakter verleiht. Unser neuestes Tourguide-System ist die perfekte Mischung von Modernit\u00e4t und Funktionalit\u00e4t.<br \/>\nDar\u00fcber hinaus wurde der Okayo WT-350D mit der HAC-Funktion ausgestattet, die es Personen mit H\u00f6rger\u00e4ten erm\u00f6glicht, nahtlos an den F\u00fchrungen teilzunehmen. Die HAC-Funktion erm\u00f6glicht die drahtlose Ton\u00fcbertragung an die H\u00f6rger\u00e4te, wodurch Hintergrundger\u00e4usche eliminiert werden und ein klarer, deutlicher Klang gew\u00e4hrleistet wird. Dadurch wird das Tourguide-System f\u00fcr H\u00f6rgesch\u00e4digte wesentlich benutzerfreundlicher und funktioneller, was die Erfahrung und den Komfort bei F\u00fchrungen verbessert.<\/p>\n<p>Eigenschaften des Okayo WT-350D:<\/p>\n<p>&#8211; Digitale \u00dcbertragung<br \/>\n&#8211; 44 Kan\u00e4le<br \/>\n&#8211; Batterie-Einsatzzeit: &gt; 15 Stunden (Sender), &gt; 20 Stunden (Empf\u00e4nger)<br \/>\n&#8211; HAC-Funktion<br \/>\n&#8211; optimale Reichweite (bis zu 100 m in Blickachse)<br \/>\n&#8211; kompakte Abmessungen (63 x 132 x 70 mm), niedriges Gewicht (ca. 65 g mit Batterie)<br \/>\n&#8211; modernes Design, Geh\u00e4use gegen Schmutz und Sch\u00e4den best\u00e4ndig<br \/>\n&#8211; Bildschirm mit Batterieanzeige<br \/>\n&#8211; Einbau-Mikrofon in Sender und Empf\u00e4nger<br \/>\n&#8211; Zwei-in-Einem-System \u2013 Option des Ein- und Ausschaltens der Talk-Back-Funktion (bidirektionale Gespr\u00e4che) aus dem Sender<br \/>\n&#8211; Versorgung: eine AA-Batterie oder ein NiMH-Akku<\/p>\n","protected":false},"excerpt":{"rendered":"<p>Der Okayo WT-350D City Jungle Edition ist der digitale Nachfolger des analogen Modells WT-350. Dieses neueste System bew\u00e4hrt sich bestens im Tourismus, denn es wurde mit allen Funktionen ausgestattet, die f\u00fcr die Touren-F\u00fchrung notwendig sind. Dar\u00fcber hinaus \u00fcberrascht es mit neuen, bisher nicht verf\u00fcgbaren Optionen und einem modernen, urbanen Design.<\/p>\n","protected":false},"featured_media":63660,"template":"","meta":{"_acf_changed":false},"product_brand":[],"product_cat":[5989],"product_tag":[],"class_list":{"0":"post-63654","1":"product","2":"type-product","3":"status-publish","4":"has-post-thumbnail","6":"product_cat-modelle-de","8":"first","9":"instock","10":"taxable","11":"shipping-taxable","12":"product-type-grouped"},"acf":[],"_links":{"self":[{"href":"https:\/\/mexpo.eu\/de\/wp-json\/wp\/v2\/product\/63654","targetHints":{"allow":["GET"]}}],"collection":[{"href":"https:\/\/mexpo.eu\/de\/wp-json\/wp\/v2\/product"}],"about":[{"href":"https:\/\/mexpo.eu\/de\/wp-json\/wp\/v2\/types\/product"}],"wp:featuredmedia":[{"embeddable":true,"href":"https:\/\/mexpo.eu\/de\/wp-json\/wp\/v2\/media\/63660"}],"wp:attachment":[{"href":"https:\/\/mexpo.eu\/de\/wp-json\/wp\/v2\/media?parent=63654"}],"wp:term":[{"taxonomy":"product_brand","embeddable":true,"href":"https:\/\/mexpo.eu\/de\/wp-json\/wp\/v2\/product_brand?post=63654"},{"taxonomy":"product_cat","embeddable":true,"href":"https:\/\/mexpo.eu\/de\/wp-json\/wp\/v2\/product_cat?post=63654"},{"taxonomy":"product_tag","embeddable":true,"href":"https:\/\/mexpo.eu\/de\/wp-json\/wp\/v2\/product_tag?post=63654"}],"curies":[{"name":"wp","href":"https:\/\/api.w.org\/{rel}","templated":true}]}}