{"id":63647,"date":"2025-02-17T13:37:22","date_gmt":"2025-02-17T13:37:22","guid":{"rendered":"https:\/\/mexpo.pl?post_type=product&#038;p=63647"},"modified":"2025-08-05T09:51:23","modified_gmt":"2025-08-05T09:51:23","slug":"personenfuhrungssystem-okayo-wt-350d-empfanger","status":"publish","type":"product","link":"https:\/\/mexpo.eu\/de\/produkt\/personenfuhrungssystem-okayo-wt-350d-empfanger\/","title":{"rendered":"Personenf\u00fchrungssystem &#8211; Okayo WT-350D Empf\u00e4nger"},"content":{"rendered":"<p>Der Empf\u00e4nger f\u00fcr das digitale Tourguide-System Okayo WT-350D City Jungle Edition. Das Ger\u00e4t ist mit einer PTT-Taste (Push-To-Talk) ausgestattet, die es den G\u00e4sten erm\u00f6glicht, zu einer vom Leiter festgelegten Zeit Fragen zu stellen.<\/p>\n<p>Der digitale Kommunikationsempf\u00e4nger Okayo WT-350D City Jungle in Gelb passt gut zu dem ged\u00e4mpften, gr\u00fcnen Sender und verleiht dem System gleichzeitig eine urbane Ausstrahlung.<\/p>\n<p>Um den Bed\u00fcrfnissen und Erwartungen der Kunden Rechnung zu tragen, ist das Reiseleitersystem dank des ferngesteuerten Kanalwechsels auf der Empf\u00e4ngerseite praktisch freih\u00e4ndig. Dar\u00fcber hinaus wird der Gast durch einen &#8220;Reichweite-Alarm&#8221; benachrichtigt, wenn er sich zu weit von der Gruppe entfernt, sofern er sich f\u00fcr diese Option entscheidet.<\/p>\n<p>Eigenschaften des Okayo WT-350D:<\/p>\n<p>&#8211; Digitale \u00dcbertragung<br \/>\n&#8211; 44 Kan\u00e4le<br \/>\n&#8211; Batterie-Einsatzzeit: &gt; 15 Stunden (Sender), &gt; 20 Stunden (Empf\u00e4nger)<br \/>\n&#8211; HAC-Funktion<br \/>\n&#8211; optimale Reichweite (bis zu 100 m in Blickachse)<br \/>\n&#8211; kompakte Abmessungen (63 x 132 x 70 mm), niedriges Gewicht (ca. 65 g mit Batterie)<br \/>\n&#8211; modernes Design, Geh\u00e4use gegen Schmutz und Sch\u00e4den best\u00e4ndig<br \/>\n&#8211; Bildschirm mit Batterieanzeige<br \/>\n&#8211; Einbau-Mikrofon in Sender und Empf\u00e4nger<br \/>\n&#8211; Zwei-in-Einem-System \u2013 Option des Ein- und Ausschaltens der Talk-Back-Funktion (bidirektionale Gespr\u00e4che) aus dem Sender<br \/>\n&#8211; Versorgung: eine AA-Batterie oder ein NiMH-Akku.<\/p>\n<p><span style=\"color: #800000;\">Das Modell Okayo WT-350D City Jungle Edition ist nicht mit dem analogen Modell Okayo WT-350 kompatibel.<\/span><\/p>\n<p>Einsatz:<br \/>\nDas digitale Tourguide-System Okayo WT-350D wurde speziell f\u00fcr die Tourismusbranche entwickelt, in der einfache Bedienung und h\u00f6chste Tonqualit\u00e4t besonders wichtig sind.<\/p>\n","protected":false},"excerpt":{"rendered":"<p>Der Empf\u00e4nger f\u00fcr das Okayo WT-350D Tourguide-System. Der digitale Nachfolger des analogen Modells WT-350 mit zus\u00e4tzlichen Funktionen ohne Aufpreis. Das Ger\u00e4t wurde mit einem gut lesbaren Bildschirm und Anzeigedioden ausgestattet. Dank seines geringen Gewichts und der langen Batterie-Arbeitszeit wird es sich z. B. in der Tourismusbranche bestens bew\u00e4hren.<\/p>\n","protected":false},"featured_media":60714,"template":"","meta":{"_acf_changed":false},"product_brand":[],"product_cat":[5990],"product_tag":[],"class_list":{"0":"post-63647","1":"product","2":"type-product","3":"status-publish","4":"has-post-thumbnail","6":"product_cat-sender-und-empfaenger","8":"first","9":"outofstock","10":"taxable","11":"shipping-taxable","12":"purchasable","13":"product-type-simple"},"acf":[],"_links":{"self":[{"href":"https:\/\/mexpo.eu\/de\/wp-json\/wp\/v2\/product\/63647","targetHints":{"allow":["GET"]}}],"collection":[{"href":"https:\/\/mexpo.eu\/de\/wp-json\/wp\/v2\/product"}],"about":[{"href":"https:\/\/mexpo.eu\/de\/wp-json\/wp\/v2\/types\/product"}],"wp:featuredmedia":[{"embeddable":true,"href":"https:\/\/mexpo.eu\/de\/wp-json\/wp\/v2\/media\/60714"}],"wp:attachment":[{"href":"https:\/\/mexpo.eu\/de\/wp-json\/wp\/v2\/media?parent=63647"}],"wp:term":[{"taxonomy":"product_brand","embeddable":true,"href":"https:\/\/mexpo.eu\/de\/wp-json\/wp\/v2\/product_brand?post=63647"},{"taxonomy":"product_cat","embeddable":true,"href":"https:\/\/mexpo.eu\/de\/wp-json\/wp\/v2\/product_cat?post=63647"},{"taxonomy":"product_tag","embeddable":true,"href":"https:\/\/mexpo.eu\/de\/wp-json\/wp\/v2\/product_tag?post=63647"}],"curies":[{"name":"wp","href":"https:\/\/api.w.org\/{rel}","templated":true}]}}