{"id":63629,"date":"2025-02-17T13:37:20","date_gmt":"2025-02-17T13:37:20","guid":{"rendered":"https:\/\/mexpo.pl?post_type=product&#038;p=63629"},"modified":"2025-02-17T15:06:32","modified_gmt":"2025-02-17T15:06:32","slug":"sp-1-sportliche-schultertasche","status":"publish","type":"product","link":"https:\/\/mexpo.eu\/de\/produkt\/sp-1-sportliche-schultertasche\/","title":{"rendered":"SP-1 Sportliche Schultertasche"},"content":{"rendered":"<p>Neoprenh\u00fclle mit verstellbarem Schultergurt. Es hat 2 Rei\u00dfverschlusstaschen und einen Kopfh\u00f6rerausgang.<\/p>\n","protected":false},"excerpt":{"rendered":"<p>Neoprenh\u00fclle mit verstellbarem Schultergurt. Es hat 2 Rei\u00dfverschlusstaschen und einen Kopfh\u00f6rerausgang.<\/p>\n","protected":false},"featured_media":51689,"template":"","meta":{"_acf_changed":false},"product_brand":[],"product_cat":[5262],"product_tag":[],"class_list":{"0":"post-63629","1":"product","2":"type-product","3":"status-publish","4":"has-post-thumbnail","6":"product_cat-sonstiges-zubehor","8":"first","9":"instock","10":"taxable","11":"shipping-taxable","12":"purchasable","13":"product-type-simple"},"acf":[],"_links":{"self":[{"href":"https:\/\/mexpo.eu\/de\/wp-json\/wp\/v2\/product\/63629","targetHints":{"allow":["GET"]}}],"collection":[{"href":"https:\/\/mexpo.eu\/de\/wp-json\/wp\/v2\/product"}],"about":[{"href":"https:\/\/mexpo.eu\/de\/wp-json\/wp\/v2\/types\/product"}],"wp:featuredmedia":[{"embeddable":true,"href":"https:\/\/mexpo.eu\/de\/wp-json\/wp\/v2\/media\/51689"}],"wp:attachment":[{"href":"https:\/\/mexpo.eu\/de\/wp-json\/wp\/v2\/media?parent=63629"}],"wp:term":[{"taxonomy":"product_brand","embeddable":true,"href":"https:\/\/mexpo.eu\/de\/wp-json\/wp\/v2\/product_brand?post=63629"},{"taxonomy":"product_cat","embeddable":true,"href":"https:\/\/mexpo.eu\/de\/wp-json\/wp\/v2\/product_cat?post=63629"},{"taxonomy":"product_tag","embeddable":true,"href":"https:\/\/mexpo.eu\/de\/wp-json\/wp\/v2\/product_tag?post=63629"}],"curies":[{"name":"wp","href":"https:\/\/api.w.org\/{rel}","templated":true}]}}