{"id":63586,"date":"2025-02-17T13:36:40","date_gmt":"2025-02-17T13:36:40","guid":{"rendered":"https:\/\/mexpo.pl?post_type=product&#038;p=63586"},"modified":"2025-02-17T15:06:23","modified_gmt":"2025-02-17T15:06:23","slug":"hi-end-headset-emc-206","status":"publish","type":"product","link":"https:\/\/mexpo.eu\/de\/produkt\/hi-end-headset-emc-206\/","title":{"rendered":"Hi-End-Headset EMC-206"},"content":{"rendered":"<p>Das Headset erm\u00f6glicht dem Benutzer, in einer lauten Umgebung zu sprechen und andere Gruppenmitglieder zu h\u00f6ren. Verstellbare Ohrmuscheln, Kopfb\u00fcgel und Mikrofon bieten dem Benutzer eine komfortable Nutzung des Headsets.<\/p>\n","protected":false},"excerpt":{"rendered":"<p>Verstellbare Ohrmuscheln, Kopfb\u00fcgel und Mikrofon bieten dem Benutzer eine komfortable Nutzung des Headsets.<\/p>\n","protected":false},"featured_media":51665,"template":"","meta":{"_acf_changed":false},"product_brand":[],"product_cat":[5197],"product_tag":[],"class_list":{"0":"post-63586","1":"product","2":"type-product","3":"status-publish","4":"has-post-thumbnail","6":"product_cat-headsets-intercom-systeme","8":"first","9":"instock","10":"taxable","11":"shipping-taxable","12":"purchasable","13":"product-type-simple"},"acf":[],"_links":{"self":[{"href":"https:\/\/mexpo.eu\/de\/wp-json\/wp\/v2\/product\/63586","targetHints":{"allow":["GET"]}}],"collection":[{"href":"https:\/\/mexpo.eu\/de\/wp-json\/wp\/v2\/product"}],"about":[{"href":"https:\/\/mexpo.eu\/de\/wp-json\/wp\/v2\/types\/product"}],"wp:featuredmedia":[{"embeddable":true,"href":"https:\/\/mexpo.eu\/de\/wp-json\/wp\/v2\/media\/51665"}],"wp:attachment":[{"href":"https:\/\/mexpo.eu\/de\/wp-json\/wp\/v2\/media?parent=63586"}],"wp:term":[{"taxonomy":"product_brand","embeddable":true,"href":"https:\/\/mexpo.eu\/de\/wp-json\/wp\/v2\/product_brand?post=63586"},{"taxonomy":"product_cat","embeddable":true,"href":"https:\/\/mexpo.eu\/de\/wp-json\/wp\/v2\/product_cat?post=63586"},{"taxonomy":"product_tag","embeddable":true,"href":"https:\/\/mexpo.eu\/de\/wp-json\/wp\/v2\/product_tag?post=63586"}],"curies":[{"name":"wp","href":"https:\/\/api.w.org\/{rel}","templated":true}]}}