{"id":63580,"date":"2025-02-17T13:36:39","date_gmt":"2025-02-17T13:36:39","guid":{"rendered":"https:\/\/mexpo.pl?post_type=product&#038;p=63580"},"modified":"2025-02-17T15:06:19","modified_gmt":"2025-02-17T15:06:19","slug":"mguide-gst-g3-sprechanlage-fur-horeca-zusatzliches-radio-fur-eqs-4-ski-1-velo-1-sets","status":"publish","type":"product","link":"https:\/\/mexpo.eu\/de\/produkt\/mguide-gst-g3-sprechanlage-fur-horeca-zusatzliches-radio-fur-eqs-4-ski-1-velo-1-sets\/","title":{"rendered":"mGuide GST G3 &#8211; Sprechanlage f\u00fcr Horeca | zus\u00e4tzliches Radio f\u00fcr EQS-4, SKI-1, VELO-1 Sets"},"content":{"rendered":"<p>Pers\u00f6nliches Funkger\u00e4t f\u00fcr HORECA-Mitarbeiter: Kellner und K\u00fcchenhilfen, Reinigungskr\u00e4fte, Security.<\/p>\n<p>Der mGuide GST ist ein drahtloses Kommunikationssystem, das die Kommunikation verbessert und die Arbeitsabl\u00e4ufe in der HORECA-Branche erleichtert.<\/p>\n<p>Der mGuide GST eignet sich z. B. f\u00fcr die Kommunikation zwischen:<\/p>\n<ul>\n<li>der K\u00fcche oder der Essensausgabe und der Bedienung im Restaurant.<\/li>\n<li>Kellnern und Hilfskr\u00e4ften, z. B. bei verschiedenen Veranstaltungen.<\/li>\n<li>dem Ma\u00eetre und dem Personal bei der Bewirtung oder bei Empf\u00e4ngen.<\/li>\n<li>Hotelrezeption, Reinigungs- und Sicherheitspersonal.<\/li>\n<\/ul>\n","protected":false},"excerpt":{"rendered":"<p>Pers\u00f6nliches Funkger\u00e4t f\u00fcr HORECA-Mitarbeiter: Kellner und K\u00fcchenhilfen, Reinigungskr\u00e4fte, Security.<\/p>\n","protected":false},"featured_media":51345,"template":"","meta":{"_acf_changed":false},"product_brand":[],"product_cat":[5961,5972,5944,5947,5967],"product_tag":[],"class_list":{"0":"post-63580","1":"product","2":"type-product","3":"status-publish","4":"has-post-thumbnail","6":"product_cat-mguide-gst-de","7":"product_cat-sprechanlagen-fuer-den-radsport","8":"product_cat-sprechanlagen-fuer-die-gastronomie-horeca","9":"product_cat-sprechanlagen-fuer-reitsportaktivitaeten","10":"product_cat-sprechanlagen-fuer-skifahren","12":"first","13":"instock","14":"taxable","15":"shipping-taxable","16":"purchasable","17":"product-type-simple"},"acf":[],"_links":{"self":[{"href":"https:\/\/mexpo.eu\/de\/wp-json\/wp\/v2\/product\/63580","targetHints":{"allow":["GET"]}}],"collection":[{"href":"https:\/\/mexpo.eu\/de\/wp-json\/wp\/v2\/product"}],"about":[{"href":"https:\/\/mexpo.eu\/de\/wp-json\/wp\/v2\/types\/product"}],"wp:featuredmedia":[{"embeddable":true,"href":"https:\/\/mexpo.eu\/de\/wp-json\/wp\/v2\/media\/51345"}],"wp:attachment":[{"href":"https:\/\/mexpo.eu\/de\/wp-json\/wp\/v2\/media?parent=63580"}],"wp:term":[{"taxonomy":"product_brand","embeddable":true,"href":"https:\/\/mexpo.eu\/de\/wp-json\/wp\/v2\/product_brand?post=63580"},{"taxonomy":"product_cat","embeddable":true,"href":"https:\/\/mexpo.eu\/de\/wp-json\/wp\/v2\/product_cat?post=63580"},{"taxonomy":"product_tag","embeddable":true,"href":"https:\/\/mexpo.eu\/de\/wp-json\/wp\/v2\/product_tag?post=63580"}],"curies":[{"name":"wp","href":"https:\/\/api.w.org\/{rel}","templated":true}]}}