{"id":63560,"date":"2025-02-17T13:36:17","date_gmt":"2025-02-17T13:36:17","guid":{"rendered":"https:\/\/mexpo.pl?post_type=product&#038;p=63560"},"modified":"2025-02-17T15:06:09","modified_gmt":"2025-02-17T15:06:09","slug":"reiseleiter-set-mguide-dlr-02-l-58-2","status":"publish","type":"product","link":"https:\/\/mexpo.eu\/de\/produkt\/reiseleiter-set-mguide-dlr-02-l-58-2\/","title":{"rendered":"Reiseleiter-Set mGuide DLR-02 | L (58 + 2)"},"content":{"rendered":"<p><strong>Set umfasst:<\/strong><\/p>\n<ul>\n<li>58 x DLR-02P<\/li>\n<li>2 x DLR-02L<\/li>\n<li>58 x Headset ELM-01<\/li>\n<li>2 x Headset EHR-03S<\/li>\n<li>1 x CB-20x<\/li>\n<li>1 x CB-40x<\/li>\n<\/ul>\n<p><strong>Set UMFASST KEINE Trageb\u00e4nder. <\/strong><\/p>\n<p>Das System mGuide DLR-02 ist ein digitales, bidirektionales System, das bei der Frequenz von 2,4 GHz arbeitet.<\/p>\n<p>Dieses Frequenzband ist weltweit lizenzfrei benutzbar, und dessen Einsatz erm\u00f6glicht die Kommunikation auf jedem Kontinent. Reiseleiter verf\u00fcgen ab sofort \u00fcber ein einzelnes Werkzeug, das alle Reiserouten bedienen kann, wobei der Kaufbedarf \u00fcber diverse Systeme f\u00fcr die unterschiedlichen Orte abgeschafft wird.<\/p>\n<p>Der Duplex-Modus erm\u00f6glicht nicht nur ein Gespr\u00e4ch zwischen Leiter und Teilnehmer, sondern bietet eine M\u00f6glichkeit der freien, uneingeschr\u00e4nkten Konversation miteinander. Dies stellt die perfekte L\u00f6sung dar f\u00fcr alle, die Fragen bei einer F\u00fchrung stellen wollten!<\/p>\n<p>Dank der Aux-In-Buchse kann zus\u00e4tzlich eine externe Tonquelle angeschlossen werden, sodass Hintergrundmusik eingespielt oder die Stille, wenn der Leiter nicht spricht, ersetzt werden kann.<\/p>\n<p>Das System mGuide DLR-02 ist mit dem bisherigen, unidirektionalen Modell, dem mGuide DLR-01, vollst\u00e4ndig kompatibel, die Ausstattung und Zusatzger\u00e4te k\u00f6nnen miteinander frei kombiniert werden.<\/p>\n<p>Das System verf\u00fcgt \u00fcber eine Drei-Jahre-Garantie.<\/p>\n<p><strong>Eigenschaften des mGuide DLR-02:<\/strong><\/p>\n<ul>\n<li>Betrieb bei der Frequenz von 2,4 GHz, weltweit lizenzfrei nutzbar.<\/li>\n<li>Bidirektionale Kommunikation zwischen zwei Einheiten, wobei andere Benutzer gleichzeitig lauschen k\u00f6nnen.<\/li>\n<li>Hohe, digitale Tonqualit\u00e4t.<\/li>\n<li>Einstellungsm\u00f6glichkeit einer der f\u00fcnf Stufen der Mikrofonempfindlichkeit; Aux-In-Buchse f\u00fcr Hintergrundmusik.<\/li>\n<li>M\u00f6glichkeit des Belauschens des Leiters zusammen mit frei ausgew\u00e4hlter Hintergrundmusik oder mit sonstigen Klangeffekten.<\/li>\n<li>Einmalig einfache Konfiguration in nur drei Stufen; benutzerfreundliche Funktionen.<\/li>\n<li>Klar lesbare LCD-Anzeige.<\/li>\n<li>Reichweite in Sichtlinie bis zu 150 m.<\/li>\n<li>Kompakte Abmessungen von 50 x 88 x 16,5 mm.<\/li>\n<li>Bequemes Drop-In-Aufladesystem oder USB-Aufladen m\u00f6glich.<\/li>\n<\/ul>\n<p><strong>Der Sender des Systems mGuide DLR-02L<\/strong><\/p>\n<p>Der Sender des Systems mGuide DLR-02L, arbeitet als Leiter innerhalb des bidirektionalen Reiseleitersystems mGuide DLR-02. Das Ger\u00e4t arbeitet mit der weltweit lizenzfreien Frequenz von 2,4 GHz. Das Ger\u00e4t hat eine LCD-Anzeige, eine Aux-In-Buchse, unterst\u00fctzt Drop-In-Aufladen, hat auch eine USB-C-Buchse und erm\u00f6glicht die Anpassung der Mikrofonempfindlichkeit.<br \/>\nAbmessungen: 50\u00a0 x 88 x 16,5 mm<br \/>\nGewicht: 65 g<\/p>\n<p><strong>Der Empf\u00e4nger des Systems mGuide DLR-02P<\/strong><\/p>\n<p>Der Empf\u00e4nger des Reiseleitsystems, mGuide DLR-02P, arbeitet als Teilnehmer innerhalb des bidirektionalen Reiseleitersystems mGuide DLR-02. Das Ger\u00e4t arbeitet mit der weltweit lizenzfreien Frequenz von 2,4 GHz. Es verf\u00fcgt \u00fcber eine klar lesbare LCD-Anzeige, unterst\u00fctzt Drop-In-Aufladen und hat ferner eine USB-C-Buchse.<br \/>\nAbmessungen: 50\u00a0 x 88 x 16,5 mm<br \/>\nGewicht: 65 g<\/p>\n<p><strong>EHR-03S Kopfh\u00f6rer- und Mikrofonsatz (Headset)<\/strong><\/p>\n<p>Kopfh\u00f6rer- und Mikrofonsatz mit Nackenb\u00fcgel f\u00fcr das linke Ohr. Der Headset ist leicht, flexibel, und hat ein einstellbares Mikrofon. Eignet sich perfekt f\u00fcr Schulungen, Sportveranstaltungen, Reiseleitung.<\/p>\n<p><strong>ELM-01<\/strong><\/p>\n<p>Eignet sich perfekt f\u00fcr Schulungen, Sportveranstaltungen, Reiseleitung. Set umfasst weitere austauschbare Ohrpolster und eine Klammer, damit man den Kabel an der Kleidung sichern kann.<\/p>\n<p><strong>Tragekoffer-Aufladeger\u00e4t CB-20x<\/strong><\/p>\n<p>Sonder-Tragekoffer und Aufladeger\u00e4t f\u00fcr 20 Ger\u00e4te des Systems mguide DLR-02. Satz umfasst Netzteil und Kabel. Die Empf\u00e4nger und Sender werden in Taschen im Koffer gelegt. Die Aufladezeit von null bis zur vollst\u00e4ndigen Aufladung betr\u00e4gt ca. 5,5 Std.<br \/>\nAbmessungen: 540 x 285 x 150 mm<br \/>\nGewicht: ca. 5 kg<\/p>\n<p><strong>Tragekoffer-Aufladeger\u00e4t CB-40x<\/strong><\/p>\n<p>Sonder-Tragekoffer und Aufladeger\u00e4t f\u00fcr 40 Ger\u00e4te des Systems mGuide DLR-02. Satz umfasst Netzteil und Kabel. Die Empf\u00e4nger und Sender werden in Taschen im Koffer gelegt. Die Aufladezeit von null bis zur vollst\u00e4ndigen Aufladung betr\u00e4gt ca. 5,5 Std.<br \/>\nAbmessungen: 630 x 420 x 150 mm<br \/>\nGewicht: ca. 6 kg<\/p>\n","protected":false},"excerpt":{"rendered":"<p>Gro\u00dfer Reiseleitungs-Set, bestehend aus dem mGuide DLR-02-System f\u00fcr eine Gruppe von 58 Personen mit einem Leiter oder mit zwei Leitern. Das System arbeitet mit dem internationalen Frequenzband von 2,4 GHz, das auf allen Kontinenten verf\u00fcgbar ist. Der Satz umfasst zwei Tragekoffer, die auch als tragbare Aufladeger\u00e4te fungieren. Darin sind auch die erforderlichen Headsets zu finden.<\/p>\n","protected":false},"featured_media":48467,"template":"","meta":{"_acf_changed":false},"product_brand":[],"product_cat":[5201],"product_tag":[],"class_list":{"0":"post-63560","1":"product","2":"type-product","3":"status-publish","4":"has-post-thumbnail","6":"product_cat-tour-guide-sets-tour-guide-systeme","8":"first","9":"instock","10":"taxable","11":"shipping-taxable","12":"purchasable","13":"product-type-simple"},"acf":[],"_links":{"self":[{"href":"https:\/\/mexpo.eu\/de\/wp-json\/wp\/v2\/product\/63560","targetHints":{"allow":["GET"]}}],"collection":[{"href":"https:\/\/mexpo.eu\/de\/wp-json\/wp\/v2\/product"}],"about":[{"href":"https:\/\/mexpo.eu\/de\/wp-json\/wp\/v2\/types\/product"}],"wp:featuredmedia":[{"embeddable":true,"href":"https:\/\/mexpo.eu\/de\/wp-json\/wp\/v2\/media\/48467"}],"wp:attachment":[{"href":"https:\/\/mexpo.eu\/de\/wp-json\/wp\/v2\/media?parent=63560"}],"wp:term":[{"taxonomy":"product_brand","embeddable":true,"href":"https:\/\/mexpo.eu\/de\/wp-json\/wp\/v2\/product_brand?post=63560"},{"taxonomy":"product_cat","embeddable":true,"href":"https:\/\/mexpo.eu\/de\/wp-json\/wp\/v2\/product_cat?post=63560"},{"taxonomy":"product_tag","embeddable":true,"href":"https:\/\/mexpo.eu\/de\/wp-json\/wp\/v2\/product_tag?post=63560"}],"curies":[{"name":"wp","href":"https:\/\/api.w.org\/{rel}","templated":true}]}}