{"id":63539,"date":"2025-02-17T13:35:56","date_gmt":"2025-02-17T13:35:56","guid":{"rendered":"https:\/\/mexpo.pl?post_type=product&#038;p=63539"},"modified":"2025-02-17T15:05:53","modified_gmt":"2025-02-17T15:05:53","slug":"mguide-dlr-02","status":"publish","type":"product","link":"https:\/\/mexpo.eu\/de\/produkt\/mguide-dlr-02\/","title":{"rendered":"mGuide DLR-02"},"content":{"rendered":"<p>Das System mGuide DLR-02 ist ein digitales, bidirektionales System, das bei der Frequenz von 2,4 GHz arbeitet.<\/p>\n<p>Dieses Frequenzband ist weltweit lizenzfrei benutzbar, und dessen Einsatz erm\u00f6glicht die Kommunikation auf jedem Kontinent. Reiseleiter verf\u00fcgen ab sofort \u00fcber ein einzelnes Werkzeug, das alle Reiserouten bedienen kann, wobei der Kaufbedarf \u00fcber diverse Systeme f\u00fcr die unterschiedlichen Orte abgeschafft wird.<\/p>\n<p>Der Duplex-Modus erm\u00f6glicht nicht nur ein Gespr\u00e4ch zwischen Leiter und Teilnehmer, sondern bietet eine M\u00f6glichkeit der freien, uneingeschr\u00e4nkten Konversation miteinander. Dies stellt die perfekte L\u00f6sung dar f\u00fcr alle, die Fragen bei einer F\u00fchrung stellen wollten!<\/p>\n<p>Dank der Aux-In-Buchse kann zus\u00e4tzlich eine externe Tonquelle angeschlossen werden, sodass Hintergrundmusik eingespielt oder die Stille, wenn der Leiter nicht spricht, ersetzt werden kann.<\/p>\n<p>Das System mGuide DLR-02 ist mit dem bisherigen, unidirektionalen Modell, dem mGuide DLR-01, vollst\u00e4ndig kompatibel, die Ausstattung und Zusatzger\u00e4te k\u00f6nnen miteinander frei kombiniert werden.<\/p>\n<p>Das System verf\u00fcgt \u00fcber eine Drei-Jahre-Garantie.<\/p>\n","protected":false},"excerpt":{"rendered":"<p>Ein digitales, bidirektionales Reiseleitersystem, der bei der Frequenz von 2,4 GHz (keine Lizenz auf keinem Kontinent der Welt erforderlich) arbeitet. Das System mGuide DLR-02 ist mit dem unidirektionalen Modell mGuide DLR-01 kompatibel. Dieses Reiseleitersystem eignet sich perfekt f\u00fcr Tourismus und Business.<\/p>\n","protected":false},"featured_media":60609,"template":"","meta":{"_acf_changed":false},"product_brand":[],"product_cat":[5989],"product_tag":[],"class_list":{"0":"post-63539","1":"product","2":"type-product","3":"status-publish","4":"has-post-thumbnail","6":"product_cat-modelle-de","8":"first","9":"instock","10":"taxable","11":"shipping-taxable","12":"product-type-grouped"},"acf":[],"_links":{"self":[{"href":"https:\/\/mexpo.eu\/de\/wp-json\/wp\/v2\/product\/63539","targetHints":{"allow":["GET"]}}],"collection":[{"href":"https:\/\/mexpo.eu\/de\/wp-json\/wp\/v2\/product"}],"about":[{"href":"https:\/\/mexpo.eu\/de\/wp-json\/wp\/v2\/types\/product"}],"wp:featuredmedia":[{"embeddable":true,"href":"https:\/\/mexpo.eu\/de\/wp-json\/wp\/v2\/media\/60609"}],"wp:attachment":[{"href":"https:\/\/mexpo.eu\/de\/wp-json\/wp\/v2\/media?parent=63539"}],"wp:term":[{"taxonomy":"product_brand","embeddable":true,"href":"https:\/\/mexpo.eu\/de\/wp-json\/wp\/v2\/product_brand?post=63539"},{"taxonomy":"product_cat","embeddable":true,"href":"https:\/\/mexpo.eu\/de\/wp-json\/wp\/v2\/product_cat?post=63539"},{"taxonomy":"product_tag","embeddable":true,"href":"https:\/\/mexpo.eu\/de\/wp-json\/wp\/v2\/product_tag?post=63539"}],"curies":[{"name":"wp","href":"https:\/\/api.w.org\/{rel}","templated":true}]}}