{"id":63532,"date":"2025-02-17T13:35:55","date_gmt":"2025-02-17T13:35:55","guid":{"rendered":"https:\/\/mexpo.pl?post_type=product&#038;p=63532"},"modified":"2025-02-17T15:05:52","modified_gmt":"2025-02-17T15:05:52","slug":"personenfuhrungssystem-mguide-dlr-02-sender","status":"publish","type":"product","link":"https:\/\/mexpo.eu\/de\/produkt\/personenfuhrungssystem-mguide-dlr-02-sender\/","title":{"rendered":"Personenf\u00fchrungssystem &#8211; mGuide DLR-02 Sender"},"content":{"rendered":"<p>Sendeger\u00e4t f\u00fcr das Reiseleitsystem mGuide DLR-02. Das Ger\u00e4t zeichnet sich durch hohe Tonqualit\u00e4t aus<\/p>\n<p>Zur Vereinfachung der Bedienung verf\u00fcgt das Sendeger\u00e4t \u00fcber eine klar lesbare LCD-Anzeige.<\/p>\n<p>Das Ger\u00e4t ist sofort betriebsbereit. Einfach ausgew\u00e4hlten Headset an das Sendeger\u00e4t anschlie\u00dfen, einschalten und ausgew\u00e4hlte Gruppen (Kanal)-Nummer ausw\u00e4hlen.<\/p>\n<p>Dank der eingebauten Aux-In-Buchse kann zus\u00e4tzlich an den Sender eine externe Tonquelle angeschlossen werden, sodass Hintergrundmusik eingespielt oder die Stille, wenn der Leiter nicht spricht, ersetzt werden kann.<\/p>\n<p>Der Sender des Systems mGuide DLR-02L verf\u00fcgt \u00fcber Aufladekontakte, damit die Ger\u00e4te in einem gro\u00dfen Aufladekoffer des Typs CB-20x oder CB-40x aufgeladen werden k\u00f6nnen. Sonst verf\u00fcgt das Ger\u00e4t \u00fcber einen USB-C-Anschluss, damit es mit einem USB-C-Kabel aufgeladen werden kann.<\/p>\n","protected":false},"excerpt":{"rendered":"<p>Sender f\u00fcr das digitale Tourguide-System f\u00fcr Gruppenf\u00fchrungen. Das mGuide DLR-01 Tour Guide System wird in den Bereichen Tourismus, Wirtschaft, Industrie und Dolmetschen eingesetzt. Das mGuide DLR arbeitet im weltweit lizenzfreien 2,4 GHz-Band und kann somit auf allen Kontinenten eingesetzt werden. Erw\u00e4hnenswert sind die geringe Gr\u00f6\u00dfe und das geringe Gewicht des Senders. Garantie: Drei Jahre.<\/p>\n","protected":false},"featured_media":60585,"template":"","meta":{"_acf_changed":false},"product_brand":[],"product_cat":[5990],"product_tag":[],"class_list":{"0":"post-63532","1":"product","2":"type-product","3":"status-publish","4":"has-post-thumbnail","6":"product_cat-sender-und-empfaenger","8":"first","9":"instock","10":"taxable","11":"shipping-taxable","12":"purchasable","13":"product-type-simple"},"acf":[],"_links":{"self":[{"href":"https:\/\/mexpo.eu\/de\/wp-json\/wp\/v2\/product\/63532","targetHints":{"allow":["GET"]}}],"collection":[{"href":"https:\/\/mexpo.eu\/de\/wp-json\/wp\/v2\/product"}],"about":[{"href":"https:\/\/mexpo.eu\/de\/wp-json\/wp\/v2\/types\/product"}],"wp:featuredmedia":[{"embeddable":true,"href":"https:\/\/mexpo.eu\/de\/wp-json\/wp\/v2\/media\/60585"}],"wp:attachment":[{"href":"https:\/\/mexpo.eu\/de\/wp-json\/wp\/v2\/media?parent=63532"}],"wp:term":[{"taxonomy":"product_brand","embeddable":true,"href":"https:\/\/mexpo.eu\/de\/wp-json\/wp\/v2\/product_brand?post=63532"},{"taxonomy":"product_cat","embeddable":true,"href":"https:\/\/mexpo.eu\/de\/wp-json\/wp\/v2\/product_cat?post=63532"},{"taxonomy":"product_tag","embeddable":true,"href":"https:\/\/mexpo.eu\/de\/wp-json\/wp\/v2\/product_tag?post=63532"}],"curies":[{"name":"wp","href":"https:\/\/api.w.org\/{rel}","templated":true}]}}