{"id":63525,"date":"2025-02-17T13:35:54","date_gmt":"2025-02-17T13:35:54","guid":{"rendered":"https:\/\/mexpo.pl?post_type=product&#038;p=63525"},"modified":"2025-02-17T15:05:45","modified_gmt":"2025-02-17T15:05:45","slug":"personenfuhrungsanlage-mguide-dlr-02-empfanger","status":"publish","type":"product","link":"https:\/\/mexpo.eu\/de\/produkt\/personenfuhrungsanlage-mguide-dlr-02-empfanger\/","title":{"rendered":"Personenf\u00fchrungsanlage &#8211; mGuide DLR-02 Empf\u00e4nger"},"content":{"rendered":"<p>Der Empf\u00e4nger des Reiseleitsystems mGuide DLR-02P. Das Ger\u00e4t zeichnet sich durch hohe Tonqualit\u00e4t aus.<\/p>\n<p>Der Empf\u00e4nger hat zur Vereinfachung der Bedienung eine klar lesbare LCD-Anzeige.<\/p>\n<p>Das Ger\u00e4t ist sofort betriebsbereit. Einfach den ausgew\u00e4hlten Headset an den Empf\u00e4nger anschlie\u00dfen, einschalten und ausgew\u00e4hlte Gruppen (Kanal)-Nummer ausw\u00e4hlen.<\/p>\n<p>Der Empf\u00e4nger des Reiseleitsystems, mGuide DLR-02P, verf\u00fcgt \u00fcber Aufladekontakte, damit die Ger\u00e4te in einem gro\u00dfen Aufladekoffer des Typs CB-20x oder CB-40x aufgeladen werden k\u00f6nnen. Sonst verf\u00fcgt das Ger\u00e4t \u00fcber einen USB-C-Anschluss, damit es mit einem USB-C-Kabel aufgeladen werden kann.<\/p>\n<p>Das mGuide DLR-02 ist ein digitales, bidirektionales System, das mit der Frequenz von 2,4 GHz arbeitet.<\/p>\n<p>Dieses Frequenzband ist weltweit lizenzfrei benutzbar, und dessen Einsatz erm\u00f6glicht die Kommunikation auf jedem Kontinent. Reiseleiter verf\u00fcgen ab sofort \u00fcber ein einzelnes Werkzeug, das alle Reiserouten bedienen kann, wobei der Kaufbedarf \u00fcber diverse Systeme f\u00fcr die unterschiedlichen Orte abgeschafft wird.<\/p>\n<p>Das System verf\u00fcgt \u00fcber eine Drei-Jahre-Garantie.<\/p>\n","protected":false},"excerpt":{"rendered":"<p>Der Empf\u00e4nger des Reiseleitsystems, mGuide DLR-02P, arbeitet als Gast- oder Teilnehmerger\u00e4t innerhalb des bidirektionalen Reiseleitersystems mGuide DLR-02. Das System mGuide DLR-02 ist mit dem unidirektionalen Modell mGuide DLR-01 kompatibel. Dieses Reiseleitersystem eignet sich perfekt f\u00fcr Tourismus und Business.<\/p>\n","protected":false},"featured_media":60537,"template":"","meta":{"_acf_changed":false},"product_brand":[],"product_cat":[5990],"product_tag":[],"class_list":{"0":"post-63525","1":"product","2":"type-product","3":"status-publish","4":"has-post-thumbnail","6":"product_cat-sender-und-empfaenger","8":"first","9":"instock","10":"taxable","11":"shipping-taxable","12":"purchasable","13":"product-type-simple"},"acf":[],"_links":{"self":[{"href":"https:\/\/mexpo.eu\/de\/wp-json\/wp\/v2\/product\/63525","targetHints":{"allow":["GET"]}}],"collection":[{"href":"https:\/\/mexpo.eu\/de\/wp-json\/wp\/v2\/product"}],"about":[{"href":"https:\/\/mexpo.eu\/de\/wp-json\/wp\/v2\/types\/product"}],"wp:featuredmedia":[{"embeddable":true,"href":"https:\/\/mexpo.eu\/de\/wp-json\/wp\/v2\/media\/60537"}],"wp:attachment":[{"href":"https:\/\/mexpo.eu\/de\/wp-json\/wp\/v2\/media?parent=63525"}],"wp:term":[{"taxonomy":"product_brand","embeddable":true,"href":"https:\/\/mexpo.eu\/de\/wp-json\/wp\/v2\/product_brand?post=63525"},{"taxonomy":"product_cat","embeddable":true,"href":"https:\/\/mexpo.eu\/de\/wp-json\/wp\/v2\/product_cat?post=63525"},{"taxonomy":"product_tag","embeddable":true,"href":"https:\/\/mexpo.eu\/de\/wp-json\/wp\/v2\/product_tag?post=63525"}],"curies":[{"name":"wp","href":"https:\/\/api.w.org\/{rel}","templated":true}]}}