{"id":63505,"date":"2025-02-17T13:35:34","date_gmt":"2025-02-17T13:35:34","guid":{"rendered":"https:\/\/mexpo.pl?post_type=product&#038;p=63505"},"modified":"2026-04-02T14:19:30","modified_gmt":"2026-04-02T12:19:30","slug":"einweg-kopfhorer-sj-7","status":"publish","type":"product","link":"https:\/\/mexpo.eu\/de\/produkt\/einweg-kopfhorer-sj-7\/","title":{"rendered":"Einweg-Kopfh\u00f6rer SJ-7"},"content":{"rendered":"<p><img loading=\"lazy\" decoding=\"async\" class=\"alignnone size-full wp-image-68522\" src=\"https:\/\/mexpo.eu\/wp-content\/uploads\/2025\/02\/ikona-rohs.png\" alt=\"\" width=\"32\" height=\"32\" \/> RoHS-konform \u2013 hergestellt ohne sch\u00e4dliche Substanzen. Ihre Gesundheit und der Schutz unseres Planeten liegen uns am Herzen!<\/p>\n<p>In-Ear-Kopfh\u00f6rer SJ-7, verkabelt, f\u00fcr ein Ohr bestimmt, mit einem weichen Gummiaufsatz.<\/p>\n<p>Sie haben einen 10 mm Lautsprecher. Sie sind mit einem doppelten 3,5-mm-Pin (Standard 3,5-mm-Klinkenstecker) versehen. Die Kabell\u00e4nge betr\u00e4gt 120 cm.<\/p>\n<p>Jeder Kopfh\u00f6rer ist in einem versiegelten Beutel verpackt, der Hygiene und Erstgebrauch gew\u00e4hrleistet. Die Kopfh\u00f6rer sind in Blau erh\u00e4ltlich.<\/p>\n","protected":false},"excerpt":{"rendered":"<p>Kabelgebundene einzelne (f\u00fcr 1 Ohr) In-Ear-Kopfh\u00f6rer SJ-7 mit weichem Gummiaufsatz in blauer Farbe.<\/p>\n","protected":false},"featured_media":51584,"template":"","meta":{"_acf_changed":false},"product_brand":[],"product_cat":[5994,5996],"product_tag":[],"class_list":{"0":"post-63505","1":"product","2":"type-product","3":"status-publish","4":"has-post-thumbnail","6":"product_cat-hygiene-kopfhoerer-einwegkopfhoerer","7":"product_cat-hygiene-kopfhoerer-einwegkopfhoerer-de","9":"first","10":"instock","11":"taxable","12":"shipping-taxable","13":"purchasable","14":"product-type-variable"},"acf":[],"_links":{"self":[{"href":"https:\/\/mexpo.eu\/de\/wp-json\/wp\/v2\/product\/63505","targetHints":{"allow":["GET"]}}],"collection":[{"href":"https:\/\/mexpo.eu\/de\/wp-json\/wp\/v2\/product"}],"about":[{"href":"https:\/\/mexpo.eu\/de\/wp-json\/wp\/v2\/types\/product"}],"wp:featuredmedia":[{"embeddable":true,"href":"https:\/\/mexpo.eu\/de\/wp-json\/wp\/v2\/media\/51584"}],"wp:attachment":[{"href":"https:\/\/mexpo.eu\/de\/wp-json\/wp\/v2\/media?parent=63505"}],"wp:term":[{"taxonomy":"product_brand","embeddable":true,"href":"https:\/\/mexpo.eu\/de\/wp-json\/wp\/v2\/product_brand?post=63505"},{"taxonomy":"product_cat","embeddable":true,"href":"https:\/\/mexpo.eu\/de\/wp-json\/wp\/v2\/product_cat?post=63505"},{"taxonomy":"product_tag","embeddable":true,"href":"https:\/\/mexpo.eu\/de\/wp-json\/wp\/v2\/product_tag?post=63505"}],"curies":[{"name":"wp","href":"https:\/\/api.w.org\/{rel}","templated":true}]}}